{"id":7306,"date":"2025-09-15T12:22:08","date_gmt":"2025-09-15T10:22:08","guid":{"rendered":"https:\/\/didoc.be\/?post_type=product&#038;p=7306"},"modified":"2025-10-01T10:18:10","modified_gmt":"2025-10-01T08:18:10","slug":"apres-le-mariage","status":"publish","type":"product","link":"https:\/\/didoc.be\/fr\/product\/apres-le-mariage\/","title":{"rendered":"Apr\u00e8s le mariage"},"content":{"rendered":"<p>Les quatre cordes du coeur pour faire cro\u00eetre le lien conjugal<\/p>\n<p>Tout homme a un coeur de fils, de fr\u00e8re, d&rsquo;\u00e9poux et de p\u00e8re, comme toute femme a un coeur de fille, de soeur, d&rsquo;\u00e9pouse et de m\u00e8re. La saintet\u00e9 consiste \u00e0 aimer de tout notre coeur Dieu et notre prochain en faisant vibrer, de fa\u00e7on pleine et juste, ces quatre cordes du coeur. Et non seulement la saintet\u00e9, mais aussi notre bonheur ici-bas. Nos malheurs ne proviennent-ils pas pour une bonne part de fausses notes, voire de graves de\u00b4saccords dans nos relations, qu&rsquo;il s&rsquo;agisse d&rsquo;une rupture avec un enfant, d&rsquo;une profonde me\u00b4sentente a` l&rsquo;inte\u00b4rieur de notre fratrie, d&rsquo;une crise conjugale, d&rsquo;un ce\u00b4libat non choisi ou de difficulte\u00b4s avec sa belle-famille ?<br \/>\nR\u00e9pondant aux situations les plus concr\u00e8tes de nos vies en s&rsquo;appuyant sur l&rsquo;enseignement de saint Paul VI, de saint Jean-Paul II, de Benoi^t XVI et du pape Franc\u00b8ois, ce livre nous donne le courage et la confiance n\u00e9cessaires pour r\u00e9accorder notre coeur. Nous pourrons ainsi entrevoir ce que nous sommes pour Dieu : il nous aime comme des fils, il s&rsquo;est fait notre fr\u00e8re en J\u00e9sus, et il nous rassemble en une \u00e9pouse, l&rsquo;\u00c9glise. Jouer le mieux possible l&rsquo;amour filial, fraternel, conjugal, paternel ou maternel, c&rsquo;est go\u00fbter l&rsquo;harmonie que nous vivrons en pl\u00e9nitude au Ciel !<\/p>\n<p><strong>P\u00e8re Louis<\/strong>, moine b\u00e9n\u00e9dictin et pr\u00eatre, a assur\u00e9 de nombreuses formations et pr\u00e9parations au mariage pour les jeunes et les couples.<\/p>\n","protected":false},"excerpt":{"rendered":"<p>Les quatre cordes du coeur pour faire cro\u00eetre le lien conjugal Tout homme a un coeur de fils, de fr\u00e8re, d&rsquo;\u00e9poux et de p\u00e8re, comme toute femme a un coeur de fille, de soeur, d&rsquo;\u00e9pouse et de m\u00e8re. La saintet\u00e9 consiste \u00e0 aimer de tout notre coeur Dieu et notre prochain en faisant vibrer, de [&hellip;]<\/p>\n","protected":false},"featured_media":7307,"comment_status":"closed","ping_status":"closed","template":"","meta":{"inline_featured_image":false},"product_brand":[],"product_cat":[50,49,55],"product_tag":[],"class_list":{"0":"post-7306","1":"product","2":"type-product","3":"status-publish","4":"has-post-thumbnail","6":"product_cat-francais","7":"product_cat-livres","8":"product_cat-nouveau","9":"pa_auteur-pere-louis","11":"first","12":"instock","13":"taxable","14":"shipping-taxable","15":"purchasable","16":"product-type-simple"},"acf":[],"_links":{"self":[{"href":"https:\/\/didoc.be\/fr\/wp-json\/wp\/v2\/product\/7306","targetHints":{"allow":["GET"]}}],"collection":[{"href":"https:\/\/didoc.be\/fr\/wp-json\/wp\/v2\/product"}],"about":[{"href":"https:\/\/didoc.be\/fr\/wp-json\/wp\/v2\/types\/product"}],"replies":[{"embeddable":true,"href":"https:\/\/didoc.be\/fr\/wp-json\/wp\/v2\/comments?post=7306"}],"wp:featuredmedia":[{"embeddable":true,"href":"https:\/\/didoc.be\/fr\/wp-json\/wp\/v2\/media\/7307"}],"wp:attachment":[{"href":"https:\/\/didoc.be\/fr\/wp-json\/wp\/v2\/media?parent=7306"}],"wp:term":[{"taxonomy":"product_brand","embeddable":true,"href":"https:\/\/didoc.be\/fr\/wp-json\/wp\/v2\/product_brand?post=7306"},{"taxonomy":"product_cat","embeddable":true,"href":"https:\/\/didoc.be\/fr\/wp-json\/wp\/v2\/product_cat?post=7306"},{"taxonomy":"product_tag","embeddable":true,"href":"https:\/\/didoc.be\/fr\/wp-json\/wp\/v2\/product_tag?post=7306"}],"curies":[{"name":"wp","href":"https:\/\/api.w.org\/{rel}","templated":true}]}}