{"id":7289,"date":"2025-09-08T11:04:52","date_gmt":"2025-09-08T09:04:52","guid":{"rendered":"https:\/\/didoc.be\/?post_type=product&#038;p=7289"},"modified":"2025-09-08T13:27:37","modified_gmt":"2025-09-08T11:27:37","slug":"aimer-la-messe-ephata","status":"publish","type":"product","link":"https:\/\/didoc.be\/fr\/product\/aimer-la-messe-ephata\/","title":{"rendered":"Aimer la messe &#8211; Ephata"},"content":{"rendered":"<p>Anim\u00e9s par l\u2019amour de l\u2019eucharistie, source et sommet de la vie chr\u00e9tienne, ou simplement curieux devant son d\u00e9roulement, combien de fois avons-nous regrett\u00e9 de ne pas avoir de r\u00e9ponses \u00e0 nos propres interrogations ?<\/p>\n<p>Cet ouvrage r\u00e9pond exactement \u00e0 cette attente. Avec simplicit\u00e9 et profondeur, il d\u00e9crit tous les gestes liturgiques et les explique. Il offre au lecteur un guide des \u00abattitudes spirituelles\u00bb \u00e0 d\u00e9velopper au cours de l\u2019eucharistie. \u00c0 la fois guide pratique cat\u00e9ch\u00e9tique et spirituel, c\u2019est un livre pr\u00e9cieux pour aimer la messe.<\/p>\n","protected":false},"excerpt":{"rendered":"<p>Anim\u00e9s par l\u2019amour de l\u2019eucharistie, source et sommet de la vie chr\u00e9tienne, ou simplement curieux devant son d\u00e9roulement, combien de fois avons-nous regrett\u00e9 de ne pas avoir de r\u00e9ponses \u00e0 nos propres interrogations ? Cet ouvrage r\u00e9pond exactement \u00e0 cette attente. Avec simplicit\u00e9 et profondeur, il d\u00e9crit tous les gestes liturgiques et les explique. Il [&hellip;]<\/p>\n","protected":false},"featured_media":7294,"comment_status":"closed","ping_status":"closed","template":"","meta":{"inline_featured_image":false},"product_brand":[],"product_cat":[50,49],"product_tag":[],"class_list":{"0":"post-7289","1":"product","2":"type-product","3":"status-publish","4":"has-post-thumbnail","6":"product_cat-francais","7":"product_cat-livres","8":"pa_auteur-didier-van-havre-fr","10":"first","11":"onbackorder","12":"featured","13":"taxable","14":"shipping-taxable","15":"purchasable","16":"product-type-simple"},"acf":[],"_links":{"self":[{"href":"https:\/\/didoc.be\/fr\/wp-json\/wp\/v2\/product\/7289","targetHints":{"allow":["GET"]}}],"collection":[{"href":"https:\/\/didoc.be\/fr\/wp-json\/wp\/v2\/product"}],"about":[{"href":"https:\/\/didoc.be\/fr\/wp-json\/wp\/v2\/types\/product"}],"replies":[{"embeddable":true,"href":"https:\/\/didoc.be\/fr\/wp-json\/wp\/v2\/comments?post=7289"}],"wp:featuredmedia":[{"embeddable":true,"href":"https:\/\/didoc.be\/fr\/wp-json\/wp\/v2\/media\/7294"}],"wp:attachment":[{"href":"https:\/\/didoc.be\/fr\/wp-json\/wp\/v2\/media?parent=7289"}],"wp:term":[{"taxonomy":"product_brand","embeddable":true,"href":"https:\/\/didoc.be\/fr\/wp-json\/wp\/v2\/product_brand?post=7289"},{"taxonomy":"product_cat","embeddable":true,"href":"https:\/\/didoc.be\/fr\/wp-json\/wp\/v2\/product_cat?post=7289"},{"taxonomy":"product_tag","embeddable":true,"href":"https:\/\/didoc.be\/fr\/wp-json\/wp\/v2\/product_tag?post=7289"}],"curies":[{"name":"wp","href":"https:\/\/api.w.org\/{rel}","templated":true}]}}