{"id":7262,"date":"2025-09-07T18:25:03","date_gmt":"2025-09-07T16:25:03","guid":{"rendered":"https:\/\/didoc.be\/?post_type=product&#038;p=7262"},"modified":"2025-10-01T10:17:16","modified_gmt":"2025-10-01T08:17:16","slug":"refonder-les-droits-de-lhomme","status":"publish","type":"product","link":"https:\/\/didoc.be\/fr\/product\/refonder-les-droits-de-lhomme\/","title":{"rendered":"Refonder les droits de l&rsquo;homme"},"content":{"rendered":"<p>L\u2019\u00eatre humain en tant qu\u2019\u00eatre fait d\u2019os et de chair, d\u2019\u00e2me et d\u2019esprit, est au c\u0153ur du droit. Cette v\u00e9rit\u00e9 \u00e9l\u00e9mentaire vient d\u2019\u00eatre redite dans ce beau texte que Jean-Pierre Schouppe nous offre dans cet ouvrage. Sur la base d\u2019une \u00e9thique objective, l\u2019auteur nous propose une vision de synth\u00e8se de l\u2019histoire du concept du droit naturel et une ph\u00e9nom\u00e9nologie des droits humains contemporains. Si les droits humains constituent des r\u00e9ponses \u00e0 des exp\u00e9riences tragiques qui ont jalonn\u00e9 l\u2019histoire de l\u2019humanit\u00e9, ils repr\u00e9sentent aussi une red\u00e9couverte de la dimension \u00e9thique du droit, surtout apr\u00e8s la Seconde Guerre mondiale. Selon l\u2019auteur, les racines historiques du discours juridique sur les droits humains sont intimement li\u00e9es au fondement ontologique et personnaliste du droit, en d\u2019autres termes, au droit naturel. Ce fondement ontologique et personnaliste se concr\u00e9tise finalement dans l\u2019id\u00e9e d\u2019une famille humaine, o\u00f9 l\u2019autre est le lieu de notre \u00e9panouissement et non notre enfer.<\/p>\n<p>N\u00e9 \u00e0 Bruxelles, Jean-Pierre Schouppe est docteur en droit civil et en droit canonique. Professeur \u00e0 l\u2019Universit\u00e9 de la Sainte-Croix \u00e0 Rome, il enseigne la mati\u00e8re des relations entre \u00c9glise et communaut\u00e9 politique ainsi qu\u2019une introduction aux droits de l\u2019homme.<\/p>\n","protected":false},"excerpt":{"rendered":"<p>L\u2019\u00eatre humain en tant qu\u2019\u00eatre fait d\u2019os et de chair, d\u2019\u00e2me et d\u2019esprit, est au c\u0153ur du droit. Cette v\u00e9rit\u00e9 \u00e9l\u00e9mentaire vient d\u2019\u00eatre redite dans ce beau texte que Jean-Pierre Schouppe nous offre dans cet ouvrage. Sur la base d\u2019une \u00e9thique objective, l\u2019auteur nous propose une vision de synth\u00e8se de l\u2019histoire du concept du droit [&hellip;]<\/p>\n","protected":false},"featured_media":7285,"comment_status":"closed","ping_status":"closed","template":"","meta":{"inline_featured_image":false},"product_brand":[],"product_cat":[50,49,55],"product_tag":[],"class_list":{"0":"post-7262","1":"product","2":"type-product","3":"status-publish","4":"has-post-thumbnail","6":"product_cat-francais","7":"product_cat-livres","8":"product_cat-nouveau","9":"pa_auteur-jean-pierre-schouppe","11":"first","12":"instock","13":"taxable","14":"shipping-taxable","15":"purchasable","16":"product-type-simple"},"acf":[],"_links":{"self":[{"href":"https:\/\/didoc.be\/fr\/wp-json\/wp\/v2\/product\/7262","targetHints":{"allow":["GET"]}}],"collection":[{"href":"https:\/\/didoc.be\/fr\/wp-json\/wp\/v2\/product"}],"about":[{"href":"https:\/\/didoc.be\/fr\/wp-json\/wp\/v2\/types\/product"}],"replies":[{"embeddable":true,"href":"https:\/\/didoc.be\/fr\/wp-json\/wp\/v2\/comments?post=7262"}],"wp:featuredmedia":[{"embeddable":true,"href":"https:\/\/didoc.be\/fr\/wp-json\/wp\/v2\/media\/7285"}],"wp:attachment":[{"href":"https:\/\/didoc.be\/fr\/wp-json\/wp\/v2\/media?parent=7262"}],"wp:term":[{"taxonomy":"product_brand","embeddable":true,"href":"https:\/\/didoc.be\/fr\/wp-json\/wp\/v2\/product_brand?post=7262"},{"taxonomy":"product_cat","embeddable":true,"href":"https:\/\/didoc.be\/fr\/wp-json\/wp\/v2\/product_cat?post=7262"},{"taxonomy":"product_tag","embeddable":true,"href":"https:\/\/didoc.be\/fr\/wp-json\/wp\/v2\/product_tag?post=7262"}],"curies":[{"name":"wp","href":"https:\/\/api.w.org\/{rel}","templated":true}]}}