{"id":7064,"date":"2025-04-01T10:54:25","date_gmt":"2025-04-01T08:54:25","guid":{"rendered":"https:\/\/didoc.be\/?post_type=product&#038;p=7064"},"modified":"2025-04-01T11:25:21","modified_gmt":"2025-04-01T09:25:21","slug":"7-prophetes","status":"publish","type":"product","link":"https:\/\/didoc.be\/fr\/product\/7-prophetes\/","title":{"rendered":"7 proph\u00e8tes"},"content":{"rendered":"<p>L\u2019ouvrage pr\u00e9sente sept proph\u00e8tes : trois d\u2019entre eux, Descartes, Rousseau et Nietzsche nous annoncent de grands bouleversements provoqu\u00e9s ou favoris\u00e9s par les id\u00e9es qu\u2019ils v\u00e9hiculent ; quatre autres, Pascal, Kierkegaard, Dosto\u00efevski et Soloviev nous r\u00e9v\u00e8lent les m\u00eames troubles mais en nous proposant les moyens de les surmonter. D\u2019une actualit\u00e9 surprenante, chacun \u00e0 sa mani\u00e8re et avec son charisme propre nous \u00e9claire, nous inspire et nous incite \u00e0 l\u2019action. Le lecteur est ainsi vivement encourag\u00e9 \u00e0 s\u2019introduire dans ces esprits proph\u00e9tiques s\u2019il d\u00e9sire vraiment saisir l\u2019essence et l\u2019origine des diff\u00e9rentes probl\u00e9matiques actuelles<\/p>\n<p>&nbsp;<\/p>\n<p>ISBN : 978-2-49008-142-4<\/p>\n<p>Nb de pages: 222<\/p>\n<div id=\"ConnectiveDocSignExtentionInstalled\" data-extension-version=\"1.0.4\"><\/div>\n","protected":false},"excerpt":{"rendered":"<p>&nbsp;<\/p>\n<div id=\"ConnectiveDocSignExtentionInstalled\" data-extension-version=\"1.0.4\"><\/div>\n","protected":false},"featured_media":7065,"comment_status":"closed","ping_status":"closed","template":"","meta":{"inline_featured_image":false},"product_brand":[],"product_cat":[55,409],"product_tag":[],"class_list":{"0":"post-7064","1":"product","2":"type-product","3":"status-publish","4":"has-post-thumbnail","6":"product_cat-nouveau","7":"product_cat-philosophie","8":"pa_auteur-alexandre-dianine-havard-2","10":"first","11":"instock","12":"taxable","13":"shipping-taxable","14":"purchasable","15":"product-type-simple"},"acf":[],"_links":{"self":[{"href":"https:\/\/didoc.be\/fr\/wp-json\/wp\/v2\/product\/7064","targetHints":{"allow":["GET"]}}],"collection":[{"href":"https:\/\/didoc.be\/fr\/wp-json\/wp\/v2\/product"}],"about":[{"href":"https:\/\/didoc.be\/fr\/wp-json\/wp\/v2\/types\/product"}],"replies":[{"embeddable":true,"href":"https:\/\/didoc.be\/fr\/wp-json\/wp\/v2\/comments?post=7064"}],"wp:featuredmedia":[{"embeddable":true,"href":"https:\/\/didoc.be\/fr\/wp-json\/wp\/v2\/media\/7065"}],"wp:attachment":[{"href":"https:\/\/didoc.be\/fr\/wp-json\/wp\/v2\/media?parent=7064"}],"wp:term":[{"taxonomy":"product_brand","embeddable":true,"href":"https:\/\/didoc.be\/fr\/wp-json\/wp\/v2\/product_brand?post=7064"},{"taxonomy":"product_cat","embeddable":true,"href":"https:\/\/didoc.be\/fr\/wp-json\/wp\/v2\/product_cat?post=7064"},{"taxonomy":"product_tag","embeddable":true,"href":"https:\/\/didoc.be\/fr\/wp-json\/wp\/v2\/product_tag?post=7064"}],"curies":[{"name":"wp","href":"https:\/\/api.w.org\/{rel}","templated":true}]}}