{"id":4238,"date":"2023-11-27T13:15:11","date_gmt":"2023-11-27T12:15:11","guid":{"rendered":"https:\/\/didoc.be\/product\/a-la-grace-de-dieu-l-de-charette\/"},"modified":"2025-04-01T21:17:21","modified_gmt":"2025-04-01T19:17:21","slug":"a-la-grace-de-dieu-l-de-charette","status":"publish","type":"product","link":"https:\/\/didoc.be\/fr\/product\/a-la-grace-de-dieu-l-de-charette\/","title":{"rendered":"\u00c0 la gr\u00e2ce de Dieu"},"content":{"rendered":"<p>Editeur : Le Laurier, mai 2023<\/p>\n<p>Nombre de pages: 138<\/p>\n<p>ISBN : 978-2-86495-545-0<\/p>\n<p>A\u00a0travers une magnifique lettre, Laurence de Charette propose au lecteur d\u2019\u00e9couter le chant de son \u00e2me, \u00e0 la d\u00e9couverte de l\u2019existence r\u00e9elle de Dieu\u00a0: sa personne, la mani\u00e8re dont il s\u2019adresse \u00e0 chacun\u00a0\u2013 \u00e0 la fois dans la Bible et aussi au quotidien\u00a0\u2013, et ce que l\u2019on gagne \u00e0 le conna\u00eetre\u2026 D\u2019une grande profondeur, tout en douceur et en sensibilit\u00e9, non sans humour, l\u2019auteur se livre sur cette rencontre avec un Dieu pas si has been ni moraliste que l\u2019on voudrait nous faire croire. Que l\u2019on soit ath\u00e9e, en chemin de conversion ou d\u00e9j\u00e0 croyant, le lecteur est amen\u00e9 \u00e0 ouvrir son c\u0153ur pour go\u00fbter \u00e0 la pl\u00e9nitude de sa propre vie\u2026 \u00e0 la gr\u00e2ce de\u00a0Dieu !<\/p>\n<p><strong>Laurence de Charette<\/strong> est journaliste, \u00e9ditorialiste et \u00e9crivain. En 2022, elle est nomm\u00e9e directrice adjointe de la r\u00e9daction du Figaro, et pilote les activit\u00e9s audiovisuelles et celles des r\u00e9seaux sociaux du groupe.<\/p>\n","protected":false},"excerpt":{"rendered":"<p>Cet ouvrage n\u2019est ni un t\u00e9moignage ni un essai sur la conversion, mais une invitation \u00e0 saisir la gr\u00e2ce.<\/p>\n","protected":false},"featured_media":1992,"comment_status":"closed","ping_status":"closed","template":"","meta":{"inline_featured_image":false},"product_brand":[],"product_cat":[50,49],"product_tag":[],"class_list":{"0":"post-4238","1":"product","2":"type-product","3":"status-publish","4":"has-post-thumbnail","6":"product_cat-francais","7":"product_cat-livres","8":"pa_auteur-laurence-de-charette","10":"first","11":"instock","12":"taxable","13":"shipping-taxable","14":"purchasable","15":"product-type-simple"},"acf":[],"_links":{"self":[{"href":"https:\/\/didoc.be\/fr\/wp-json\/wp\/v2\/product\/4238","targetHints":{"allow":["GET"]}}],"collection":[{"href":"https:\/\/didoc.be\/fr\/wp-json\/wp\/v2\/product"}],"about":[{"href":"https:\/\/didoc.be\/fr\/wp-json\/wp\/v2\/types\/product"}],"replies":[{"embeddable":true,"href":"https:\/\/didoc.be\/fr\/wp-json\/wp\/v2\/comments?post=4238"}],"wp:featuredmedia":[{"embeddable":true,"href":"https:\/\/didoc.be\/fr\/wp-json\/wp\/v2\/media\/1992"}],"wp:attachment":[{"href":"https:\/\/didoc.be\/fr\/wp-json\/wp\/v2\/media?parent=4238"}],"wp:term":[{"taxonomy":"product_brand","embeddable":true,"href":"https:\/\/didoc.be\/fr\/wp-json\/wp\/v2\/product_brand?post=4238"},{"taxonomy":"product_cat","embeddable":true,"href":"https:\/\/didoc.be\/fr\/wp-json\/wp\/v2\/product_cat?post=4238"},{"taxonomy":"product_tag","embeddable":true,"href":"https:\/\/didoc.be\/fr\/wp-json\/wp\/v2\/product_tag?post=4238"}],"curies":[{"name":"wp","href":"https:\/\/api.w.org\/{rel}","templated":true}]}}