{"id":4234,"date":"2023-11-27T13:15:08","date_gmt":"2023-11-27T12:15:08","guid":{"rendered":"https:\/\/didoc.be\/product\/la-messe-avant-pendant-et-apres-jose-manglano\/"},"modified":"2025-04-08T09:14:00","modified_gmt":"2025-04-08T07:14:00","slug":"la-messe-avant-pendant-et-apres-jose-manglano","status":"publish","type":"product","link":"https:\/\/didoc.be\/fr\/product\/la-messe-avant-pendant-et-apres-jose-manglano\/","title":{"rendered":"La Messe, avant, pendant et apr\u00e8s"},"content":{"rendered":"<p>Editeur : Le Laurier (Septembre 2022)<\/p>\n<p>nombre de pages : 228<\/p>\n<p>ISBN :\u00a0978-2-864955-25-2<\/p>\n<p>Il ne s\u2019agit pas seulement d\u2019assister \u00e0 la messe, mais d\u2019y participer. La messe, ce n\u2019est pas l\u2019affaire des autres, c\u2019est mon affaire. Tout n\u2019est pas visible \u00e0 la messe, il y a beaucoup de choses que l\u2019on ne voit pas. La messe n\u2019est pas un caprice, c\u2019est un besoin. Ce n\u2019est pas ennuyeux, c\u2019est passionnant. La messe requiert une vie int\u00e9rieure. L\u2019auteur nous propose d\u2019enrichir notre messe : avec des explications et des m\u00e9ditations pour se pr\u00e9parer avant, pendant et apr\u00e8s la messe.<\/p>\n<p><strong>Jos\u00e9 P. Manglano<\/strong> est pr\u00eatre, professeur d\u2019universit\u00e9 et directeur d\u2019une maison d\u2019\u00e9dition. Les jeunes sont au centre de sa mission. Avec plus de vingt titres publi\u00e9s, il est l\u2019un des auteurs de livres spirituels les plus lus en Espagne.<\/p>\n","protected":false},"excerpt":{"rendered":"<p>Avec ce v\u00e9ritable mi-guide mi-missel, vous n&rsquo;irez plus \u00e0 la messe par hasard. Vous serez pr\u00eat \u00e0 la vivre pleinement ! Didactique, plein de vie et de bons sens, les nombreuses m\u00e9ditations et pri\u00e8res propos\u00e9es dans cet ouvrage vous r\u00e9galeront.<\/p>\n","protected":false},"featured_media":1980,"comment_status":"closed","ping_status":"closed","template":"","meta":{"inline_featured_image":false},"product_brand":[],"product_cat":[50,49],"product_tag":[],"class_list":{"0":"post-4234","1":"product","2":"type-product","3":"status-publish","4":"has-post-thumbnail","6":"product_cat-francais","7":"product_cat-livres","8":"pa_auteur-jose-p-manglano","10":"first","11":"instock","12":"taxable","13":"shipping-taxable","14":"purchasable","15":"product-type-simple"},"acf":[],"_links":{"self":[{"href":"https:\/\/didoc.be\/fr\/wp-json\/wp\/v2\/product\/4234","targetHints":{"allow":["GET"]}}],"collection":[{"href":"https:\/\/didoc.be\/fr\/wp-json\/wp\/v2\/product"}],"about":[{"href":"https:\/\/didoc.be\/fr\/wp-json\/wp\/v2\/types\/product"}],"replies":[{"embeddable":true,"href":"https:\/\/didoc.be\/fr\/wp-json\/wp\/v2\/comments?post=4234"}],"wp:featuredmedia":[{"embeddable":true,"href":"https:\/\/didoc.be\/fr\/wp-json\/wp\/v2\/media\/1980"}],"wp:attachment":[{"href":"https:\/\/didoc.be\/fr\/wp-json\/wp\/v2\/media?parent=4234"}],"wp:term":[{"taxonomy":"product_brand","embeddable":true,"href":"https:\/\/didoc.be\/fr\/wp-json\/wp\/v2\/product_brand?post=4234"},{"taxonomy":"product_cat","embeddable":true,"href":"https:\/\/didoc.be\/fr\/wp-json\/wp\/v2\/product_cat?post=4234"},{"taxonomy":"product_tag","embeddable":true,"href":"https:\/\/didoc.be\/fr\/wp-json\/wp\/v2\/product_tag?post=4234"}],"curies":[{"name":"wp","href":"https:\/\/api.w.org\/{rel}","templated":true}]}}