{"id":4233,"date":"2023-11-27T13:15:07","date_gmt":"2023-11-27T12:15:07","guid":{"rendered":"https:\/\/didoc.be\/product\/aimer-et-apprendre-a-aimer-f-insa\/"},"modified":"2025-04-08T09:17:59","modified_gmt":"2025-04-08T07:17:59","slug":"aimer-et-apprendre-a-aimer-f-insa","status":"publish","type":"product","link":"https:\/\/didoc.be\/fr\/product\/aimer-et-apprendre-a-aimer-f-insa\/","title":{"rendered":"Aimer et apprendre \u00e0 aimer"},"content":{"rendered":"<p>Aimer et apprendre \u00e0 aimer<\/p>\n<p>La formation de l&rsquo;affectivit\u00e9 des candidats au sacerdoce<\/p>\n<p>Editeur : Le Laurier (Juillet 2022)<\/p>\n<p>Nombre de pages : 284<\/p>\n<p>ISBN :\u00a0978-2-86495-505-4<\/p>\n<p>Ce livre est un recueil de conf\u00e9rences faites lors de la 5e Semaine d\u2019\u00c9tudes pour Formateurs au S\u00e9minaire, Enseigner et apprendre \u00e0 aimer. Affectivit\u00e9 humaine et chastet\u00e9 chr\u00e9tienne, qui a eu lieu \u00e0 l\u2019Universit\u00e9 Pontificale de la Sainte-Croix, \u00e0 Rome en 2018. Il s\u2019adresse non seulement aux directeurs des s\u00e9minaires et aux personnes concern\u00e9es par la formation des s\u00e9minaristes, mais aussi aux s\u00e9minaristes eux-m\u00eames. Le but \u00e9tant de les aider \u00e0 aimer Dieu et les hommes avec un c\u0153ur chaque fois plus pur afin de ressembler au Christ, Bon Pasteur. Ces r\u00e9flexions s\u2019adressent aux candidats au sacerdoce, ainsi qu\u2019\u00e0 tous ceux ayant d\u00e9j\u00e0 re\u00e7u l\u2019ordination et qui souhaitent approfondir la question de l\u2019affectivit\u00e9 dans le c\u00e9libat.<\/p>\n<p>Francisco Javier Insa G\u00f3mez est pr\u00eatre et professeur de bio\u00e9thique \u00e0 l\u2019Universit\u00e9 pontificale de la Sainte-Croix et secr\u00e9taire du Centre de Formation Sacerdotale de cette Universit\u00e9. Avant son ordination, il a exerc\u00e9 en tant que m\u00e9decin psychiatre.<\/p>\n","protected":false},"excerpt":{"rendered":"<p>Les r\u00e9flexions recueillies dans cet ouvrage s\u2019adressent aux candidats au sacerdoce, ainsi qu\u2019\u00e0 tous ceux ayant d\u00e9j\u00e0 re\u00e7u l\u2019ordination et qui souhaitent approfondir la question de l\u2019affectivit\u00e9 dans le c\u00e9libat.<\/p>\n","protected":false},"featured_media":1977,"comment_status":"closed","ping_status":"closed","template":"","meta":{"inline_featured_image":false},"product_brand":[],"product_cat":[50,49,55],"product_tag":[],"class_list":{"0":"post-4233","1":"product","2":"type-product","3":"status-publish","4":"has-post-thumbnail","6":"product_cat-francais","7":"product_cat-livres","8":"product_cat-nouveau","9":"pa_auteur-francisco-insa","11":"first","12":"instock","13":"taxable","14":"shipping-taxable","15":"purchasable","16":"product-type-simple"},"acf":[],"_links":{"self":[{"href":"https:\/\/didoc.be\/fr\/wp-json\/wp\/v2\/product\/4233","targetHints":{"allow":["GET"]}}],"collection":[{"href":"https:\/\/didoc.be\/fr\/wp-json\/wp\/v2\/product"}],"about":[{"href":"https:\/\/didoc.be\/fr\/wp-json\/wp\/v2\/types\/product"}],"replies":[{"embeddable":true,"href":"https:\/\/didoc.be\/fr\/wp-json\/wp\/v2\/comments?post=4233"}],"wp:featuredmedia":[{"embeddable":true,"href":"https:\/\/didoc.be\/fr\/wp-json\/wp\/v2\/media\/1977"}],"wp:attachment":[{"href":"https:\/\/didoc.be\/fr\/wp-json\/wp\/v2\/media?parent=4233"}],"wp:term":[{"taxonomy":"product_brand","embeddable":true,"href":"https:\/\/didoc.be\/fr\/wp-json\/wp\/v2\/product_brand?post=4233"},{"taxonomy":"product_cat","embeddable":true,"href":"https:\/\/didoc.be\/fr\/wp-json\/wp\/v2\/product_cat?post=4233"},{"taxonomy":"product_tag","embeddable":true,"href":"https:\/\/didoc.be\/fr\/wp-json\/wp\/v2\/product_tag?post=4233"}],"curies":[{"name":"wp","href":"https:\/\/api.w.org\/{rel}","templated":true}]}}