{"id":4230,"date":"2023-11-27T13:15:06","date_gmt":"2023-11-27T12:15:06","guid":{"rendered":"https:\/\/didoc.be\/product\/le-leadership-vertueux-2eme-ed-a-dianine-havard\/"},"modified":"2025-04-07T15:39:42","modified_gmt":"2025-04-07T13:39:42","slug":"le-leadership-vertueux-2eme-ed-a-dianine-havard","status":"publish","type":"product","link":"https:\/\/didoc.be\/fr\/product\/le-leadership-vertueux-2eme-ed-a-dianine-havard\/","title":{"rendered":"Le leadership vertueux 2\u00e8me \u00e9d."},"content":{"rendered":"<p>Le leadership vertueux (Alexandre Dianine-Havard)<\/p>\n<p>\u00c9diteur : Le Laurier (Janvier 2022)<\/p>\n<p>Nombre de pages : 246<\/p>\n<p>ISBN :\u00a0978-2-86495-373-9<\/p>\n<p><span style=\"color: #231f20; font-family: Lexend, sans-serif; font-size: 15px; font-style: normal; font-weight: 300; letter-spacing: normal; orphans: 2; text-align: start; text-indent: 0px; text-transform: none; white-space: normal; widows: 2; word-spacing: 0px; background-color: #ffffff; float: none;\">Le leadership n\u2019est pas r\u00e9serv\u00e9 \u00e0 une \u00e9lite : c\u2019est la vocation de la multitude. Ce n\u2019est pas une question de technique, mais de croissance personnelle. Ce n\u2019est pas une question de temp\u00e9rament, mais de caract\u00e8re. L\u2019effort pour forger notre caract\u00e8re est d\u00e9j\u00e0 un acte de leadership. Ce qui fait la force de cet ouvrage c\u2019est l\u2019harmonie entre la profondeur philosophique et la simplicit\u00e9 du discours, entre la syst\u00e9matisation des id\u00e9es et les exemples vivants.<\/span><\/p>\n<p>Qui est l&rsquo;auteur Alexandre Dianine-Havard :\u00a0<span style=\"margin: 0px; padding: 0px; border: 0px #dddddd; font-style: normal; font-weight: 300; line-height: inherit; font-family: Lexend, sans-serif; font-size: 15px; vertical-align: baseline; color: #231f20; letter-spacing: normal; orphans: 2; text-align: start; text-indent: 0px; text-transform: none; white-space: normal; widows: 2; word-spacing: 0px; background-color: #ffffff;\">D&rsquo;origine fran\u00e7aise, russe et g\u00e9orgienne, Alexandre Dianine-Havard est l&rsquo;auteur du syst\u00e8me de\u00a0<\/span><em style=\"margin: 0px; padding: 0px; border: 0px #dddddd; font-style: italic; font-weight: 300; line-height: inherit; font-family: Lexend, sans-serif; font-size: 15px; vertical-align: baseline; color: #231f20; letter-spacing: normal; orphans: 2; text-align: start; text-indent: 0px; text-transform: none; white-space: normal; widows: 2; word-spacing: 0px; background-color: #ffffff;\">Leadership Vertueux<\/em><span style=\"margin: 0px; padding: 0px; border: 0px #dddddd; font-style: normal; font-weight: 300; line-height: inherit; font-family: Lexend, sans-serif; font-size: 15px; vertical-align: baseline; color: #231f20; letter-spacing: normal; orphans: 2; text-align: start; text-indent: 0px; text-transform: none; white-space: normal; widows: 2; word-spacing: 0px; background-color: #ffffff;\">\u00a0enseign\u00e9 aujourd&rsquo;hui dans le monde entier. Ses livres\u00a0<\/span><em style=\"margin: 0px; padding: 0px; border: 0px #dddddd; font-style: italic; font-weight: 300; line-height: inherit; font-family: Lexend, sans-serif; font-size: 15px; vertical-align: baseline; color: #231f20; letter-spacing: normal; orphans: 2; text-align: start; text-indent: 0px; text-transform: none; white-space: normal; widows: 2; word-spacing: 0px; background-color: #ffffff;\">Le Leadership vertueux<\/em><span style=\"margin: 0px; padding: 0px; border: 0px #dddddd; font-style: normal; font-weight: 300; line-height: inherit; font-family: Lexend, sans-serif; font-size: 15px; vertical-align: baseline; color: #231f20; letter-spacing: normal; orphans: 2; text-align: start; text-indent: 0px; text-transform: none; white-space: normal; widows: 2; word-spacing: 0px; background-color: #ffffff;\">\u00a0(2007),\u00a0<a style=\"margin: 0px; padding: 0px; border: 0px #dddddd; font-style: inherit; font-variant: inherit; font-weight: inherit; line-height: inherit; font-family: inherit; font-size: 15px; vertical-align: baseline; color: #48b9a8; text-decoration: underline;\" href=\"https:\/\/editions-lelaurier.com\/fr\/vie-professionnelle\/483-cree-pour-la-grandeur-9782864953340.html\">Cr\u00e9\u00e9 pour la grandeur<\/a><\/span><span style=\"margin: 0px; padding: 0px; border: 0px #dddddd; font-style: normal; font-weight: 300; line-height: inherit; font-family: Lexend, sans-serif; font-size: 15px; vertical-align: baseline; color: #231f20; letter-spacing: normal; orphans: 2; text-align: start; text-indent: 0px; text-transform: none; white-space: normal; widows: 2; word-spacing: 0px; background-color: #ffffff;\">\u00a0(2011),\u00a0<a style=\"margin: 0px; padding: 0px; border: 0px #dddddd; font-style: inherit; font-variant: inherit; font-weight: inherit; line-height: inherit; font-family: inherit; font-size: 15px; vertical-align: baseline; color: #48b9a8; text-decoration: underline;\" href=\"https:\/\/editions-lelaurier.com\/fr\/accueil\/881-du-temperament-au-caractere-9782864955115.html\">Du temp\u00e9rament au caract\u00e8re<\/a><\/span><span style=\"margin: 0px; padding: 0px; border: 0px #dddddd; font-style: normal; font-weight: 300; line-height: inherit; font-family: Lexend, sans-serif; font-size: 15px; vertical-align: baseline; color: #231f20; letter-spacing: normal; orphans: 2; text-align: start; text-indent: 0px; text-transform: none; white-space: normal; widows: 2; word-spacing: 0px; background-color: #ffffff;\">\u00a0(2018) et\u00a0<a style=\"margin: 0px; padding: 0px; border: 0px #dddddd; font-style: inherit; font-variant: inherit; font-weight: inherit; line-height: inherit; font-family: inherit; font-size: 15px; vertical-align: baseline; color: #48b9a8; text-decoration: underline;\" href=\"https:\/\/editions-lelaurier.com\/fr\/education\/806-coeurs-libres-9782864954620.html\">Coeurs libres<\/a><\/span><span style=\"margin: 0px; padding: 0px; border: 0px #dddddd; font-style: normal; font-weight: 300; line-height: inherit; font-family: Lexend, sans-serif; font-size: 15px; vertical-align: baseline; color: #231f20; letter-spacing: normal; orphans: 2; text-align: start; text-indent: 0px; text-transform: none; white-space: normal; widows: 2; word-spacing: 0px; background-color: #ffffff;\">\u00a0(2019) ont \u00e9t\u00e9 traduits en une vingtaine de langues. Il est cofondateur de nombreux\u00a0<\/span><em style=\"margin: 0px; padding: 0px; border: 0px #dddddd; font-style: italic; font-weight: 300; line-height: inherit; font-family: Lexend, sans-serif; font-size: 15px; vertical-align: baseline; color: #231f20; letter-spacing: normal; orphans: 2; text-align: start; text-indent: 0px; text-transform: none; white-space: normal; widows: 2; word-spacing: 0px; background-color: #ffffff;\">Instituts de Leadership Vertueux<\/em><span style=\"margin: 0px; padding: 0px; border: 0px #dddddd; font-style: normal; font-weight: 300; line-height: inherit; font-family: Lexend, sans-serif; font-size: 15px; vertical-align: baseline; color: #231f20; letter-spacing: normal; orphans: 2; text-align: start; text-indent: 0px; text-transform: none; white-space: normal; widows: 2; word-spacing: 0px; background-color: #ffffff;\">\u00a0\u00e9tablis sur les cinq continents.<\/span><\/p>\n","protected":false},"excerpt":{"rendered":"<p>Le leadership vertueux, c&rsquo;est une disposition de l&rsquo;\u00eatre&#8230;.<\/p>\n","protected":false},"featured_media":1968,"comment_status":"closed","ping_status":"closed","template":"","meta":{"inline_featured_image":false},"product_brand":[],"product_cat":[93,50,49],"product_tag":[],"class_list":{"0":"post-4230","1":"product","2":"type-product","3":"status-publish","4":"has-post-thumbnail","6":"product_cat-en-vedette","7":"product_cat-francais","8":"product_cat-livres","9":"pa_auteur-alexandre-dianine-havard-2","11":"first","12":"instock","13":"taxable","14":"shipping-taxable","15":"purchasable","16":"product-type-simple"},"acf":[],"_links":{"self":[{"href":"https:\/\/didoc.be\/fr\/wp-json\/wp\/v2\/product\/4230","targetHints":{"allow":["GET"]}}],"collection":[{"href":"https:\/\/didoc.be\/fr\/wp-json\/wp\/v2\/product"}],"about":[{"href":"https:\/\/didoc.be\/fr\/wp-json\/wp\/v2\/types\/product"}],"replies":[{"embeddable":true,"href":"https:\/\/didoc.be\/fr\/wp-json\/wp\/v2\/comments?post=4230"}],"wp:featuredmedia":[{"embeddable":true,"href":"https:\/\/didoc.be\/fr\/wp-json\/wp\/v2\/media\/1968"}],"wp:attachment":[{"href":"https:\/\/didoc.be\/fr\/wp-json\/wp\/v2\/media?parent=4230"}],"wp:term":[{"taxonomy":"product_brand","embeddable":true,"href":"https:\/\/didoc.be\/fr\/wp-json\/wp\/v2\/product_brand?post=4230"},{"taxonomy":"product_cat","embeddable":true,"href":"https:\/\/didoc.be\/fr\/wp-json\/wp\/v2\/product_cat?post=4230"},{"taxonomy":"product_tag","embeddable":true,"href":"https:\/\/didoc.be\/fr\/wp-json\/wp\/v2\/product_tag?post=4230"}],"curies":[{"name":"wp","href":"https:\/\/api.w.org\/{rel}","templated":true}]}}