{"id":4219,"date":"2023-11-27T13:15:02","date_gmt":"2023-11-27T12:15:02","guid":{"rendered":"https:\/\/didoc.be\/product\/du-fanatisme-quand-la-religion-est-malade-candiard\/"},"modified":"2025-04-08T09:24:29","modified_gmt":"2025-04-08T07:24:29","slug":"du-fanatisme-quand-la-religion-est-malade-candiard","status":"publish","type":"product","link":"https:\/\/didoc.be\/fr\/product\/du-fanatisme-quand-la-religion-est-malade-candiard\/","title":{"rendered":"Du fanatisme Quand la religion est malade"},"content":{"rendered":"<p>Du fanatisme ; Quand la religion est malade<\/p>\n<p>Editeur : Cerf\u00a0 (Septembre 2020)<\/p>\n<p>Nombre de pages : 96<\/p>\n<p>ISBN : 978-2-204-14080-5<\/p>\n<p>Auteur spirituel aux dizaines de milliers de lecteurs, Adrien Candiard interroge ici le choc entre les cultures en nous montrant pourquoi et comment nous ne comprenons rien \u00e0 l\u2019islam.<\/p>\n<p>Le fr\u00e8re dominicain qui vit au Caire, au carrefour des mondes et des civilisations, revient sur le grand scandale religieux de notre temps. Quel Dieu invoquent les fanatiques qui excommunient, pers\u00e9cutent et tuent en son nom ? Que dit de nous, de notre plan\u00e8te, de notre avenir, une telle trahison ? Et, surtout, comment une foi peut-elle \u00eatre v\u00e9cue avec passion sans tourner \u00e0 l\u2019exclusion ?<\/p>\n<p><em>Dominicain vivant \u00e0 l\u2019Institut dominicain d\u2019\u00e9tudes orientales du Caire, Adrien Candiard, qui compte parmi les grandes voix spirituelles d\u2019aujourd\u2019hui, a publ\u00e9 aux \u00c9ditions du Cerf <\/em>Veilleur, o\u00f9 en est la nuit ? Quand tu \u00e9tais sous le figuier<em>, <\/em>\u00c0 Phil\u00e9mon<em> qui ont tous rencontr\u00e9 un vif succ\u00e9s.<\/em><\/p>\n","protected":false},"excerpt":{"rendered":"<p>Une plaidoirie pour la foi qui \u00e9mancipe contre la croyance qui encha\u00eene.<br \/>\nUn ma\u00eetre-ouvrage qui s\u2019adresse de mani\u00e8re lib\u00e9ratrice \u00e0 tout un chacun. Un manifeste, \u00e0 l\u2019heure de toutes les exacerbations, pour la r\u00e9conciliation.<\/p>\n","protected":false},"featured_media":1944,"comment_status":"closed","ping_status":"closed","template":"","meta":{"inline_featured_image":false},"product_brand":[],"product_cat":[50,49,55],"product_tag":[],"class_list":{"0":"post-4219","1":"product","2":"type-product","3":"status-publish","4":"has-post-thumbnail","6":"product_cat-francais","7":"product_cat-livres","8":"product_cat-nouveau","9":"pa_auteur-adrien-candiard","11":"first","12":"instock","13":"taxable","14":"shipping-taxable","15":"purchasable","16":"product-type-simple"},"acf":[],"_links":{"self":[{"href":"https:\/\/didoc.be\/fr\/wp-json\/wp\/v2\/product\/4219","targetHints":{"allow":["GET"]}}],"collection":[{"href":"https:\/\/didoc.be\/fr\/wp-json\/wp\/v2\/product"}],"about":[{"href":"https:\/\/didoc.be\/fr\/wp-json\/wp\/v2\/types\/product"}],"replies":[{"embeddable":true,"href":"https:\/\/didoc.be\/fr\/wp-json\/wp\/v2\/comments?post=4219"}],"wp:featuredmedia":[{"embeddable":true,"href":"https:\/\/didoc.be\/fr\/wp-json\/wp\/v2\/media\/1944"}],"wp:attachment":[{"href":"https:\/\/didoc.be\/fr\/wp-json\/wp\/v2\/media?parent=4219"}],"wp:term":[{"taxonomy":"product_brand","embeddable":true,"href":"https:\/\/didoc.be\/fr\/wp-json\/wp\/v2\/product_brand?post=4219"},{"taxonomy":"product_cat","embeddable":true,"href":"https:\/\/didoc.be\/fr\/wp-json\/wp\/v2\/product_cat?post=4219"},{"taxonomy":"product_tag","embeddable":true,"href":"https:\/\/didoc.be\/fr\/wp-json\/wp\/v2\/product_tag?post=4219"}],"curies":[{"name":"wp","href":"https:\/\/api.w.org\/{rel}","templated":true}]}}