{"id":4213,"date":"2023-11-27T13:15:01","date_gmt":"2023-11-27T12:15:01","guid":{"rendered":"https:\/\/didoc.be\/product\/catholique-engageons-nous-p-h-grosjean\/"},"modified":"2026-02-04T10:39:10","modified_gmt":"2026-02-04T09:39:10","slug":"catholique-engageons-nous-p-h-grosjean","status":"publish","type":"product","link":"https:\/\/didoc.be\/fr\/product\/catholique-engageons-nous-p-h-grosjean\/","title":{"rendered":"Catholique, engageons-nous !"},"content":{"rendered":"<p>\u00c9diteur :Art\u00e8ge (Avril 2016)<\/p>\n<p>Nombre de pages : 196<\/p>\n<p>ISBN :\u00a0978 2 3604 087 64<\/p>\n<div style=\"margin-top: 15px;\">\n<div>Le Chr\u00e9tien n&rsquo;est pas du monde, mais il est bien dans le monde.\u00a0R\u00e9volution libertaire, effondrement de la pratique religieuse,\u00a0perte de rep\u00e8res \u00e9thiques\u2026 face \u00e0 ces bouleversements de la\u00a0soci\u00e9t\u00e9 fran\u00e7aise, les catholiques se trouvent \u00e0 contre-courant.<\/div>\n<div>La tentation est grande alors de se diluer dans le monde ou au\u00a0contraire de se replier sur soi. L&rsquo;abb\u00e9 Grosjean nous appelle \u00e0\u00a0refuser ces deux tentations, pour ne pas renoncer \u00e0 influer sur le\u00a0monde qui nous est confi\u00e9.<\/div>\n<div>Bien au contraire, en explorant les d\u00e9fis \u00e0 relever, l&rsquo;abb\u00e9\u00a0Grosjean distingue, \u00e9claire, encourage et redonne l&rsquo;esp\u00e9rance,\u00a0dans un plaidoyer fort et courageux.<\/div>\n<div>Il montre comment est possible l&rsquo;engagement des catholiques\u00a0\u2013 des jeunes g\u00e9n\u00e9rations en particulier \u2013 dans la vie publique,\u00a0en politique, dans l&rsquo;entreprise, l&rsquo;enseignement, les m\u00e9dias ou la\u00a0culture\u2026 afin d&rsquo;\u00eatre des \u00abt\u00e9moins d\u00e9complex\u00e9s\u00bb pour reprendre\u00a0les mots de Beno\u00eet XVI et \u00abdescendre du balcon\u00bb pour passer \u00e0\u00a0l&rsquo;action, comme le r\u00e9clame le pape Fran\u00e7ois.<\/div>\n<p>&nbsp;<\/p>\n<div><strong><em>Pierre-Herve\u00b4 GROSJEAN<\/em><\/strong><em> est pr\u00eatre du dioc\u00e8se de Versailles, cure\u00b4\u00a0de la paroisse de Saint-Cyr-l&rsquo;\u00c9cole. Il est aussi Secr\u00e9taire G\u00e9n\u00e9ral\u00a0de la Commission \u00c9thique &amp; Politique de son dioc\u00e8se. Il anime\u00a0\u00e9galement le PadreBlog et a fond\u00e9\u00b4 les universit\u00e9s d&rsquo;\u00e9t\u00e9\u00b4 \u00abActeurs\u00a0d&rsquo;Avenir\u00bb. Il est l&rsquo;auteur d&rsquo;<\/em>Aimer en v\u00e9rit\u00e9\u00b4<em>, paru chez Art\u00e8ge.<\/em><\/div>\n<\/div>\n","protected":false},"excerpt":{"rendered":"<p>\u00c9diteur :Art\u00e8ge (Avril 2016) Nombre de pages : 196 ISBN :\u00a0978 2 3604 087 64 Le Chr\u00e9tien n&rsquo;est pas du monde, mais il est bien dans le monde.\u00a0R\u00e9volution libertaire, effondrement de la pratique religieuse,\u00a0perte de rep\u00e8res \u00e9thiques\u2026 face \u00e0 ces bouleversements de la\u00a0soci\u00e9t\u00e9 fran\u00e7aise, les catholiques se trouvent \u00e0 contre-courant. La tentation est grande alors [&hellip;]<\/p>\n","protected":false},"featured_media":1926,"comment_status":"closed","ping_status":"closed","template":"","meta":{"inline_featured_image":false},"product_brand":[],"product_cat":[93,49],"product_tag":[],"class_list":{"0":"post-4213","1":"product","2":"type-product","3":"status-publish","4":"has-post-thumbnail","6":"product_cat-en-vedette","7":"product_cat-livres","8":"pa_auteur-pierre-herve-grosjean","10":"first","11":"instock","12":"taxable","13":"shipping-taxable","14":"purchasable","15":"product-type-simple"},"acf":[],"_links":{"self":[{"href":"https:\/\/didoc.be\/fr\/wp-json\/wp\/v2\/product\/4213","targetHints":{"allow":["GET"]}}],"collection":[{"href":"https:\/\/didoc.be\/fr\/wp-json\/wp\/v2\/product"}],"about":[{"href":"https:\/\/didoc.be\/fr\/wp-json\/wp\/v2\/types\/product"}],"replies":[{"embeddable":true,"href":"https:\/\/didoc.be\/fr\/wp-json\/wp\/v2\/comments?post=4213"}],"wp:featuredmedia":[{"embeddable":true,"href":"https:\/\/didoc.be\/fr\/wp-json\/wp\/v2\/media\/1926"}],"wp:attachment":[{"href":"https:\/\/didoc.be\/fr\/wp-json\/wp\/v2\/media?parent=4213"}],"wp:term":[{"taxonomy":"product_brand","embeddable":true,"href":"https:\/\/didoc.be\/fr\/wp-json\/wp\/v2\/product_brand?post=4213"},{"taxonomy":"product_cat","embeddable":true,"href":"https:\/\/didoc.be\/fr\/wp-json\/wp\/v2\/product_cat?post=4213"},{"taxonomy":"product_tag","embeddable":true,"href":"https:\/\/didoc.be\/fr\/wp-json\/wp\/v2\/product_tag?post=4213"}],"curies":[{"name":"wp","href":"https:\/\/api.w.org\/{rel}","templated":true}]}}