{"id":4211,"date":"2023-11-27T13:15:00","date_gmt":"2023-11-27T12:15:00","guid":{"rendered":"https:\/\/didoc.be\/product\/a-lecole-de-lesprit-saint\/"},"modified":"2024-11-26T16:24:42","modified_gmt":"2024-11-26T15:24:42","slug":"a-lecole-de-lesprit-saint","status":"publish","type":"product","link":"https:\/\/didoc.be\/fr\/product\/a-lecole-de-lesprit-saint\/","title":{"rendered":"\u00c0 l&rsquo;\u00e9cole de l&rsquo;Esprit Saint"},"content":{"rendered":"<p>\u00c9diteur : \u00c9ditions des B\u00e9atitudes (F\u00e9vrier 2012)<\/p>\n<p>Nombre de pages : 122<\/p>\n<p>ISBN :\u00a0978 2 84024 081 5<\/p>\n<p>Dans la Bible, l\u2019 Esprit Saint est le Consolateur, la force d\u2019en-haut qui vient au secours de notre faiblesse. Pour nous qui sommes si fragiles, affront\u00e9s \u00e0 tant de combats, qui nous \u00e9garons si facilement, cette assistance du Saint-Esprit n\u2019est pas un luxe, elle doit devenir un \u00e9l\u00e9ment essentiel de notre vie chr\u00e9tienne. Sans quoi nous ne pourrons pas vraiment progresser, ni r\u00e9pondre \u00e0 cet appel \u00e0 la saintet\u00e9 que Dieu adresse \u00e0 tous.<\/p>\n<p>Comment laisser l\u2019Esprit Saint nous guider et nous assister ? Comment nous ouvrir le plus possible \u00e0 son action qui \u00e9claire notre intelligence et fortifie notre c\u0153ur ?<\/p>\n<p>L\u2019Esprit Saint est pr\u00e9sent en chacun des baptis\u00e9<strong>s<\/strong>, et il est capable, bien plus que nous ne le soup\u00e7onnons, de nous orienter et de nous aider par les mouvements qu\u2019il imprime au profond de notre \u00e2me. Apprendre \u00e0 les reconna\u00eetre et \u00e0 les accueillir, \u00eatre plus attentif aux inspirations par lesquelles Dieu s\u2019adresse \u00e0 notre c\u0153ur pour le stimuler, pourra nous faire faire des pas de g\u00e9ant dans la vie chr\u00e9tienne, et rendre celle-ci bien plus libre, plus simple et plus heureuse.<\/p>\n<p>L\u2019intention de ce petit livre, au langage accessible et concret, est de nous montrer les conditions pratiques qui permettent cette docilit\u00e9 \u00e0 l\u2019action du Saint-Esprit.<\/p>\n","protected":false},"excerpt":{"rendered":"<p>Comment laisser l\u2019Esprit Saint nous guider et nous assister dans les moindres t\u00e2ches de notre vie quotidienne ?<br \/>\nUn guide pr\u00e9cieux pour faire des pas de g\u00e9ant dans la vie chr\u00e9tienne !<\/p>\n","protected":false},"featured_media":1920,"comment_status":"closed","ping_status":"closed","template":"","meta":{"inline_featured_image":false},"product_brand":[],"product_cat":[50,49],"product_tag":[],"class_list":{"0":"post-4211","1":"product","2":"type-product","3":"status-publish","4":"has-post-thumbnail","6":"product_cat-francais","7":"product_cat-livres","8":"pa_auteur-jacques-philippe-2","10":"first","11":"instock","12":"taxable","13":"shipping-taxable","14":"purchasable","15":"product-type-simple"},"acf":[],"_links":{"self":[{"href":"https:\/\/didoc.be\/fr\/wp-json\/wp\/v2\/product\/4211","targetHints":{"allow":["GET"]}}],"collection":[{"href":"https:\/\/didoc.be\/fr\/wp-json\/wp\/v2\/product"}],"about":[{"href":"https:\/\/didoc.be\/fr\/wp-json\/wp\/v2\/types\/product"}],"replies":[{"embeddable":true,"href":"https:\/\/didoc.be\/fr\/wp-json\/wp\/v2\/comments?post=4211"}],"wp:featuredmedia":[{"embeddable":true,"href":"https:\/\/didoc.be\/fr\/wp-json\/wp\/v2\/media\/1920"}],"wp:attachment":[{"href":"https:\/\/didoc.be\/fr\/wp-json\/wp\/v2\/media?parent=4211"}],"wp:term":[{"taxonomy":"product_brand","embeddable":true,"href":"https:\/\/didoc.be\/fr\/wp-json\/wp\/v2\/product_brand?post=4211"},{"taxonomy":"product_cat","embeddable":true,"href":"https:\/\/didoc.be\/fr\/wp-json\/wp\/v2\/product_cat?post=4211"},{"taxonomy":"product_tag","embeddable":true,"href":"https:\/\/didoc.be\/fr\/wp-json\/wp\/v2\/product_tag?post=4211"}],"curies":[{"name":"wp","href":"https:\/\/api.w.org\/{rel}","templated":true}]}}