{"id":4201,"date":"2023-11-27T13:14:54","date_gmt":"2023-11-27T12:14:54","guid":{"rendered":"https:\/\/didoc.be\/product\/le-dernier-des-romantiques-m-fazio\/"},"modified":"2024-05-23T12:18:12","modified_gmt":"2024-05-23T10:18:12","slug":"le-dernier-des-romantiques-m-fazio","status":"publish","type":"product","link":"https:\/\/didoc.be\/fr\/product\/le-dernier-des-romantiques-m-fazio\/","title":{"rendered":"Le dernier des romantiques (M. Fazio)"},"content":{"rendered":"<p>Le dernier des Romantiques. Saint Jos\u00e9maria Escriva. (Mariano Fazio)<\/p>\n<p>\u00c9diteur : Le Laurier (4\u00e8me trimestre 2018)<\/p>\n<p>Nombre de pages : 224<\/p>\n<p>ISBN :&nbsp;978 2 86495 455 2<\/p>\n<p>En se qualifiant nostalgiquement de \u00ab\u00a0dernier romantique\u00a0\u00bb, St Jos\u00e9maria entendait surtout interpeller ceux qui l&rsquo;\u00e9coutaient, et \u00e9veiller en eux ce m\u00eame amour de la libert\u00e9 qu&rsquo;il avait dans le coeur: \u00ab\u00a0Ne me laissez pas \u00eatre le dernier des romantiques. Tel est le romantisme chr\u00e9tien: aimer la libert\u00e9 des autres, passionn\u00e9ment\u00a0\u00bb.<\/p>\n","protected":false},"excerpt":{"rendered":"<p>Le dernier des Romantiques. Saint Jos\u00e9maria Escriva.<br \/>\nAvec ce titre \u00e9loquent, tir\u00e9 des l\u00e8vres de St Jos\u00e9maria, l&rsquo;auteur nous rappelle que le fondateur de l&rsquo;Opus Dei \u00e9tait un d\u00e9fenseur passionn\u00e9 de la libert\u00e9&#8230; d&rsquo;une grande actualit\u00e9.<\/p>\n","protected":false},"featured_media":1890,"comment_status":"open","ping_status":"closed","template":"","meta":{"inline_featured_image":false},"product_brand":[],"product_cat":[50,49],"product_tag":[],"class_list":{"0":"post-4201","1":"product","2":"type-product","3":"status-publish","4":"has-post-thumbnail","6":"product_cat-francais","7":"product_cat-livres","9":"first","10":"instock","11":"taxable","12":"shipping-taxable","13":"purchasable","14":"product-type-simple"},"acf":[],"_links":{"self":[{"href":"https:\/\/didoc.be\/fr\/wp-json\/wp\/v2\/product\/4201","targetHints":{"allow":["GET"]}}],"collection":[{"href":"https:\/\/didoc.be\/fr\/wp-json\/wp\/v2\/product"}],"about":[{"href":"https:\/\/didoc.be\/fr\/wp-json\/wp\/v2\/types\/product"}],"replies":[{"embeddable":true,"href":"https:\/\/didoc.be\/fr\/wp-json\/wp\/v2\/comments?post=4201"}],"wp:featuredmedia":[{"embeddable":true,"href":"https:\/\/didoc.be\/fr\/wp-json\/wp\/v2\/media\/1890"}],"wp:attachment":[{"href":"https:\/\/didoc.be\/fr\/wp-json\/wp\/v2\/media?parent=4201"}],"wp:term":[{"taxonomy":"product_brand","embeddable":true,"href":"https:\/\/didoc.be\/fr\/wp-json\/wp\/v2\/product_brand?post=4201"},{"taxonomy":"product_cat","embeddable":true,"href":"https:\/\/didoc.be\/fr\/wp-json\/wp\/v2\/product_cat?post=4201"},{"taxonomy":"product_tag","embeddable":true,"href":"https:\/\/didoc.be\/fr\/wp-json\/wp\/v2\/product_tag?post=4201"}],"curies":[{"name":"wp","href":"https:\/\/api.w.org\/{rel}","templated":true}]}}