{"id":4198,"date":"2023-11-27T13:14:53","date_gmt":"2023-11-27T12:14:53","guid":{"rendered":"https:\/\/didoc.be\/product\/apprendre-a-prier-pour-apprendre-a-aimer-j-philippe\/"},"modified":"2025-04-06T12:26:06","modified_gmt":"2025-04-06T10:26:06","slug":"apprendre-a-prier-pour-apprendre-a-aimer-j-philippe","status":"publish","type":"product","link":"https:\/\/didoc.be\/fr\/product\/apprendre-a-prier-pour-apprendre-a-aimer-j-philippe\/","title":{"rendered":"Apprendre \u00e0 prier pour apprendre \u00e0 aimer"},"content":{"rendered":"<p>De la rencontre avec Dieu dans la pri\u00e8re na\u00eetront toutes les transformations auxquelles nous aspirons pour notre soci\u00e9t\u00e9 et pour nous-m\u00eames, car seul le contact avec le Ciel pourra gu\u00e9rir notre terre.<\/p>\n<p>Quelle que soit notre vocation, le premier appel que J\u00e9sus et l\u2019Esprit Saint nous adressent est celui de la pri\u00e8re. Par elle nous sera r\u00e9v\u00e9l\u00e9 le visage du P\u00e8re, ainsi que notre identit\u00e9 la plus profonde.<\/p>\n<p>Ce livre, fruit d\u2019une profonde maturit\u00e9 spirituelle, nous guide avec simplicit\u00e9 sur le chemin de l\u2019intimit\u00e9 avec Dieu et nous conduit \u00e0 l\u2019essentiel : retrouver le go\u00fbt de la pri\u00e8re personnelle et les moyens concrets de la pratiquer et d\u2019y \u00eatre fid\u00e8le.<\/p>\n<p>Cette \u00ab \u00e9cole de pri\u00e8re \u00bb nous aidera \u00e0 entrer en contact avec la pr\u00e9sence de Dieu, et \u00e0 nous laisser transformer int\u00e9rieurement par lui pour aimer en v\u00e9rit\u00e9.<\/p>\n<p>Nombre de pages : 160<\/p>\n","protected":false},"excerpt":{"rendered":"<p>Fruit d\u2019une profonde maturit\u00e9 spirituelle, ce trait\u00e9 nous conduit \u00e0 l\u2019essentiel : la rencontre avec l\u2019amour de Dieu.<br \/>\n\u00ab Un ouvrage accessible, qui donne envie de prier. \u00bb Famille Chr\u00e9tienne<\/p>\n","protected":false},"featured_media":1881,"comment_status":"closed","ping_status":"closed","template":"","meta":{"inline_featured_image":false},"product_brand":[],"product_cat":[50,49],"product_tag":[],"class_list":{"0":"post-4198","1":"product","2":"type-product","3":"status-publish","4":"has-post-thumbnail","6":"product_cat-francais","7":"product_cat-livres","8":"pa_auteur-jacques-philippe-2","10":"first","11":"instock","12":"taxable","13":"shipping-taxable","14":"purchasable","15":"product-type-simple"},"acf":[],"_links":{"self":[{"href":"https:\/\/didoc.be\/fr\/wp-json\/wp\/v2\/product\/4198","targetHints":{"allow":["GET"]}}],"collection":[{"href":"https:\/\/didoc.be\/fr\/wp-json\/wp\/v2\/product"}],"about":[{"href":"https:\/\/didoc.be\/fr\/wp-json\/wp\/v2\/types\/product"}],"replies":[{"embeddable":true,"href":"https:\/\/didoc.be\/fr\/wp-json\/wp\/v2\/comments?post=4198"}],"wp:featuredmedia":[{"embeddable":true,"href":"https:\/\/didoc.be\/fr\/wp-json\/wp\/v2\/media\/1881"}],"wp:attachment":[{"href":"https:\/\/didoc.be\/fr\/wp-json\/wp\/v2\/media?parent=4198"}],"wp:term":[{"taxonomy":"product_brand","embeddable":true,"href":"https:\/\/didoc.be\/fr\/wp-json\/wp\/v2\/product_brand?post=4198"},{"taxonomy":"product_cat","embeddable":true,"href":"https:\/\/didoc.be\/fr\/wp-json\/wp\/v2\/product_cat?post=4198"},{"taxonomy":"product_tag","embeddable":true,"href":"https:\/\/didoc.be\/fr\/wp-json\/wp\/v2\/product_tag?post=4198"}],"curies":[{"name":"wp","href":"https:\/\/api.w.org\/{rel}","templated":true}]}}