{"id":4193,"date":"2023-11-27T13:14:52","date_gmt":"2023-11-27T12:14:52","guid":{"rendered":"https:\/\/didoc.be\/product\/dialogue-avec-le-seigneur-st-j-escriva\/"},"modified":"2025-04-01T21:16:55","modified_gmt":"2025-04-01T19:16:55","slug":"dialogue-avec-le-seigneur-st-j-escriva","status":"publish","type":"product","link":"https:\/\/didoc.be\/fr\/product\/dialogue-avec-le-seigneur-st-j-escriva\/","title":{"rendered":"Dialogue avec le Seigneur"},"content":{"rendered":"<p>Editeur : Le Laurier (2021)<\/p>\n<p>Nombre de pages :<\/p>\n<p>ISBN :<\/p>\n<div class=\"tab-content\">\n<p>Selon Mgr Xavier Echevarr\u00eda, qui fut l\u2019un de ses plus proches collaborateurs, ce recueil permettra \u00e0 un grand nombre de personnes de trouver \u00ab une aide pour dialoguer avec Dieu, avec confiance et affection filiale \u00bb.<\/p>\n<p><strong>Jos\u00e9maria Escriva<\/strong> (1902\u20131975), fondateur de l\u2019Opus Dei, a \u00e9t\u00e9 canonis\u00e9 le 6 octobre 2002 \u00e0 Rome. Jean-Paul II l\u2019a d\u00e9sign\u00e9, \u00e0 cette occasion, comme \u00ab le saint de l\u2019ordinaire \u00bb. Il est l\u2019auteur notamment de Chemin, Saint Rosaire, Quand le Christ passe, Amis de Dieu, Chemin de Croix, Sillon et Forge.<\/p>\n<\/div>\n","protected":false},"excerpt":{"rendered":"<p>L\u2019abondante pr\u00e9dication de saint Jos\u00e9maria continue d\u2019\u00eatre traduite et publi\u00e9e. Dialogue avec le Seigneur reprend vingt-cinq hom\u00e9lies pr\u00each\u00e9es entre les ann\u00e9es 1954 et 1975. On y retrouve le style de l\u2019auteur, \u00e0 la fois vif, profond et tr\u00e8s pratique.<\/p>\n","protected":false},"featured_media":1866,"comment_status":"closed","ping_status":"closed","template":"","meta":{"inline_featured_image":false},"product_brand":[],"product_cat":[93,50,52],"product_tag":[],"class_list":{"0":"post-4193","1":"product","2":"type-product","3":"status-publish","4":"has-post-thumbnail","6":"product_cat-en-vedette","7":"product_cat-francais","8":"product_cat-josemaria-escriva-2","9":"pa_auteur-josemaria-escriva-3","11":"first","12":"instock","13":"taxable","14":"shipping-taxable","15":"purchasable","16":"product-type-simple"},"acf":[],"_links":{"self":[{"href":"https:\/\/didoc.be\/fr\/wp-json\/wp\/v2\/product\/4193","targetHints":{"allow":["GET"]}}],"collection":[{"href":"https:\/\/didoc.be\/fr\/wp-json\/wp\/v2\/product"}],"about":[{"href":"https:\/\/didoc.be\/fr\/wp-json\/wp\/v2\/types\/product"}],"replies":[{"embeddable":true,"href":"https:\/\/didoc.be\/fr\/wp-json\/wp\/v2\/comments?post=4193"}],"wp:featuredmedia":[{"embeddable":true,"href":"https:\/\/didoc.be\/fr\/wp-json\/wp\/v2\/media\/1866"}],"wp:attachment":[{"href":"https:\/\/didoc.be\/fr\/wp-json\/wp\/v2\/media?parent=4193"}],"wp:term":[{"taxonomy":"product_brand","embeddable":true,"href":"https:\/\/didoc.be\/fr\/wp-json\/wp\/v2\/product_brand?post=4193"},{"taxonomy":"product_cat","embeddable":true,"href":"https:\/\/didoc.be\/fr\/wp-json\/wp\/v2\/product_cat?post=4193"},{"taxonomy":"product_tag","embeddable":true,"href":"https:\/\/didoc.be\/fr\/wp-json\/wp\/v2\/product_tag?post=4193"}],"curies":[{"name":"wp","href":"https:\/\/api.w.org\/{rel}","templated":true}]}}