{"id":4187,"date":"2023-11-27T13:14:50","date_gmt":"2023-11-27T12:14:50","guid":{"rendered":"https:\/\/didoc.be\/product\/le-chemin-de-la-croix-et-les-mysteres-du-rosaire-bx-c-marmion\/"},"modified":"2025-10-01T10:20:43","modified_gmt":"2025-10-01T08:20:43","slug":"le-chemin-de-la-croix-et-les-mysteres-du-rosaire-bx-c-marmion","status":"publish","type":"product","link":"https:\/\/didoc.be\/fr\/product\/le-chemin-de-la-croix-et-les-mysteres-du-rosaire-bx-c-marmion\/","title":{"rendered":"Le chemin de la croix et les myst\u00e8res du rosaire"},"content":{"rendered":"<p>Le chemin de la croix et les myst\u00e8res du rosaire (Bienheureux Columba Marmion)<\/p>\n<p>\u00c9diteur : Le Laurier (2\u00e8me trimestre 2019)<\/p>\n<p>Nombre de pages : 64<\/p>\n<p>ISBN : 9 782864 954637<\/p>\n<p>\u00c0 l&rsquo;image du vitrail du Rosaire dans la basilique de Maredsous (image de couverture) Marie au pied de la Croix, sont r\u00e9unis deux textes en un seul volume, symbole de\u00a0cette pr\u00e9sence de Marie \u00e0 la mort de son fils, appelant sa r\u00e9surrection glorieuse o\u00f9 il entra\u00eenera toute l&rsquo;humanit\u00e9 !<\/p>\n","protected":false},"excerpt":{"rendered":"<p>Le Bienheureux Columba Marmion (1858. 1923) fut un ma\u00eetre spirituel. Il marqua pr\u00eatres, religieux, religieuses et la\u00efcs de son \u00e9poque. Il a \u00e9t\u00e9 b\u00e9atifi\u00e9 par Jean-Paul II le 3 septembre 2000.<\/p>\n","protected":false},"featured_media":1848,"comment_status":"closed","ping_status":"closed","template":"","meta":{"inline_featured_image":false},"product_brand":[],"product_cat":[50,51,55],"product_tag":[],"class_list":{"0":"post-4187","1":"product","2":"type-product","3":"status-publish","4":"has-post-thumbnail","6":"product_cat-francais","7":"product_cat-livrets","8":"product_cat-nouveau","9":"pa_auteur-bx-columba-marmion","11":"first","12":"instock","13":"taxable","14":"shipping-taxable","15":"purchasable","16":"product-type-simple"},"acf":[],"_links":{"self":[{"href":"https:\/\/didoc.be\/fr\/wp-json\/wp\/v2\/product\/4187","targetHints":{"allow":["GET"]}}],"collection":[{"href":"https:\/\/didoc.be\/fr\/wp-json\/wp\/v2\/product"}],"about":[{"href":"https:\/\/didoc.be\/fr\/wp-json\/wp\/v2\/types\/product"}],"replies":[{"embeddable":true,"href":"https:\/\/didoc.be\/fr\/wp-json\/wp\/v2\/comments?post=4187"}],"wp:featuredmedia":[{"embeddable":true,"href":"https:\/\/didoc.be\/fr\/wp-json\/wp\/v2\/media\/1848"}],"wp:attachment":[{"href":"https:\/\/didoc.be\/fr\/wp-json\/wp\/v2\/media?parent=4187"}],"wp:term":[{"taxonomy":"product_brand","embeddable":true,"href":"https:\/\/didoc.be\/fr\/wp-json\/wp\/v2\/product_brand?post=4187"},{"taxonomy":"product_cat","embeddable":true,"href":"https:\/\/didoc.be\/fr\/wp-json\/wp\/v2\/product_cat?post=4187"},{"taxonomy":"product_tag","embeddable":true,"href":"https:\/\/didoc.be\/fr\/wp-json\/wp\/v2\/product_tag?post=4187"}],"curies":[{"name":"wp","href":"https:\/\/api.w.org\/{rel}","templated":true}]}}