{"id":4183,"date":"2023-11-27T13:14:48","date_gmt":"2023-11-27T12:14:48","guid":{"rendered":"https:\/\/didoc.be\/product\/prends-le-large-j-grifone\/"},"modified":"2024-05-23T12:18:13","modified_gmt":"2024-05-23T10:18:13","slug":"prends-le-large-j-grifone","status":"publish","type":"product","link":"https:\/\/didoc.be\/fr\/product\/prends-le-large-j-grifone\/","title":{"rendered":"Prends le large (J. Grifone)"},"content":{"rendered":"<p>Prends le large, l&rsquo;appel \u00e0 la saintet\u00e9 et \u00e0 l&rsquo;\u00e9vang\u00e9lisation. (Joseph Grifone)<\/p>\n<p>Editeur : Le Laurier (4<sup>\u00e8me<\/sup> trimestre 2018)<\/p>\n<p>Nombre de pages : 208<\/p>\n<p>Avec la finesse et la pr\u00e9cision d&rsquo;un professeur de math\u00e9matiques, Joseph Grifone relie la foi du saint \u00e0 un aspect du monde dans lequel nous vivons: Foi et raison chez Thomas d&rsquo;Aquin, foi et engagement chez Thomas More, foi et culture chez Edith Stein, science et foi avec J\u00e9r\u00f4me Lejeune&#8230;<\/p>\n","protected":false},"excerpt":{"rendered":"<p>L&rsquo;appel \u00e0 la saintet\u00e9 et \u00e0 l&rsquo;\u00e9vang\u00e9lisation.<br \/>\n\u00ab\u00a0Les vies des saints sont toujours fascinantes et ceux qui s&rsquo;en approchent ne sont jamais d\u00e9\u00e7us. Mais ces pages ont quelque chose de plus&#8230;\u00a0\u00bb<br \/>\nPr\u00e9face du cardinal Robert Sarah.<\/p>\n","protected":false},"featured_media":1836,"comment_status":"open","ping_status":"closed","template":"","meta":{"inline_featured_image":false},"product_brand":[],"product_cat":[50,49],"product_tag":[],"class_list":{"0":"post-4183","1":"product","2":"type-product","3":"status-publish","4":"has-post-thumbnail","6":"product_cat-francais","7":"product_cat-livres","9":"first","10":"instock","11":"taxable","12":"shipping-taxable","13":"purchasable","14":"product-type-simple"},"acf":[],"_links":{"self":[{"href":"https:\/\/didoc.be\/fr\/wp-json\/wp\/v2\/product\/4183","targetHints":{"allow":["GET"]}}],"collection":[{"href":"https:\/\/didoc.be\/fr\/wp-json\/wp\/v2\/product"}],"about":[{"href":"https:\/\/didoc.be\/fr\/wp-json\/wp\/v2\/types\/product"}],"replies":[{"embeddable":true,"href":"https:\/\/didoc.be\/fr\/wp-json\/wp\/v2\/comments?post=4183"}],"wp:featuredmedia":[{"embeddable":true,"href":"https:\/\/didoc.be\/fr\/wp-json\/wp\/v2\/media\/1836"}],"wp:attachment":[{"href":"https:\/\/didoc.be\/fr\/wp-json\/wp\/v2\/media?parent=4183"}],"wp:term":[{"taxonomy":"product_brand","embeddable":true,"href":"https:\/\/didoc.be\/fr\/wp-json\/wp\/v2\/product_brand?post=4183"},{"taxonomy":"product_cat","embeddable":true,"href":"https:\/\/didoc.be\/fr\/wp-json\/wp\/v2\/product_cat?post=4183"},{"taxonomy":"product_tag","embeddable":true,"href":"https:\/\/didoc.be\/fr\/wp-json\/wp\/v2\/product_tag?post=4183"}],"curies":[{"name":"wp","href":"https:\/\/api.w.org\/{rel}","templated":true}]}}