{"id":4181,"date":"2023-11-27T13:14:48","date_gmt":"2023-11-27T12:14:48","guid":{"rendered":"https:\/\/didoc.be\/product\/saints-en-soiree-j-p-manglano\/"},"modified":"2024-05-23T12:18:13","modified_gmt":"2024-05-23T10:18:13","slug":"saints-en-soiree-j-p-manglano","status":"publish","type":"product","link":"https:\/\/didoc.be\/fr\/product\/saints-en-soiree-j-p-manglano\/","title":{"rendered":"Saints en soir\u00e9e (J.P. Manglano)"},"content":{"rendered":"<p>Saints en soir\u00e9e (Jos\u00e9 Pedro Manglano)<\/p>\n<p>Editeur : Editions des B\u00e9atitudes (Novembre 2018)<\/p>\n<p>Nombre de pages : 264<\/p>\n<p>Le monde a besoin de ces jeunes chr\u00e9tiens qui arrivent, avec et pour leurs amis, dans des lieux o\u00f9 nombreuses sont les tentations. Le temple des chr\u00e9tiens, l\u00e0 o\u00f9 ils se retrouvent et o\u00f9 ils apportent Dieu, c\u2019est la rue. Le temple des chr\u00e9tiens ce sont aussi les lieux de f\u00eate.<\/p>\n<p>L\u2019intention de ces pages est de proposer une aide \u00e0 tous ces jeunes qui ont le d\u00e9sir de suivre le Christ de fa\u00e7on cr\u00e9ative et d\u2019approfondir leur Vie nouvelle en Lui. Ce livre leur pr\u00e9sente la saintet\u00e9 comme accessible et d\u00e9poussi\u00e9r\u00e9e.<\/p>\n","protected":false},"excerpt":{"rendered":"<p>Vivre, aimer, avoir un esprit libre, irradier, annoncer J\u00e9sus vivant\u2026 Voil\u00e0 l\u2019esprit du \u00ab saint en soir\u00e9e \u00bb !<\/p>\n","protected":false},"featured_media":1830,"comment_status":"open","ping_status":"closed","template":"","meta":{"inline_featured_image":false},"product_brand":[],"product_cat":[50,49],"product_tag":[],"class_list":{"0":"post-4181","1":"product","2":"type-product","3":"status-publish","4":"has-post-thumbnail","6":"product_cat-francais","7":"product_cat-livres","9":"first","10":"instock","11":"taxable","12":"shipping-taxable","13":"purchasable","14":"product-type-simple"},"acf":[],"_links":{"self":[{"href":"https:\/\/didoc.be\/fr\/wp-json\/wp\/v2\/product\/4181","targetHints":{"allow":["GET"]}}],"collection":[{"href":"https:\/\/didoc.be\/fr\/wp-json\/wp\/v2\/product"}],"about":[{"href":"https:\/\/didoc.be\/fr\/wp-json\/wp\/v2\/types\/product"}],"replies":[{"embeddable":true,"href":"https:\/\/didoc.be\/fr\/wp-json\/wp\/v2\/comments?post=4181"}],"wp:featuredmedia":[{"embeddable":true,"href":"https:\/\/didoc.be\/fr\/wp-json\/wp\/v2\/media\/1830"}],"wp:attachment":[{"href":"https:\/\/didoc.be\/fr\/wp-json\/wp\/v2\/media?parent=4181"}],"wp:term":[{"taxonomy":"product_brand","embeddable":true,"href":"https:\/\/didoc.be\/fr\/wp-json\/wp\/v2\/product_brand?post=4181"},{"taxonomy":"product_cat","embeddable":true,"href":"https:\/\/didoc.be\/fr\/wp-json\/wp\/v2\/product_cat?post=4181"},{"taxonomy":"product_tag","embeddable":true,"href":"https:\/\/didoc.be\/fr\/wp-json\/wp\/v2\/product_tag?post=4181"}],"curies":[{"name":"wp","href":"https:\/\/api.w.org\/{rel}","templated":true}]}}