{"id":4179,"date":"2023-11-27T13:14:47","date_gmt":"2023-11-27T12:14:47","guid":{"rendered":"https:\/\/didoc.be\/product\/neuvaine-de-la-serenite-f-faus\/"},"modified":"2024-05-23T12:18:13","modified_gmt":"2024-05-23T10:18:13","slug":"neuvaine-de-la-serenite-f-faus","status":"publish","type":"product","link":"https:\/\/didoc.be\/fr\/product\/neuvaine-de-la-serenite-f-faus\/","title":{"rendered":"Neuvaine de la s\u00e9r\u00e9nit\u00e9 (F. Faus)"},"content":{"rendered":"<p>Neuvaine de pri\u00e8re compos\u00e9e par Francisco Faus<\/p>\n<p>\u00c9diteur : Le Laurier.<\/p>\n<p>Nombre de pages : 12<\/p>\n<p>\u00d4 Dieu, p\u00e8re de Mis\u00e9ricorde, toi qui as accord\u00e9 au bienheureux Alvaro, \u00e9v\u00eaque, le gr\u00e2ce d&rsquo;\u00eatre, avec l&rsquo;aide de la Vierge Marie, un pasteur exemplaire au service de l&rsquo;\u00c9glise, et le tr\u00e8s fid\u00e8le fils et successeur de saint Jos\u00e9maria, fondateur de l&rsquo;Opus Dei : fais que je sache moi aussi, r\u00e9pondre fid\u00e8lement aux exigences de la vocation chr\u00e9tienne en trasformant tous les instants et circonstance de ma vie en occasions de t&rsquo;aimer et de servir le r\u00e8gen de J\u00e9sus-Christ. Daigne conc\u00e9der la canonisation du bienheureux Alvaro, et accorde-moi, par son intercession, la faveur que je te demande : &#8230; Amen.<\/p>\n<p>Notre P\u00e8re, Je vous salue Marie, Gloire au P\u00e8re.<\/p>\n","protected":false},"excerpt":{"rendered":"<p>Neuvaine de la S\u00e9r\u00e9nit\u00e9 au Bienheureux Alvaro del Portillo<br \/>\npour demander la paix du coeur<\/p>\n","protected":false},"featured_media":1824,"comment_status":"open","ping_status":"closed","template":"","meta":{"inline_featured_image":false},"product_brand":[],"product_cat":[50,51],"product_tag":[],"class_list":{"0":"post-4179","1":"product","2":"type-product","3":"status-publish","4":"has-post-thumbnail","6":"product_cat-francais","7":"product_cat-livrets","9":"first","10":"instock","11":"taxable","12":"shipping-taxable","13":"purchasable","14":"product-type-simple"},"acf":[],"_links":{"self":[{"href":"https:\/\/didoc.be\/fr\/wp-json\/wp\/v2\/product\/4179","targetHints":{"allow":["GET"]}}],"collection":[{"href":"https:\/\/didoc.be\/fr\/wp-json\/wp\/v2\/product"}],"about":[{"href":"https:\/\/didoc.be\/fr\/wp-json\/wp\/v2\/types\/product"}],"replies":[{"embeddable":true,"href":"https:\/\/didoc.be\/fr\/wp-json\/wp\/v2\/comments?post=4179"}],"wp:featuredmedia":[{"embeddable":true,"href":"https:\/\/didoc.be\/fr\/wp-json\/wp\/v2\/media\/1824"}],"wp:attachment":[{"href":"https:\/\/didoc.be\/fr\/wp-json\/wp\/v2\/media?parent=4179"}],"wp:term":[{"taxonomy":"product_brand","embeddable":true,"href":"https:\/\/didoc.be\/fr\/wp-json\/wp\/v2\/product_brand?post=4179"},{"taxonomy":"product_cat","embeddable":true,"href":"https:\/\/didoc.be\/fr\/wp-json\/wp\/v2\/product_cat?post=4179"},{"taxonomy":"product_tag","embeddable":true,"href":"https:\/\/didoc.be\/fr\/wp-json\/wp\/v2\/product_tag?post=4179"}],"curies":[{"name":"wp","href":"https:\/\/api.w.org\/{rel}","templated":true}]}}