{"id":4178,"date":"2023-11-27T13:14:47","date_gmt":"2023-11-27T12:14:47","guid":{"rendered":"https:\/\/didoc.be\/product\/labandon-a-la-providence-divine-j-p-de-caussade\/"},"modified":"2024-05-23T12:18:13","modified_gmt":"2024-05-23T10:18:13","slug":"labandon-a-la-providence-divine-j-p-de-caussade","status":"publish","type":"product","link":"https:\/\/didoc.be\/fr\/product\/labandon-a-la-providence-divine-j-p-de-caussade\/","title":{"rendered":"L&rsquo;abandon \u00e0 la Providence divine (J.P. de Caussade)"},"content":{"rendered":"<p>L&rsquo;abandon \u00e0 la divine Providence. (Jean-Pierre de Caussade S. J)<\/p>\n<p>\u00c9diteur : Le Laurier (Novembre 2018)<\/p>\n<p>Nombre de pages : 80<\/p>\n<p>Contre les tentations de l&rsquo;activisme et de l&rsquo;efficacit\u00e9, nous pourrions apprendre que l&rsquo;important n&rsquo;est pas de faire des \u0153uvres pour Dieu, mais de faire l&rsquo;\u0153uvre de Dieu. Contre les maladies de l&rsquo;angoisse, les culpabilit\u00e9s du pass\u00e9, les inqui\u00e9tudes de l&rsquo;avenir, nous pourrions accueillir de fa\u00e7on nouvelle la gr\u00e2ce du moment pr\u00e9sent. Le chemin de l&rsquo;abandon, pour le P\u00e8re de Caussade, s&rsquo;identifie avec celui de la saintet\u00e9, et rejoint Marie, dans le mot qui r\u00e9sume toute sa vie: <em>Fiat !<\/em><\/p>\n<p>L&rsquo;abandon \u00e0 la Porvidence divine fut publi\u00e9 en 1860, \u00e0 partir des lettres et textes \u00e9crits par le P\u00e8re de Caussade (1675-1751), lorque le j\u00e9suite Henri Rami\u00e8re en prit connaissance. Nous publions ici les extraits de l&rsquo;ouvrage r\u00e9alis\u00e9s par le P\u00e8re J. Mee\u00fcs et publi\u00e9s par l&rsquo;association Fiat (Belgique).<\/p>\n","protected":false},"excerpt":{"rendered":"<p>L&rsquo;un des th\u00e8mes majeurs de l&rsquo;abandon \u00e0 la divine Providence est celui du moment pr\u00e9sent. L&rsquo;action de Dieu colle \u00e0 la r\u00e9alit\u00e9 la plus humble, la plus quotidienne.<\/p>\n","protected":false},"featured_media":1821,"comment_status":"open","ping_status":"closed","template":"","meta":{"inline_featured_image":false},"product_brand":[],"product_cat":[50,51],"product_tag":[],"class_list":{"0":"post-4178","1":"product","2":"type-product","3":"status-publish","4":"has-post-thumbnail","6":"product_cat-francais","7":"product_cat-livrets","9":"first","10":"instock","11":"taxable","12":"shipping-taxable","13":"purchasable","14":"product-type-simple"},"acf":[],"_links":{"self":[{"href":"https:\/\/didoc.be\/fr\/wp-json\/wp\/v2\/product\/4178","targetHints":{"allow":["GET"]}}],"collection":[{"href":"https:\/\/didoc.be\/fr\/wp-json\/wp\/v2\/product"}],"about":[{"href":"https:\/\/didoc.be\/fr\/wp-json\/wp\/v2\/types\/product"}],"replies":[{"embeddable":true,"href":"https:\/\/didoc.be\/fr\/wp-json\/wp\/v2\/comments?post=4178"}],"wp:featuredmedia":[{"embeddable":true,"href":"https:\/\/didoc.be\/fr\/wp-json\/wp\/v2\/media\/1821"}],"wp:attachment":[{"href":"https:\/\/didoc.be\/fr\/wp-json\/wp\/v2\/media?parent=4178"}],"wp:term":[{"taxonomy":"product_brand","embeddable":true,"href":"https:\/\/didoc.be\/fr\/wp-json\/wp\/v2\/product_brand?post=4178"},{"taxonomy":"product_cat","embeddable":true,"href":"https:\/\/didoc.be\/fr\/wp-json\/wp\/v2\/product_cat?post=4178"},{"taxonomy":"product_tag","embeddable":true,"href":"https:\/\/didoc.be\/fr\/wp-json\/wp\/v2\/product_tag?post=4178"}],"curies":[{"name":"wp","href":"https:\/\/api.w.org\/{rel}","templated":true}]}}