{"id":4177,"date":"2023-11-27T13:14:45","date_gmt":"2023-11-27T12:14:45","guid":{"rendered":"https:\/\/didoc.be\/product\/baudouin-et-fabiola-b-chovelon\/"},"modified":"2024-05-23T12:18:13","modified_gmt":"2024-05-23T10:18:13","slug":"baudouin-et-fabiola-b-chovelon","status":"publish","type":"product","link":"https:\/\/didoc.be\/fr\/product\/baudouin-et-fabiola-b-chovelon\/","title":{"rendered":"Baudouin et Fabiola (B. Chovelon)"},"content":{"rendered":"<p>Baudouin et Fabiola (Bernadette Chovelon)<\/p>\n<p>L&rsquo;itin\u00e9raire spirituel d&rsquo;un couple<\/p>\n<p>Editeur : Art\u00e8ge (octobre 2018)<\/p>\n<p>Nombre de pages : 220<\/p>\n<div>Chaque couple a son histoire. Et quand un couple&nbsp;r\u00e8gne sur la Belgique, il appartient aussi \u00e0 l&rsquo;Histoire.&nbsp;Bernadette Chovelon retrace ici la vie du roi Baudouin&nbsp;et de son \u00e9pouse Fabiola, depuis leur romanesque&nbsp;rencontre jusqu&rsquo;\u00e0 ce que la mort les s\u00e9pare. Elle nous&nbsp;fait d\u00e9couvrir l&rsquo;intimit\u00e9 de leur vie spirituelle comme&nbsp;leur action publique face aux \u00e9v\u00e9nements qui ont&nbsp;boulevers\u00e9 l&rsquo;histoire de la Belgique.<\/div>\n<div>Cet ouvrage, unique dans son approche, r\u00e9v\u00e8le le lien&nbsp;le plus fort de leur mariage : leurs vies \u00e9troitement&nbsp;unies sous le regard de Dieu et donn\u00e9es aux autres.&nbsp;On ne pouvait laisser sous le boisseau cette spiritualit\u00e9&nbsp;v\u00e9cue \u00e0 deux, tant elle rayonne et peut inspirer tous&nbsp;les couples !<\/div>\n","protected":false},"excerpt":{"rendered":"<p>Chaque couple a son histoire. Et quand un couple r\u00e8gne sur la Belgique, il appartient aussi \u00e0 l&rsquo;Histoire. Bernadette Chovelon retrace ici la vie du roi Baudouin et de son \u00e9pouse Fabiola, depuis leur romanesque rencontre jusqu&rsquo;\u00e0 ce que la mort les s\u00e9pare.<\/p>\n","protected":false},"featured_media":1818,"comment_status":"open","ping_status":"closed","template":"","meta":{"inline_featured_image":false},"product_brand":[],"product_cat":[50,49],"product_tag":[],"class_list":{"0":"post-4177","1":"product","2":"type-product","3":"status-publish","4":"has-post-thumbnail","6":"product_cat-francais","7":"product_cat-livres","9":"first","10":"instock","11":"taxable","12":"shipping-taxable","13":"purchasable","14":"product-type-simple"},"acf":[],"_links":{"self":[{"href":"https:\/\/didoc.be\/fr\/wp-json\/wp\/v2\/product\/4177","targetHints":{"allow":["GET"]}}],"collection":[{"href":"https:\/\/didoc.be\/fr\/wp-json\/wp\/v2\/product"}],"about":[{"href":"https:\/\/didoc.be\/fr\/wp-json\/wp\/v2\/types\/product"}],"replies":[{"embeddable":true,"href":"https:\/\/didoc.be\/fr\/wp-json\/wp\/v2\/comments?post=4177"}],"wp:featuredmedia":[{"embeddable":true,"href":"https:\/\/didoc.be\/fr\/wp-json\/wp\/v2\/media\/1818"}],"wp:attachment":[{"href":"https:\/\/didoc.be\/fr\/wp-json\/wp\/v2\/media?parent=4177"}],"wp:term":[{"taxonomy":"product_brand","embeddable":true,"href":"https:\/\/didoc.be\/fr\/wp-json\/wp\/v2\/product_brand?post=4177"},{"taxonomy":"product_cat","embeddable":true,"href":"https:\/\/didoc.be\/fr\/wp-json\/wp\/v2\/product_cat?post=4177"},{"taxonomy":"product_tag","embeddable":true,"href":"https:\/\/didoc.be\/fr\/wp-json\/wp\/v2\/product_tag?post=4177"}],"curies":[{"name":"wp","href":"https:\/\/api.w.org\/{rel}","templated":true}]}}