{"id":4174,"date":"2023-11-27T13:14:44","date_gmt":"2023-11-27T12:14:44","guid":{"rendered":"https:\/\/didoc.be\/product\/les-sept-paroles-du-christ-en-croix-journet\/"},"modified":"2024-05-23T12:18:14","modified_gmt":"2024-05-23T10:18:14","slug":"les-sept-paroles-du-christ-en-croix-journet","status":"publish","type":"product","link":"https:\/\/didoc.be\/fr\/product\/les-sept-paroles-du-christ-en-croix-journet\/","title":{"rendered":"Les sept paroles du Christ en croix (Journet)"},"content":{"rendered":"<p>Les sept paroles du Christ en croix (Charles Journet)<\/p>\n<p>Editeur: Seuil, coll. Livre de vie (1952)<\/p>\n<p>Nombre de pages: 192<\/p>\n<p>Un commentaire \u00e9crit comme une pri\u00e8re qui fait entrer le lecteur dans le myst\u00e8re de la R\u00e9demption, centre et fondement de tout le christianisme.<\/p>\n","protected":false},"excerpt":{"rendered":"<p>Sur la croix, moment d\u00e9cisif entre tous, le Christ a prononc\u00e9 sept paroles que l&rsquo;auteur de ce livre, th\u00e9ologien et contemplatif, a m\u00e9dit\u00e9es longuement, mot \u00e0 mot.<\/p>\n","protected":false},"featured_media":1809,"comment_status":"open","ping_status":"closed","template":"","meta":{"inline_featured_image":false},"product_brand":[],"product_cat":[50,49],"product_tag":[],"class_list":{"0":"post-4174","1":"product","2":"type-product","3":"status-publish","4":"has-post-thumbnail","6":"product_cat-francais","7":"product_cat-livres","9":"first","10":"instock","11":"taxable","12":"shipping-taxable","13":"purchasable","14":"product-type-simple"},"acf":[],"_links":{"self":[{"href":"https:\/\/didoc.be\/fr\/wp-json\/wp\/v2\/product\/4174","targetHints":{"allow":["GET"]}}],"collection":[{"href":"https:\/\/didoc.be\/fr\/wp-json\/wp\/v2\/product"}],"about":[{"href":"https:\/\/didoc.be\/fr\/wp-json\/wp\/v2\/types\/product"}],"replies":[{"embeddable":true,"href":"https:\/\/didoc.be\/fr\/wp-json\/wp\/v2\/comments?post=4174"}],"wp:featuredmedia":[{"embeddable":true,"href":"https:\/\/didoc.be\/fr\/wp-json\/wp\/v2\/media\/1809"}],"wp:attachment":[{"href":"https:\/\/didoc.be\/fr\/wp-json\/wp\/v2\/media?parent=4174"}],"wp:term":[{"taxonomy":"product_brand","embeddable":true,"href":"https:\/\/didoc.be\/fr\/wp-json\/wp\/v2\/product_brand?post=4174"},{"taxonomy":"product_cat","embeddable":true,"href":"https:\/\/didoc.be\/fr\/wp-json\/wp\/v2\/product_cat?post=4174"},{"taxonomy":"product_tag","embeddable":true,"href":"https:\/\/didoc.be\/fr\/wp-json\/wp\/v2\/product_tag?post=4174"}],"curies":[{"name":"wp","href":"https:\/\/api.w.org\/{rel}","templated":true}]}}