{"id":4173,"date":"2023-11-27T13:14:44","date_gmt":"2023-11-27T12:14:44","guid":{"rendered":"https:\/\/didoc.be\/product\/la-liberte-des-enfants-de-dieu-a-vidal\/"},"modified":"2025-04-06T12:26:16","modified_gmt":"2025-04-06T10:26:16","slug":"la-liberte-des-enfants-de-dieu-a-vidal","status":"publish","type":"product","link":"https:\/\/didoc.be\/fr\/product\/la-liberte-des-enfants-de-dieu-a-vidal\/","title":{"rendered":"La libert\u00e9 des enfants de Dieu"},"content":{"rendered":"<p>\u00c9diteur : Le Laurier (mai 2018)<\/p>\n<p>Nombre de pages : 144<\/p>\n<p>ISBN : 9 782864 954514<\/p>\n<p>Son amour de la libert\u00e9 est profond\u00e9ment li\u00e9 \u00e0 deux \u00e9l\u00e9ments centraux de ses enseignements : la conscience de la filiation divine d&rsquo;une part, la sanctification du travail professionnel et plus g\u00e9n\u00e9ralement de l&rsquo;ensemble de la vie ordinaire d&rsquo;autre part. La filiation adoptive est pour lui la racine de la libert\u00e9 ; le travail et la vie ordinaire sont, quant \u00e0 eux, le champ o\u00f9 elle est cultiv\u00e9e et porte du fruit.<\/p>\n","protected":false},"excerpt":{"rendered":"<p>Saint Jos\u00e9maria manifeste pour la libert\u00e9 une sensibilit\u00e9 et une estime toute sp\u00e9ciale. Il la d\u00e9couvre partout dans la sainte \u00c9criture.<\/p>\n","protected":false},"featured_media":1806,"comment_status":"closed","ping_status":"closed","template":"","meta":{"inline_featured_image":false},"product_brand":[],"product_cat":[50,49],"product_tag":[],"class_list":{"0":"post-4173","1":"product","2":"type-product","3":"status-publish","4":"has-post-thumbnail","6":"product_cat-francais","7":"product_cat-livres","8":"pa_auteur-alphonse-vidal","10":"first","11":"instock","12":"taxable","13":"shipping-taxable","14":"purchasable","15":"product-type-simple"},"acf":[],"_links":{"self":[{"href":"https:\/\/didoc.be\/fr\/wp-json\/wp\/v2\/product\/4173","targetHints":{"allow":["GET"]}}],"collection":[{"href":"https:\/\/didoc.be\/fr\/wp-json\/wp\/v2\/product"}],"about":[{"href":"https:\/\/didoc.be\/fr\/wp-json\/wp\/v2\/types\/product"}],"replies":[{"embeddable":true,"href":"https:\/\/didoc.be\/fr\/wp-json\/wp\/v2\/comments?post=4173"}],"wp:featuredmedia":[{"embeddable":true,"href":"https:\/\/didoc.be\/fr\/wp-json\/wp\/v2\/media\/1806"}],"wp:attachment":[{"href":"https:\/\/didoc.be\/fr\/wp-json\/wp\/v2\/media?parent=4173"}],"wp:term":[{"taxonomy":"product_brand","embeddable":true,"href":"https:\/\/didoc.be\/fr\/wp-json\/wp\/v2\/product_brand?post=4173"},{"taxonomy":"product_cat","embeddable":true,"href":"https:\/\/didoc.be\/fr\/wp-json\/wp\/v2\/product_cat?post=4173"},{"taxonomy":"product_tag","embeddable":true,"href":"https:\/\/didoc.be\/fr\/wp-json\/wp\/v2\/product_tag?post=4173"}],"curies":[{"name":"wp","href":"https:\/\/api.w.org\/{rel}","templated":true}]}}