{"id":4169,"date":"2023-11-27T13:14:42","date_gmt":"2023-11-27T12:14:42","guid":{"rendered":"https:\/\/didoc.be\/product\/gaudete-et-exsultate-pape-francois\/"},"modified":"2024-05-23T12:18:14","modified_gmt":"2024-05-23T10:18:14","slug":"gaudete-et-exsultate-pape-francois","status":"publish","type":"product","link":"https:\/\/didoc.be\/fr\/product\/gaudete-et-exsultate-pape-francois\/","title":{"rendered":"Gaudete et exsultate (Pape Fran\u00e7ois)"},"content":{"rendered":"<p>Gaudete et exsultate (Pape Fran\u00e7ois)<\/p>\n<p>Soyez dans la joie et l&rsquo;allegresse<\/p>\n<p>Edition : Fid\u00e9lit\u00e9 (Avril 2018)<\/p>\n<p>Nombre de pages : 104<\/p>\n<p>ISBN : 9 782873 568054<\/p>\n<p>La saintet\u00e9, et tout sp\u00e9cialement l\u2019appel universel \u00e0 la saintet\u00e9 est un th\u00e8me cher au pape Fran\u00e7ois. Le pr\u00e9sent document est une vibrante exhortation adress\u00e9e \u00e0 tous les fid\u00e8les \u00e0 prendre au s\u00e9rieux leur appel \u00e0 vivre la saintet\u00e9 dans tous les aspects de leur vie de tous les jours.<\/p>\n","protected":false},"excerpt":{"rendered":"<p>Exhortation apostolique sur l&rsquo;appel \u00e0 la saintet\u00e9 dans le monde actuel<\/p>\n","protected":false},"featured_media":1794,"comment_status":"open","ping_status":"closed","template":"","meta":{"inline_featured_image":false},"product_brand":[],"product_cat":[50,51],"product_tag":[],"class_list":{"0":"post-4169","1":"product","2":"type-product","3":"status-publish","4":"has-post-thumbnail","6":"product_cat-francais","7":"product_cat-livrets","9":"first","10":"instock","11":"taxable","12":"shipping-taxable","13":"purchasable","14":"product-type-simple"},"acf":[],"_links":{"self":[{"href":"https:\/\/didoc.be\/fr\/wp-json\/wp\/v2\/product\/4169","targetHints":{"allow":["GET"]}}],"collection":[{"href":"https:\/\/didoc.be\/fr\/wp-json\/wp\/v2\/product"}],"about":[{"href":"https:\/\/didoc.be\/fr\/wp-json\/wp\/v2\/types\/product"}],"replies":[{"embeddable":true,"href":"https:\/\/didoc.be\/fr\/wp-json\/wp\/v2\/comments?post=4169"}],"wp:featuredmedia":[{"embeddable":true,"href":"https:\/\/didoc.be\/fr\/wp-json\/wp\/v2\/media\/1794"}],"wp:attachment":[{"href":"https:\/\/didoc.be\/fr\/wp-json\/wp\/v2\/media?parent=4169"}],"wp:term":[{"taxonomy":"product_brand","embeddable":true,"href":"https:\/\/didoc.be\/fr\/wp-json\/wp\/v2\/product_brand?post=4169"},{"taxonomy":"product_cat","embeddable":true,"href":"https:\/\/didoc.be\/fr\/wp-json\/wp\/v2\/product_cat?post=4169"},{"taxonomy":"product_tag","embeddable":true,"href":"https:\/\/didoc.be\/fr\/wp-json\/wp\/v2\/product_tag?post=4169"}],"curies":[{"name":"wp","href":"https:\/\/api.w.org\/{rel}","templated":true}]}}