{"id":4167,"date":"2023-11-27T13:14:42","date_gmt":"2023-11-27T12:14:42","guid":{"rendered":"https:\/\/didoc.be\/product\/crees-pour-se-donner-s-seminckx\/"},"modified":"2026-03-07T05:55:34","modified_gmt":"2026-03-07T04:55:34","slug":"crees-pour-se-donner-s-seminckx","status":"publish","type":"product","link":"https:\/\/didoc.be\/fr\/product\/crees-pour-se-donner-s-seminckx\/","title":{"rendered":"Cr\u00e9\u00e9s pour se donner (S. Seminckx)"},"content":{"rendered":"<p>Cr\u00e9\u00e9s pour se donner (St\u00e9phane Seminckx)<\/p>\n<p>Sous titre : Le sens chr\u00e9tien du mariage<\/p>\n<p>Editeur : Pierre T\u00c9QUI (F\u00e9vrier 2018)<\/p>\n<p>Nombre de pages : 160<\/p>\n<p>ISBN : 9782740320686<\/p>\n<p>Se donner totalement \u00e0 l&rsquo;autre, fonder une famille unie, donner la vie et \u00eatre fid\u00e8le \u00e0 son conjoint jusqu&rsquo;\u00e0 la mort. Tels sont les ingr\u00e9dients du grand amour et du bonheur. Nous en avons tous l&rsquo;intuition, et nous en r\u00eavons tous plus ou moins confus\u00e9ment. Mais nous le consid\u00e9rons aussi souvent comme un r\u00eave inatteignable, une utopie.<\/p>\n<p> Pourtant, c&rsquo;est possible, avec le Christ. Il y a cinquante ans, Paul VI \u00e9crivait un document proph\u00e9tique sur l&rsquo;amour conjugal, l&rsquo;encyclique <a href=\"http:\/\/www.librairietequi.com\/A-55538-sur-le-mariage-et-la-regulation-des-naissances.aspx\"><em>Human\u00e6 vit\u00e6<\/em><\/a>. Message compl\u00e9t\u00e9 et d\u00e9velopp\u00e9 ensuite par les enseignements de Jean-Paul II, Beno\u00eet XVI et Fran\u00e7ois, pour nous offrir aujourd&rsquo;hui une vision profonde et moderne du mariage chr\u00e9tien, qui r\u00e9pond de fa\u00e7on convaincante aux aspirations les plus \u00e9lev\u00e9es du c\u0153ur humain.<\/p>\n","protected":false},"excerpt":{"rendered":"<p>Une vision profonde et moderne du mariage chr\u00e9tien, qui r\u00e9pond de fa\u00e7on convaincante aux aspirations les plus \u00e9lev\u00e9es du c\u0153ur humain.<\/p>\n","protected":false},"featured_media":1788,"comment_status":"closed","ping_status":"closed","template":"","meta":{"inline_featured_image":false},"product_brand":[],"product_cat":[50,49],"product_tag":[],"class_list":{"0":"post-4167","1":"product","2":"type-product","3":"status-publish","4":"has-post-thumbnail","6":"product_cat-francais","7":"product_cat-livres","9":"first","10":"outofstock","11":"taxable","12":"shipping-taxable","13":"purchasable","14":"product-type-simple"},"acf":[],"_links":{"self":[{"href":"https:\/\/didoc.be\/fr\/wp-json\/wp\/v2\/product\/4167","targetHints":{"allow":["GET"]}}],"collection":[{"href":"https:\/\/didoc.be\/fr\/wp-json\/wp\/v2\/product"}],"about":[{"href":"https:\/\/didoc.be\/fr\/wp-json\/wp\/v2\/types\/product"}],"replies":[{"embeddable":true,"href":"https:\/\/didoc.be\/fr\/wp-json\/wp\/v2\/comments?post=4167"}],"wp:featuredmedia":[{"embeddable":true,"href":"https:\/\/didoc.be\/fr\/wp-json\/wp\/v2\/media\/1788"}],"wp:attachment":[{"href":"https:\/\/didoc.be\/fr\/wp-json\/wp\/v2\/media?parent=4167"}],"wp:term":[{"taxonomy":"product_brand","embeddable":true,"href":"https:\/\/didoc.be\/fr\/wp-json\/wp\/v2\/product_brand?post=4167"},{"taxonomy":"product_cat","embeddable":true,"href":"https:\/\/didoc.be\/fr\/wp-json\/wp\/v2\/product_cat?post=4167"},{"taxonomy":"product_tag","embeddable":true,"href":"https:\/\/didoc.be\/fr\/wp-json\/wp\/v2\/product_tag?post=4167"}],"curies":[{"name":"wp","href":"https:\/\/api.w.org\/{rel}","templated":true}]}}