{"id":4166,"date":"2023-11-27T13:14:42","date_gmt":"2023-11-27T12:14:42","guid":{"rendered":"https:\/\/didoc.be\/product\/deviens-ce-que-tu-es-w-vial\/"},"modified":"2024-05-23T12:18:14","modified_gmt":"2024-05-23T10:18:14","slug":"deviens-ce-que-tu-es-w-vial","status":"publish","type":"product","link":"https:\/\/didoc.be\/fr\/product\/deviens-ce-que-tu-es-w-vial\/","title":{"rendered":"Deviens ce que tu es (W. Vial)"},"content":{"rendered":"<p>Deviens ce que tu es (Wenceslao Vial)<\/p>\n<p>\u00c9diteur : Le Laurier (Novembre 2017)<\/p>\n<p>Nombre de pages : 126<\/p>\n<p>Perfectionner notre propre personnalit\u00e9, l&rsquo;amour de soi et les vertus, sans chercher \u00e0 imiter les mod\u00e8les qui \u00e9loigneraient de notre propre identit\u00e9. \u00catre plus heureux dans une vie coh\u00e9rente, acqu\u00e9rir une plus grande empathie avec ceux qui nous entourent&#8230;<\/p>\n","protected":false},"excerpt":{"rendered":"<p>Comment forger une personnalit\u00e9 gr\u00e2ce aux conseils de quelques philosophes, pr\u00eatres et \u00e9ducateurs.<\/p>\n","protected":false},"featured_media":1785,"comment_status":"open","ping_status":"closed","template":"","meta":{"inline_featured_image":false},"product_brand":[],"product_cat":[50,49],"product_tag":[],"class_list":{"0":"post-4166","1":"product","2":"type-product","3":"status-publish","4":"has-post-thumbnail","6":"product_cat-francais","7":"product_cat-livres","9":"first","10":"instock","11":"taxable","12":"shipping-taxable","13":"purchasable","14":"product-type-simple"},"acf":[],"_links":{"self":[{"href":"https:\/\/didoc.be\/fr\/wp-json\/wp\/v2\/product\/4166","targetHints":{"allow":["GET"]}}],"collection":[{"href":"https:\/\/didoc.be\/fr\/wp-json\/wp\/v2\/product"}],"about":[{"href":"https:\/\/didoc.be\/fr\/wp-json\/wp\/v2\/types\/product"}],"replies":[{"embeddable":true,"href":"https:\/\/didoc.be\/fr\/wp-json\/wp\/v2\/comments?post=4166"}],"wp:featuredmedia":[{"embeddable":true,"href":"https:\/\/didoc.be\/fr\/wp-json\/wp\/v2\/media\/1785"}],"wp:attachment":[{"href":"https:\/\/didoc.be\/fr\/wp-json\/wp\/v2\/media?parent=4166"}],"wp:term":[{"taxonomy":"product_brand","embeddable":true,"href":"https:\/\/didoc.be\/fr\/wp-json\/wp\/v2\/product_brand?post=4166"},{"taxonomy":"product_cat","embeddable":true,"href":"https:\/\/didoc.be\/fr\/wp-json\/wp\/v2\/product_cat?post=4166"},{"taxonomy":"product_tag","embeddable":true,"href":"https:\/\/didoc.be\/fr\/wp-json\/wp\/v2\/product_tag?post=4166"}],"curies":[{"name":"wp","href":"https:\/\/api.w.org\/{rel}","templated":true}]}}