{"id":4165,"date":"2023-11-27T13:14:41","date_gmt":"2023-11-27T12:14:41","guid":{"rendered":"https:\/\/didoc.be\/product\/bref-expose-de-la-foi-catholique-j-p-savignac\/"},"modified":"2026-03-13T14:55:03","modified_gmt":"2026-03-13T13:55:03","slug":"bref-expose-de-la-foi-catholique-j-p-savignac","status":"publish","type":"product","link":"https:\/\/didoc.be\/fr\/product\/bref-expose-de-la-foi-catholique-j-p-savignac\/","title":{"rendered":"Bref expos\u00e9 de la foi catholique (J.-P. Savignac)"},"content":{"rendered":"<p>Bref expos\u00e9 de la foi catholique (Jean-Paul Savignac)<\/p>\n<p>\u00c9diteur : Le Laurier (D\u00e9cembre 2017)<\/p>\n<p>Nombre de pages : 66<\/p>\n<p>Conna\u00eetre la religion chr\u00e9tienne\u2026 Voici une introduction pratique et maniable en tous lieux, en tous temps.&nbsp; <br \/> Les r\u00e9f\u00e9rences de ces pages renvoient \u00e0 cette source majeure qu\u2019est le <em>Cat\u00e9chisme de l\u2019\u00c9glise Catholique.<\/em> C\u2019est une invitation \u00e0 aller plus loin\u2026<\/p>\n","protected":false},"excerpt":{"rendered":"<p>Pourquoi ce Bref expos\u00e9 de la Foi Catholique? Essentiellement pour apporter une r\u00e9ponse \u00e0 tous ceux qui tel Saint Paul sur le chemin de Damas se posent la question: \u00a8Mais qui es-tu Seigneur?\u00a0\u00bb<\/p>\n","protected":false},"featured_media":1782,"comment_status":"closed","ping_status":"closed","template":"","meta":{"inline_featured_image":false},"product_brand":[],"product_cat":[50,51],"product_tag":[],"class_list":{"0":"post-4165","1":"product","2":"type-product","3":"status-publish","4":"has-post-thumbnail","6":"product_cat-francais","7":"product_cat-livrets","9":"first","10":"outofstock","11":"taxable","12":"shipping-taxable","13":"purchasable","14":"product-type-simple"},"acf":[],"_links":{"self":[{"href":"https:\/\/didoc.be\/fr\/wp-json\/wp\/v2\/product\/4165","targetHints":{"allow":["GET"]}}],"collection":[{"href":"https:\/\/didoc.be\/fr\/wp-json\/wp\/v2\/product"}],"about":[{"href":"https:\/\/didoc.be\/fr\/wp-json\/wp\/v2\/types\/product"}],"replies":[{"embeddable":true,"href":"https:\/\/didoc.be\/fr\/wp-json\/wp\/v2\/comments?post=4165"}],"wp:featuredmedia":[{"embeddable":true,"href":"https:\/\/didoc.be\/fr\/wp-json\/wp\/v2\/media\/1782"}],"wp:attachment":[{"href":"https:\/\/didoc.be\/fr\/wp-json\/wp\/v2\/media?parent=4165"}],"wp:term":[{"taxonomy":"product_brand","embeddable":true,"href":"https:\/\/didoc.be\/fr\/wp-json\/wp\/v2\/product_brand?post=4165"},{"taxonomy":"product_cat","embeddable":true,"href":"https:\/\/didoc.be\/fr\/wp-json\/wp\/v2\/product_cat?post=4165"},{"taxonomy":"product_tag","embeddable":true,"href":"https:\/\/didoc.be\/fr\/wp-json\/wp\/v2\/product_tag?post=4165"}],"curies":[{"name":"wp","href":"https:\/\/api.w.org\/{rel}","templated":true}]}}