{"id":4155,"date":"2023-11-27T13:14:38","date_gmt":"2023-11-27T12:14:38","guid":{"rendered":"https:\/\/didoc.be\/product\/a-la-rencontre-de-jesus-christ-j-grifone\/"},"modified":"2024-05-23T12:18:15","modified_gmt":"2024-05-23T10:18:15","slug":"a-la-rencontre-de-jesus-christ-j-grifone","status":"publish","type":"product","link":"https:\/\/didoc.be\/fr\/product\/a-la-rencontre-de-jesus-christ-j-grifone\/","title":{"rendered":"\u00c0 la rencontre de J\u00e9sus-Christ (J. Grifone)"},"content":{"rendered":"<p><strong>\u00c0 la rencontre de J\u00e9sus-Christ. <em><\/em><\/strong><em>Joseph Grifone<\/em><\/p>\n<p>\u00c9diteur : Le Laurier, juillet 2017<\/p>\n<p>Nombre de pages : 320<\/p>\n<p>Il se pr\u00e9sente sous la forme d&rsquo;un itin\u00e9raire en trois \u00e9tapes:<\/p>\n<p>&#8211; la premi\u00e8re: chercher le Christ. Prendre conscience de la valeur historique des documents<\/p>\n<p>&#8211; la seconde: trouver le Christ. Comprendre ce que la foi nous r\u00e9v\u00e8le<\/p>\n<p>&#8211; la troisi\u00e8me: aimer le Christ. Rencontrer le Christ personnellement<\/p>\n","protected":false},"excerpt":{"rendered":"<p>Ce livre veut favoriser la rencontre personnelle avec J\u00e9sus-Christ, la connaissance de son myst\u00e8re et son message.<\/p>\n<p>La premi\u00e8re \u00e9dition de ce livre sous le titre \u00ab\u00a0des \u00e9vangiles \u00e0 J\u00e9sus-Christ\u00a0\u00bb, aux \u00e9ditions Tempora, a \u00e9t\u00e9 revue et corrig\u00e9e par son auteur.<\/p>\n","protected":false},"featured_media":1752,"comment_status":"open","ping_status":"closed","template":"","meta":{"inline_featured_image":false},"product_brand":[],"product_cat":[50,49],"product_tag":[],"class_list":{"0":"post-4155","1":"product","2":"type-product","3":"status-publish","4":"has-post-thumbnail","6":"product_cat-francais","7":"product_cat-livres","9":"first","10":"instock","11":"taxable","12":"shipping-taxable","13":"purchasable","14":"product-type-simple"},"acf":[],"_links":{"self":[{"href":"https:\/\/didoc.be\/fr\/wp-json\/wp\/v2\/product\/4155","targetHints":{"allow":["GET"]}}],"collection":[{"href":"https:\/\/didoc.be\/fr\/wp-json\/wp\/v2\/product"}],"about":[{"href":"https:\/\/didoc.be\/fr\/wp-json\/wp\/v2\/types\/product"}],"replies":[{"embeddable":true,"href":"https:\/\/didoc.be\/fr\/wp-json\/wp\/v2\/comments?post=4155"}],"wp:featuredmedia":[{"embeddable":true,"href":"https:\/\/didoc.be\/fr\/wp-json\/wp\/v2\/media\/1752"}],"wp:attachment":[{"href":"https:\/\/didoc.be\/fr\/wp-json\/wp\/v2\/media?parent=4155"}],"wp:term":[{"taxonomy":"product_brand","embeddable":true,"href":"https:\/\/didoc.be\/fr\/wp-json\/wp\/v2\/product_brand?post=4155"},{"taxonomy":"product_cat","embeddable":true,"href":"https:\/\/didoc.be\/fr\/wp-json\/wp\/v2\/product_cat?post=4155"},{"taxonomy":"product_tag","embeddable":true,"href":"https:\/\/didoc.be\/fr\/wp-json\/wp\/v2\/product_tag?post=4155"}],"curies":[{"name":"wp","href":"https:\/\/api.w.org\/{rel}","templated":true}]}}