{"id":4150,"date":"2023-11-27T13:14:36","date_gmt":"2023-11-27T12:14:36","guid":{"rendered":"https:\/\/didoc.be\/product\/la-vocation-j-p-manglano-castellary\/"},"modified":"2024-05-23T12:18:15","modified_gmt":"2024-05-23T10:18:15","slug":"la-vocation-j-p-manglano-castellary","status":"publish","type":"product","link":"https:\/\/didoc.be\/fr\/product\/la-vocation-j-p-manglano-castellary\/","title":{"rendered":"La vocation (J-P Manglano Castellary)"},"content":{"rendered":"<p><strong>La vocation. 12 id\u00e9es en vrac.<\/strong> (Jos\u00e9-Pedro Manglano Castellary)<\/p>\n<p>\u00c9diteur : Le Laurier (2\u00e8me trimestre 2017)<\/p>\n<p>Nombre de pages : 96<\/p>\n<p>Mais alors quelle est cette \u00e9trange n\u00e9cessit\u00e9 qui pousse ces personnes \u00e0 suivre ce chemin pour \u00eatre heureuses et aimer Dieu ?<\/p>\n<p>Il n&rsquo;est pas facile de r\u00e9pondre \u00e0 cette question; mais nous avons plusieurs pistes pour y r\u00e9pondre: tout ce que J\u00e9sus-Christ nous a r\u00e9v\u00e9l\u00e9.<\/p>\n<p>Ce sont 12 id\u00e9es pour en parler avec Dieu; car une vocation implique deux \u00eatres: celui qui appelle: Dieu et celui qui est appel\u00e9: moi.<\/p>\n","protected":false},"excerpt":{"rendered":"<p>Les chr\u00e9tiens qui se donnent \u00e0 Dieu de mani\u00e8re volontaire et libre sont nombreux: pr\u00eatres, c\u00e9libataires ou vierges, religieux, chartreux&#8230; Ils le font sans avoir une obligation g\u00e9n\u00e9rale, car aucun commandement ne les oblige.<\/p>\n","protected":false},"featured_media":1737,"comment_status":"open","ping_status":"closed","template":"","meta":{"inline_featured_image":false},"product_brand":[],"product_cat":[50,51],"product_tag":[],"class_list":{"0":"post-4150","1":"product","2":"type-product","3":"status-publish","4":"has-post-thumbnail","6":"product_cat-francais","7":"product_cat-livrets","9":"first","10":"instock","11":"taxable","12":"shipping-taxable","13":"purchasable","14":"product-type-simple"},"acf":[],"_links":{"self":[{"href":"https:\/\/didoc.be\/fr\/wp-json\/wp\/v2\/product\/4150","targetHints":{"allow":["GET"]}}],"collection":[{"href":"https:\/\/didoc.be\/fr\/wp-json\/wp\/v2\/product"}],"about":[{"href":"https:\/\/didoc.be\/fr\/wp-json\/wp\/v2\/types\/product"}],"replies":[{"embeddable":true,"href":"https:\/\/didoc.be\/fr\/wp-json\/wp\/v2\/comments?post=4150"}],"wp:featuredmedia":[{"embeddable":true,"href":"https:\/\/didoc.be\/fr\/wp-json\/wp\/v2\/media\/1737"}],"wp:attachment":[{"href":"https:\/\/didoc.be\/fr\/wp-json\/wp\/v2\/media?parent=4150"}],"wp:term":[{"taxonomy":"product_brand","embeddable":true,"href":"https:\/\/didoc.be\/fr\/wp-json\/wp\/v2\/product_brand?post=4150"},{"taxonomy":"product_cat","embeddable":true,"href":"https:\/\/didoc.be\/fr\/wp-json\/wp\/v2\/product_cat?post=4150"},{"taxonomy":"product_tag","embeddable":true,"href":"https:\/\/didoc.be\/fr\/wp-json\/wp\/v2\/product_tag?post=4150"}],"curies":[{"name":"wp","href":"https:\/\/api.w.org\/{rel}","templated":true}]}}