{"id":4143,"date":"2023-11-27T13:14:32","date_gmt":"2023-11-27T12:14:32","guid":{"rendered":"https:\/\/didoc.be\/product\/a-son-image-et-ressemblance-a-vidal\/"},"modified":"2024-11-26T16:46:56","modified_gmt":"2024-11-26T15:46:56","slug":"a-son-image-et-ressemblance-a-vidal","status":"publish","type":"product","link":"https:\/\/didoc.be\/fr\/product\/a-son-image-et-ressemblance-a-vidal\/","title":{"rendered":"\u00c0 son image et ressemblance"},"content":{"rendered":"<p>Editeur: Le Laurier (Novembre 2016)<\/p>\n<p>Nombre de pages : 286<\/p>\n<p>Conduite \u00e0 la lumi\u00e8re des enseignements de l&rsquo;Eglise, cette r\u00e9flexion \u00e0 caract\u00e8re spirituel, au fil des douze premiers chapitres de la <strong>Bible<\/strong> le plus important des livres jamais \u00e9crit- aboutit \u00e0 des conclusions pratiques et concr\u00e8tes pour notre vie de tous les jours, celle d&rsquo;un chr\u00e9tien vivant au milieu du monde.<\/p>\n","protected":false},"excerpt":{"rendered":"<p>\u00ab\u00a0A son image et ressemblance\u00a0\u00bb. L&rsquo;homme \u00e0 l&rsquo;image de Dieu ou Dieu \u00e0 l&rsquo;image de l&rsquo;homme ? Alphonse Vidal<\/p>\n<p>R\u00e9flexion \u00e0 caract\u00e8re spirituel au fil des douze premiers chapitres de la Bible.<\/p>\n","protected":false},"featured_media":1716,"comment_status":"closed","ping_status":"closed","template":"","meta":{"inline_featured_image":false},"product_brand":[],"product_cat":[50,49],"product_tag":[],"class_list":{"0":"post-4143","1":"product","2":"type-product","3":"status-publish","4":"has-post-thumbnail","6":"product_cat-francais","7":"product_cat-livres","8":"pa_auteur-alphonse-vidal","10":"first","11":"instock","12":"taxable","13":"shipping-taxable","14":"purchasable","15":"product-type-simple"},"acf":[],"_links":{"self":[{"href":"https:\/\/didoc.be\/fr\/wp-json\/wp\/v2\/product\/4143","targetHints":{"allow":["GET"]}}],"collection":[{"href":"https:\/\/didoc.be\/fr\/wp-json\/wp\/v2\/product"}],"about":[{"href":"https:\/\/didoc.be\/fr\/wp-json\/wp\/v2\/types\/product"}],"replies":[{"embeddable":true,"href":"https:\/\/didoc.be\/fr\/wp-json\/wp\/v2\/comments?post=4143"}],"wp:featuredmedia":[{"embeddable":true,"href":"https:\/\/didoc.be\/fr\/wp-json\/wp\/v2\/media\/1716"}],"wp:attachment":[{"href":"https:\/\/didoc.be\/fr\/wp-json\/wp\/v2\/media?parent=4143"}],"wp:term":[{"taxonomy":"product_brand","embeddable":true,"href":"https:\/\/didoc.be\/fr\/wp-json\/wp\/v2\/product_brand?post=4143"},{"taxonomy":"product_cat","embeddable":true,"href":"https:\/\/didoc.be\/fr\/wp-json\/wp\/v2\/product_cat?post=4143"},{"taxonomy":"product_tag","embeddable":true,"href":"https:\/\/didoc.be\/fr\/wp-json\/wp\/v2\/product_tag?post=4143"}],"curies":[{"name":"wp","href":"https:\/\/api.w.org\/{rel}","templated":true}]}}