{"id":4140,"date":"2023-11-27T13:14:32","date_gmt":"2023-11-27T12:14:32","guid":{"rendered":"https:\/\/didoc.be\/product\/meditations-a-lusage-des-compagnons-de-captivite-r-derry\/"},"modified":"2024-05-23T12:18:15","modified_gmt":"2024-05-23T10:18:15","slug":"meditations-a-lusage-des-compagnons-de-captivite-r-derry","status":"publish","type":"product","link":"https:\/\/didoc.be\/fr\/product\/meditations-a-lusage-des-compagnons-de-captivite-r-derry\/","title":{"rendered":"M\u00e9ditations \u00e0 l&rsquo;usage des compagnons de captivit\u00e9 (R. Derry)"},"content":{"rendered":"<p>M\u00e9ditations \u00e0 l&rsquo;usage des compagnons de captivit\u00e9 (Abb\u00e9 Roger Derry)<\/p>\n<p>Editeur : Le Laurier, 2\u00e8me trimestre 2016<\/p>\n<p>Nombre de pages : 64<\/p>\n<p>ISBN: 9 782864 953821<\/p>\n<p>\u00ab\u00a0Plusieurs, ex\u00e9cut\u00e9s eux aussi, sont revenus \u00e0 la foi de leur jeunesse et sont morts en saints. Le lecteur voudra s\u00fbrement go\u00fbter ces paroles si simples, qui consol\u00e8rent et soutinrent tant de malheureux dans leurs \u00e9preuves\u00a0\u00bb&#8230;<\/p>\n<p>Ses derni\u00e8res paroles furent: \u00ab\u00a0Introibo ad altare Dei\u00a0\u00bb <em>je m&rsquo;approcherai de l&rsquo;autel de Dieu<\/em>.<\/p>\n","protected":false},"excerpt":{"rendered":"<p>L&rsquo;action la plus efficace que l&rsquo;abb\u00e9 Derry exer\u00e7a sur ses fr\u00e8res de captivit\u00e9 fut assur\u00e9ment celle des \u00ab\u00a0petites m\u00e9ditations\u00a0\u00bb que les d\u00e9tenus se passaient l&rsquo;un \u00e0 l&rsquo;autre dans le camp de D\u00fcssenldof, vers 1942, avant d&rsquo;\u00eatre d\u00e9capit\u00e9 en 1943.<\/p>\n","protected":false},"featured_media":1707,"comment_status":"open","ping_status":"closed","template":"","meta":{"inline_featured_image":false},"product_brand":[],"product_cat":[50,51],"product_tag":[],"class_list":{"0":"post-4140","1":"product","2":"type-product","3":"status-publish","4":"has-post-thumbnail","6":"product_cat-francais","7":"product_cat-livrets","9":"first","10":"instock","11":"taxable","12":"shipping-taxable","13":"purchasable","14":"product-type-simple"},"acf":[],"_links":{"self":[{"href":"https:\/\/didoc.be\/fr\/wp-json\/wp\/v2\/product\/4140","targetHints":{"allow":["GET"]}}],"collection":[{"href":"https:\/\/didoc.be\/fr\/wp-json\/wp\/v2\/product"}],"about":[{"href":"https:\/\/didoc.be\/fr\/wp-json\/wp\/v2\/types\/product"}],"replies":[{"embeddable":true,"href":"https:\/\/didoc.be\/fr\/wp-json\/wp\/v2\/comments?post=4140"}],"wp:featuredmedia":[{"embeddable":true,"href":"https:\/\/didoc.be\/fr\/wp-json\/wp\/v2\/media\/1707"}],"wp:attachment":[{"href":"https:\/\/didoc.be\/fr\/wp-json\/wp\/v2\/media?parent=4140"}],"wp:term":[{"taxonomy":"product_brand","embeddable":true,"href":"https:\/\/didoc.be\/fr\/wp-json\/wp\/v2\/product_brand?post=4140"},{"taxonomy":"product_cat","embeddable":true,"href":"https:\/\/didoc.be\/fr\/wp-json\/wp\/v2\/product_cat?post=4140"},{"taxonomy":"product_tag","embeddable":true,"href":"https:\/\/didoc.be\/fr\/wp-json\/wp\/v2\/product_tag?post=4140"}],"curies":[{"name":"wp","href":"https:\/\/api.w.org\/{rel}","templated":true}]}}