{"id":4138,"date":"2023-11-27T13:14:31","date_gmt":"2023-11-27T12:14:31","guid":{"rendered":"https:\/\/didoc.be\/product\/le-pouvoir-cache-de-lamabilite-l-lovasik\/"},"modified":"2024-05-23T12:18:16","modified_gmt":"2024-05-23T10:18:16","slug":"le-pouvoir-cache-de-lamabilite-l-lovasik","status":"publish","type":"product","link":"https:\/\/didoc.be\/fr\/product\/le-pouvoir-cache-de-lamabilite-l-lovasik\/","title":{"rendered":"Le pouvoir cach\u00e9 de l&rsquo;AMABILIT\u00c9 (L. Lovasik)"},"content":{"rendered":"<p>Le pouvoir cach\u00e9 de L&rsquo;AMABILIT\u00c9 (Lawrence G. Lovasik)<\/p>\n<p>Editeur: Le Laurier, 3\u00e8me trimstre 2016<\/p>\n<p>Nombre de pages: 228<\/p>\n<p>ISBN : 9 782864 953838<\/p>\n<p>Apprendre \u00e0 \u00eatre aimable n&rsquo;exige pas de m\u00e9thodes magiques ou compliqu\u00e9es. Cela demande plut\u00f4t d&rsquo;accorder une plus grande attention aux autres, \u00e0 ce que l&rsquo;on fait et \u00e0 comment on le fait.<\/p>\n<p class=\"Paragraphestandard\">Ce livre nous apprend, dans nos rapports avec les autres,&nbsp; \u00e0 d\u00e9tecter les mauvaises habitudes si souvent inaper\u00e7ues m\u00eame des personnes les plus attentives. Vaincre l\u2019avarice, le mauvais caract\u00e8re, les jugements n\u00e9gatifs ou l\u2019impatience, requiert un effort quotidien&nbsp;; de m\u00eame que pratiquer la charit\u00e9 chr\u00e9tienne dans les plus petites manifestations&nbsp;: apprendre \u00e0 parler et \u00e0 corriger avec amabilit\u00e9, donner le bon exemple, favoriser la bonne humeur&#8230;<\/p>\n<p class=\"Paragraphestandard\"><strong>Lawrence G. Lovasik<\/strong> (Pennsylvanie, 1913-1986) a \u00e9t\u00e9 ordonn\u00e9 pr\u00eatre en 1938. Apr\u00e8s ses \u00e9tudes \u00e0 Rome, il a d\u00e9velopp\u00e9 son apostolat dans des zones industrielles des Etats-Unis. Il a fond\u00e9 en 1955 la congr\u00e9gation des S\u0153urs du Divin Esprit. Il a consacr\u00e9 une grande partie de sa vie \u00e0 la pr\u00e9dication de retraites spirituelles.<\/p>\n","protected":false},"excerpt":{"rendered":"<p>Guide pratique pour les \u00e2mes qui d\u00e9sirent transformer le monde et le rendre plus accueillant.<\/p>\n","protected":false},"featured_media":4136,"comment_status":"open","ping_status":"closed","template":"","meta":{"inline_featured_image":false},"product_brand":[],"product_cat":[50,49],"product_tag":[],"class_list":{"0":"post-4138","1":"product","2":"type-product","3":"status-publish","4":"has-post-thumbnail","6":"product_cat-francais","7":"product_cat-livres","9":"first","10":"instock","11":"taxable","12":"shipping-taxable","13":"purchasable","14":"product-type-simple"},"acf":[],"_links":{"self":[{"href":"https:\/\/didoc.be\/fr\/wp-json\/wp\/v2\/product\/4138","targetHints":{"allow":["GET"]}}],"collection":[{"href":"https:\/\/didoc.be\/fr\/wp-json\/wp\/v2\/product"}],"about":[{"href":"https:\/\/didoc.be\/fr\/wp-json\/wp\/v2\/types\/product"}],"replies":[{"embeddable":true,"href":"https:\/\/didoc.be\/fr\/wp-json\/wp\/v2\/comments?post=4138"}],"wp:featuredmedia":[{"embeddable":true,"href":"https:\/\/didoc.be\/fr\/wp-json\/wp\/v2\/media\/4136"}],"wp:attachment":[{"href":"https:\/\/didoc.be\/fr\/wp-json\/wp\/v2\/media?parent=4138"}],"wp:term":[{"taxonomy":"product_brand","embeddable":true,"href":"https:\/\/didoc.be\/fr\/wp-json\/wp\/v2\/product_brand?post=4138"},{"taxonomy":"product_cat","embeddable":true,"href":"https:\/\/didoc.be\/fr\/wp-json\/wp\/v2\/product_cat?post=4138"},{"taxonomy":"product_tag","embeddable":true,"href":"https:\/\/didoc.be\/fr\/wp-json\/wp\/v2\/product_tag?post=4138"}],"curies":[{"name":"wp","href":"https:\/\/api.w.org\/{rel}","templated":true}]}}