{"id":4134,"date":"2023-11-27T13:14:30","date_gmt":"2023-11-27T12:14:30","guid":{"rendered":"https:\/\/didoc.be\/product\/soyez-misericordieux-a-vidal\/"},"modified":"2025-04-06T12:03:05","modified_gmt":"2025-04-06T10:03:05","slug":"soyez-misericordieux-a-vidal","status":"publish","type":"product","link":"https:\/\/didoc.be\/fr\/product\/soyez-misericordieux-a-vidal\/","title":{"rendered":"Soyez mis\u00e9ricordieux"},"content":{"rendered":"<p>La mis\u00e9ricorde est \u00e0 la fois belle et difficile. Si nous souhaitons tous venir en aide \u00e0 notre prochain, nous ne savons pas toujours d\u00e9finir qui est ce prochain ni de quoi il a besoin ! Ce livre de l&rsquo;abb\u00e9 Vidal consid\u00e8re chacune des 14 \u0153uvres de mis\u00e9ricorde pour nous donner des pistes d&rsquo;action concr\u00e8tes, \u00e0 mettre en \u0153uvre au quotidien. Il va m\u00eame au-del\u00e0, en nous proposant une pri\u00e8re, tir\u00e9e des textes de la messe, pour chacune de ces \u0153uvres.<\/p>\n<p>Nombre de pages : 64<\/p>\n","protected":false},"excerpt":{"rendered":"<p>Ce livre de l&rsquo;abb\u00e9 Vidal consid\u00e8re chacune des 14 \u0153uvres de mis\u00e9ricorde pour nous donner des pistes d&rsquo;action concr\u00e8tes.<\/p>\n","protected":false},"featured_media":4132,"comment_status":"closed","ping_status":"closed","template":"","meta":{"inline_featured_image":false},"product_brand":[],"product_cat":[51],"product_tag":[],"class_list":{"0":"post-4134","1":"product","2":"type-product","3":"status-publish","4":"has-post-thumbnail","6":"product_cat-livrets","7":"pa_auteur-alphonse-vidal","9":"first","10":"instock","11":"taxable","12":"shipping-taxable","13":"purchasable","14":"product-type-simple"},"acf":[],"_links":{"self":[{"href":"https:\/\/didoc.be\/fr\/wp-json\/wp\/v2\/product\/4134","targetHints":{"allow":["GET"]}}],"collection":[{"href":"https:\/\/didoc.be\/fr\/wp-json\/wp\/v2\/product"}],"about":[{"href":"https:\/\/didoc.be\/fr\/wp-json\/wp\/v2\/types\/product"}],"replies":[{"embeddable":true,"href":"https:\/\/didoc.be\/fr\/wp-json\/wp\/v2\/comments?post=4134"}],"wp:featuredmedia":[{"embeddable":true,"href":"https:\/\/didoc.be\/fr\/wp-json\/wp\/v2\/media\/4132"}],"wp:attachment":[{"href":"https:\/\/didoc.be\/fr\/wp-json\/wp\/v2\/media?parent=4134"}],"wp:term":[{"taxonomy":"product_brand","embeddable":true,"href":"https:\/\/didoc.be\/fr\/wp-json\/wp\/v2\/product_brand?post=4134"},{"taxonomy":"product_cat","embeddable":true,"href":"https:\/\/didoc.be\/fr\/wp-json\/wp\/v2\/product_cat?post=4134"},{"taxonomy":"product_tag","embeddable":true,"href":"https:\/\/didoc.be\/fr\/wp-json\/wp\/v2\/product_tag?post=4134"}],"curies":[{"name":"wp","href":"https:\/\/api.w.org\/{rel}","templated":true}]}}