{"id":4125,"date":"2023-11-27T13:14:27","date_gmt":"2023-11-27T12:14:27","guid":{"rendered":"https:\/\/didoc.be\/product\/prends-soin-de-ton-ame-d-van-havre\/"},"modified":"2024-11-26T16:27:34","modified_gmt":"2024-11-26T15:27:34","slug":"prends-soin-de-ton-ame-d-van-havre","status":"publish","type":"product","link":"https:\/\/didoc.be\/fr\/product\/prends-soin-de-ton-ame-d-van-havre\/","title":{"rendered":"Prends soin de ton \u00e2me (D. van Havre)"},"content":{"rendered":"<p>176 pages<\/p>\n<p>ISBN : 9 782864 953784<\/p>\n<p>C&rsquo;est le r\u00f4le du sacrement de r\u00e9conciliation: il est destin\u00e9 \u00e0 gu\u00e9rir l&rsquo;\u00e2me des blessures du p\u00e9ch\u00e9 et \u00e0 lui donner sa pleine vitalit\u00e9&#8230;.L&rsquo;auteur fait appel \u00e0 un grand nombre de textes des Ecritures et du Cat\u00e9chisme de l&rsquo;Eglise catholique. il nous d\u00e9crit le sacrement du pardon en prenant le point de vue de celui qui se confesse et il offre de nombreux conseils pratiques.<\/p>\n","protected":false},"excerpt":{"rendered":"<p>Pour vivre heureux, la bonne sant\u00e9 de l&rsquo;\u00e2me est essentielle. Il s&rsquo;agit donc de veiller avec autant de soin \u00e0 la sant\u00e9 de son \u00e2me qu&rsquo;\u00e0 celle de son corps.<\/p>\n","protected":false},"featured_media":4123,"comment_status":"closed","ping_status":"closed","template":"","meta":{"inline_featured_image":false},"product_brand":[],"product_cat":[50,49],"product_tag":[],"class_list":{"0":"post-4125","1":"product","2":"type-product","3":"status-publish","4":"has-post-thumbnail","6":"product_cat-francais","7":"product_cat-livres","8":"pa_auteur-didier-van-havre-2","10":"first","11":"instock","12":"taxable","13":"shipping-taxable","14":"purchasable","15":"product-type-simple"},"acf":[],"_links":{"self":[{"href":"https:\/\/didoc.be\/fr\/wp-json\/wp\/v2\/product\/4125","targetHints":{"allow":["GET"]}}],"collection":[{"href":"https:\/\/didoc.be\/fr\/wp-json\/wp\/v2\/product"}],"about":[{"href":"https:\/\/didoc.be\/fr\/wp-json\/wp\/v2\/types\/product"}],"replies":[{"embeddable":true,"href":"https:\/\/didoc.be\/fr\/wp-json\/wp\/v2\/comments?post=4125"}],"wp:featuredmedia":[{"embeddable":true,"href":"https:\/\/didoc.be\/fr\/wp-json\/wp\/v2\/media\/4123"}],"wp:attachment":[{"href":"https:\/\/didoc.be\/fr\/wp-json\/wp\/v2\/media?parent=4125"}],"wp:term":[{"taxonomy":"product_brand","embeddable":true,"href":"https:\/\/didoc.be\/fr\/wp-json\/wp\/v2\/product_brand?post=4125"},{"taxonomy":"product_cat","embeddable":true,"href":"https:\/\/didoc.be\/fr\/wp-json\/wp\/v2\/product_cat?post=4125"},{"taxonomy":"product_tag","embeddable":true,"href":"https:\/\/didoc.be\/fr\/wp-json\/wp\/v2\/product_tag?post=4125"}],"curies":[{"name":"wp","href":"https:\/\/api.w.org\/{rel}","templated":true}]}}