{"id":4113,"date":"2023-11-27T13:14:24","date_gmt":"2023-11-27T12:14:24","guid":{"rendered":"https:\/\/didoc.be\/product\/le-devoir-de-laumone-st-jean-chrysostome\/"},"modified":"2024-05-23T12:19:11","modified_gmt":"2024-05-23T10:19:11","slug":"le-devoir-de-laumone-st-jean-chrysostome","status":"publish","type":"product","link":"https:\/\/didoc.be\/fr\/product\/le-devoir-de-laumone-st-jean-chrysostome\/","title":{"rendered":"Le devoir de l&#39;aum\u00f4ne (St Jean Chrysostome)"},"content":{"rendered":"<p>Le devoir de l&rsquo;aum\u00f4ne (Saint Jean Chrysostome)<\/p>\n<p>Le Laurier, 1999<\/p>\n<p>Nombre de pages : 64<\/p>\n<p>ISBN : 9 782864 952084<\/p>\n<p>Il ne manquera jamais de pauvres dans le pays c\u2019est pourquoi je te donne ce commandement : d\u2019ouvrir largement ta main \u00e0 ton fr\u00e8re indigent et pauvre (Dt 15 11). Depuis l\u2019empire th\u00e9odosien le monde a beaucoup progress\u00e9\u2026 Et cependant quelle actualit\u00e9 que ces propos ?Le devoir de l\u2019aum\u00f4ne souffre aujourd\u2019hui d\u2019un certain discr\u00e9dit. Le terme semble humiliant. Il \u00e9voque un syst\u00e8me social injuste une distribution imparfaite de la richesse. Pourtant aujourd\u2019hui les in\u00e9galit\u00e9s subsistent ou s\u2019aggravent non seulement autour de nous mais \u00e0 l\u2019\u00e9chelle plan\u00e9taire. Saint Jean Chrysostome situe le devoir de l\u2019aum\u00f4ne dans un cadre personnaliste et religieux : il n\u2019y a pas de v\u00e9ritable conversion \u00e0 Dieu si on ne cherche pas \u00e0 r\u00e9parer les injustices dans les rapports entre les hommes. Il r\u00e9pond aussi aux objections \u2013 celles d\u2019hier sont les m\u00eames que celles d\u2019aujourd\u2019hui \u2013 \u00e0 l\u2019accomplissement de ce devoir. Il est plein d\u2019imagination sur les mani\u00e8res de s\u2019en acquitter. Evidemment les mis\u00e8res physiques et morales de l\u2019humanit\u00e9 sont vari\u00e9es qu\u2019il ne peut \u00eatre exhaustif. Mais l\u2019essentiel c\u2019est la source : l\u2019aum\u00f4ne surgira toujours d\u2019un c\u0153ur mis\u00e9ricordieux qui apporte un peu de consolation \u00e0 qui est dans le besoin ou qui contribue mat\u00e9riellement \u00e0 une entreprise humanitaire ou apostolique.<\/p>\n","protected":false},"excerpt":{"rendered":"<p>Un texte vigoureux sur le devoir et la responsabilit\u00e9 des chr\u00e9tiens de soulager la souffrance de ceux qui nous entourent.<\/p>\n","protected":false},"featured_media":1653,"comment_status":"open","ping_status":"closed","template":"","meta":{"inline_featured_image":false},"product_brand":[],"product_cat":[50,51],"product_tag":[],"class_list":{"0":"post-4113","1":"product","2":"type-product","3":"status-publish","4":"has-post-thumbnail","6":"product_cat-francais","7":"product_cat-livrets","9":"first","10":"instock","11":"taxable","12":"shipping-taxable","13":"purchasable","14":"product-type-simple"},"acf":[],"_links":{"self":[{"href":"https:\/\/didoc.be\/fr\/wp-json\/wp\/v2\/product\/4113","targetHints":{"allow":["GET"]}}],"collection":[{"href":"https:\/\/didoc.be\/fr\/wp-json\/wp\/v2\/product"}],"about":[{"href":"https:\/\/didoc.be\/fr\/wp-json\/wp\/v2\/types\/product"}],"replies":[{"embeddable":true,"href":"https:\/\/didoc.be\/fr\/wp-json\/wp\/v2\/comments?post=4113"}],"wp:featuredmedia":[{"embeddable":true,"href":"https:\/\/didoc.be\/fr\/wp-json\/wp\/v2\/media\/1653"}],"wp:attachment":[{"href":"https:\/\/didoc.be\/fr\/wp-json\/wp\/v2\/media?parent=4113"}],"wp:term":[{"taxonomy":"product_brand","embeddable":true,"href":"https:\/\/didoc.be\/fr\/wp-json\/wp\/v2\/product_brand?post=4113"},{"taxonomy":"product_cat","embeddable":true,"href":"https:\/\/didoc.be\/fr\/wp-json\/wp\/v2\/product_cat?post=4113"},{"taxonomy":"product_tag","embeddable":true,"href":"https:\/\/didoc.be\/fr\/wp-json\/wp\/v2\/product_tag?post=4113"}],"curies":[{"name":"wp","href":"https:\/\/api.w.org\/{rel}","templated":true}]}}