{"id":4111,"date":"2023-11-27T13:14:21","date_gmt":"2023-11-27T12:14:21","guid":{"rendered":"https:\/\/didoc.be\/product\/une-visite-de-dieu-jean-paul-ii\/"},"modified":"2024-05-23T12:19:11","modified_gmt":"2024-05-23T10:19:11","slug":"une-visite-de-dieu-jean-paul-ii","status":"publish","type":"product","link":"https:\/\/didoc.be\/fr\/product\/une-visite-de-dieu-jean-paul-ii\/","title":{"rendered":"Une visite de Dieu (Jean-Paul II)"},"content":{"rendered":"<p>Une visite de Dieu (Jean-Paul II)<\/p>\n<p>Le Laurier, 1995<\/p>\n<p>Nombre de pages: 64<\/p>\n<p>ISBN: 9 782864 951599<\/p>\n<p>Ce livret pr\u00e9sente une s\u00e9lection des paroles affectueuses et consolantes que Jean Paul II a adress\u00e9 aux malades et \u00e0 ceux qui souffrent. Y aurait-il une autre consolation \u00e0 la douleur que la disparition de la douleur elle-m\u00eame ? Oui il y en a : montrer le pourquoi et le pour quoi d\u2019une telle douleur. Dans ces pages le pape donne une r\u00e9ponse \u00e0 ces questions et nous encourage \u00e0 d\u00e9couvrir le bonheur personnel que la douleur peut nous apporter : la grandeur d\u2019\u00eatre co-r\u00e9dempteur avec le Christ.Jean Paul II s\u2019approche de ce myst\u00e8re avec la sensibilit\u00e9 de celui qui l\u2019a v\u00e9cu car le Pape a beaucoup souffert. Mais il a toujours consid\u00e9r\u00e9 la douleur avec la vision de Dieu. La vie de l\u2019homme est un sentier vers le bonheur mais il est jalonn\u00e9 par la croix un signe d\u2019orientation qui apporte la s\u00e9r\u00e9nit\u00e9 lorsque la fatigue la duret\u00e9 du chemin ou la chaleur se font sentir.<\/p>\n","protected":false},"excerpt":{"rendered":"<p>Le Pape console ceux qui souffrent. S\u00e9lection de textes du Pape Jean-Paul II qui s&rsquo;adressent \u00e0 tous malades et bien-portants. Introduction au myst\u00e8re de la maladie et de la souffrance de la Croix. Des anecdotes de la vie du Pape jalonnent le livre.<\/p>\n","protected":false},"featured_media":1647,"comment_status":"open","ping_status":"closed","template":"","meta":{"inline_featured_image":false},"product_brand":[],"product_cat":[50,51],"product_tag":[],"class_list":{"0":"post-4111","1":"product","2":"type-product","3":"status-publish","4":"has-post-thumbnail","6":"product_cat-francais","7":"product_cat-livrets","9":"first","10":"instock","11":"taxable","12":"shipping-taxable","13":"purchasable","14":"product-type-simple"},"acf":[],"_links":{"self":[{"href":"https:\/\/didoc.be\/fr\/wp-json\/wp\/v2\/product\/4111","targetHints":{"allow":["GET"]}}],"collection":[{"href":"https:\/\/didoc.be\/fr\/wp-json\/wp\/v2\/product"}],"about":[{"href":"https:\/\/didoc.be\/fr\/wp-json\/wp\/v2\/types\/product"}],"replies":[{"embeddable":true,"href":"https:\/\/didoc.be\/fr\/wp-json\/wp\/v2\/comments?post=4111"}],"wp:featuredmedia":[{"embeddable":true,"href":"https:\/\/didoc.be\/fr\/wp-json\/wp\/v2\/media\/1647"}],"wp:attachment":[{"href":"https:\/\/didoc.be\/fr\/wp-json\/wp\/v2\/media?parent=4111"}],"wp:term":[{"taxonomy":"product_brand","embeddable":true,"href":"https:\/\/didoc.be\/fr\/wp-json\/wp\/v2\/product_brand?post=4111"},{"taxonomy":"product_cat","embeddable":true,"href":"https:\/\/didoc.be\/fr\/wp-json\/wp\/v2\/product_cat?post=4111"},{"taxonomy":"product_tag","embeddable":true,"href":"https:\/\/didoc.be\/fr\/wp-json\/wp\/v2\/product_tag?post=4111"}],"curies":[{"name":"wp","href":"https:\/\/api.w.org\/{rel}","templated":true}]}}