{"id":4105,"date":"2023-11-27T13:14:19","date_gmt":"2023-11-27T12:14:19","guid":{"rendered":"https:\/\/didoc.be\/product\/les-cerisiers-en-fleur-j-m-cejas\/"},"modified":"2024-05-23T12:19:12","modified_gmt":"2024-05-23T10:19:12","slug":"les-cerisiers-en-fleur-j-m-cejas","status":"publish","type":"product","link":"https:\/\/didoc.be\/fr\/product\/les-cerisiers-en-fleur-j-m-cejas\/","title":{"rendered":"Les cerisiers en fleur (J.M. Cejas)"},"content":{"rendered":"<p>Les cerisiers en fleurs (Jos\u00e9 Miguel Cejas)<\/p>\n<p>Le Laurier (D\u00e9cembre 2014)<\/p>\n<p>ISBN : 9 782864 953586<\/p>\n<p>256 pages<\/p>\n<p>Ce livre compose un ensemble de r\u00e9cits inoubliables. Un bonze bouddhiste \u00e9voque le tremblement de terre qui a d\u00e9vast\u00e9 le Japon. Un sculpteur qui travaille dans la basilique de la Sagrada Familia \u00e0 Barcelonne raconte l&rsquo;histoire de sa conversion. La culture japonaise, sous le regard d&rsquo;une r\u00e9alisatrice de ha\u00efkus tr\u00e8s appr\u00e9ci\u00e9e&#8230; Des journalistes, des musiciens, des sportifs, des \u00e9ducateurs&#8230;tous, chr\u00e9tiens ou non, nous offrent une vision enthousiasmante du Japon, de l&rsquo;aventure de la foi chr\u00e9tienne, des d\u00e9buts du christianisme et plus pr\u00e9cis\u00e9ment de l&rsquo;expansion apostolique de l&rsquo;Opus Dei au pays du soleil levant.<\/p>\n","protected":false},"excerpt":{"rendered":"<p>Les cerisiers en fleurs (Jos\u00e9 Miguel Cejas) Le Laurier (D\u00e9cembre 2014) ISBN : 9 782864 953586 256 pages Ce livre compose un ensemble de r\u00e9cits inoubliables. Un bonze bouddhiste \u00e9voque le tremblement de terre qui a d\u00e9vast\u00e9 le Japon. Un sculpteur qui travaille dans la basilique de la Sagrada Familia \u00e0 Barcelonne raconte l&rsquo;histoire de [&hellip;]<\/p>\n","protected":false},"featured_media":4103,"comment_status":"open","ping_status":"closed","template":"","meta":{"inline_featured_image":false},"product_brand":[],"product_cat":[50,49],"product_tag":[],"class_list":{"0":"post-4105","1":"product","2":"type-product","3":"status-publish","4":"has-post-thumbnail","6":"product_cat-francais","7":"product_cat-livres","9":"first","10":"instock","11":"taxable","12":"shipping-taxable","13":"purchasable","14":"product-type-simple"},"acf":[],"_links":{"self":[{"href":"https:\/\/didoc.be\/fr\/wp-json\/wp\/v2\/product\/4105","targetHints":{"allow":["GET"]}}],"collection":[{"href":"https:\/\/didoc.be\/fr\/wp-json\/wp\/v2\/product"}],"about":[{"href":"https:\/\/didoc.be\/fr\/wp-json\/wp\/v2\/types\/product"}],"replies":[{"embeddable":true,"href":"https:\/\/didoc.be\/fr\/wp-json\/wp\/v2\/comments?post=4105"}],"wp:featuredmedia":[{"embeddable":true,"href":"https:\/\/didoc.be\/fr\/wp-json\/wp\/v2\/media\/4103"}],"wp:attachment":[{"href":"https:\/\/didoc.be\/fr\/wp-json\/wp\/v2\/media?parent=4105"}],"wp:term":[{"taxonomy":"product_brand","embeddable":true,"href":"https:\/\/didoc.be\/fr\/wp-json\/wp\/v2\/product_brand?post=4105"},{"taxonomy":"product_cat","embeddable":true,"href":"https:\/\/didoc.be\/fr\/wp-json\/wp\/v2\/product_cat?post=4105"},{"taxonomy":"product_tag","embeddable":true,"href":"https:\/\/didoc.be\/fr\/wp-json\/wp\/v2\/product_tag?post=4105"}],"curies":[{"name":"wp","href":"https:\/\/api.w.org\/{rel}","templated":true}]}}