{"id":4099,"date":"2023-11-27T13:14:18","date_gmt":"2023-11-27T12:14:18","guid":{"rendered":"https:\/\/didoc.be\/product\/quand-le-christ-passe\/"},"modified":"2026-02-08T12:35:43","modified_gmt":"2026-02-08T11:35:43","slug":"quand-le-christ-passe","status":"publish","type":"product","link":"https:\/\/didoc.be\/fr\/product\/quand-le-christ-passe\/","title":{"rendered":"Quand le Christ passe (\u00e9dition 1978)"},"content":{"rendered":"<p>Quand le Christ passe (Jos\u00e9maria Escriva)<\/p>\n<p>De Boog, 1988<\/p>\n<p>376 pages<\/p>\n<p>ISBN : 2 87104 0052<\/p>\n<p>Les hom\u00e9lies r\u00e9unies dans ce volume embrassent toute l&rsquo;ann\u00e9e liturgique de l&rsquo;Avent jusqu&rsquo;\u00e0\u00a0 la f\u00eate du Christ-Roi. Elles sont pleines du souci de lier les pr\u00e9occupations les plus communes et pour cette raison les plus humaines \u00e0\u00a0 la transcendance de Dieu: sur la ligne de l&rsquo;horizon mes enfants le ciel et la terre semblent s&rsquo;unir. Mais cela n&rsquo;est pas vrai: s&rsquo;ils se r\u00e9unissent c&rsquo;est dans vos coeurs lorsque vous vivez saintement la vie quotidienne. Vivre saintement la vie ordinaire avec honn\u00eatet\u00e9 humaine et chr\u00e9tienne avec sens surnaturel. Si toute la vie est faite de pri\u00e8re l&rsquo;homme peut se rendre compte que le travail son activit\u00e9 ordinaire ce qui remplit la presque totalit\u00e9 de sa journ\u00e9e est \u00e9galement une pri\u00e8re continuelle. Ce travail s&rsquo;il est sanctifi\u00e9 sanctifie \u00e9galement et il est une occasion pour nous de coop\u00e9rer avec la gr\u00e2ce de Dieu \u00e0\u00a0 la sanctification d&rsquo;autrui. La vie chr\u00e9tienne ordinaire ce travail qui est pri\u00e8re cette pri\u00e8re qui est travail se transforme tout enti\u00e8re en apostolat. Le rapport personnel avec Dieu non seulement n&#8217;emp\u00e8che pas de s&rsquo;occuper des autres mais constitue un r\u00e9servoir qui ne peut que d\u00e9border pour le bien de tous les hommes. D&rsquo;aucuns essaient de construire la paix dans le monde sans mettre l&rsquo;amour de Dieu dans leur propre coeur. Comment une mission de paix peut-elle se r\u00e9aliser de la sorte? La paix du Christ c&rsquo;est celle du Royaume du Christ: et le royaume de Notre Seigneur doit se fonder sur notre d\u00e9sir de saintet\u00e9, sur notre humble disposition \u00e0\u00a0 recevoir la gr\u00e2ce, sur notre effort constant en vue d&rsquo;obtenir la justice, sur une profusion d&rsquo;amour divin. Voil\u00e0\u00a0 quelques-unes des id\u00e9es principales des hom\u00e9lies rassembl\u00e9es dans ce volume. D&rsquo;apr\u00e8s la Pr\u00e9sentation de Mgr A. del Portillo<\/p>\n","protected":false},"excerpt":{"rendered":"<p>Lors des principales f\u00eates de l&rsquo;ann\u00e9e liturgique, l&rsquo;auteur propose la doctrine de l&rsquo;Evangile au chr\u00e9tien pour sa vie de tous les jours. Mais il parle \u00e0 des chr\u00e9tiens dont l&rsquo;\u00e2me vit d\u00e9j\u00e0 en Dieu ou qui sont dispos\u00e9s \u00e0 s&rsquo;approcher de Lui avec le souci de lier les pr\u00e9occupations les plus communes les plus humaines \u00e0 la transcendance de Dieu.<\/p>\n","protected":false},"featured_media":1620,"comment_status":"closed","ping_status":"closed","template":"","meta":{"inline_featured_image":false},"product_brand":[],"product_cat":[50,52,49],"product_tag":[],"class_list":{"0":"post-4099","1":"product","2":"type-product","3":"status-publish","4":"has-post-thumbnail","6":"product_cat-francais","7":"product_cat-josemaria-escriva-2","8":"product_cat-livres","9":"pa_auteur-josemaria-escriva-3","11":"first","12":"instock","13":"taxable","14":"shipping-taxable","15":"purchasable","16":"product-type-simple"},"acf":[],"_links":{"self":[{"href":"https:\/\/didoc.be\/fr\/wp-json\/wp\/v2\/product\/4099","targetHints":{"allow":["GET"]}}],"collection":[{"href":"https:\/\/didoc.be\/fr\/wp-json\/wp\/v2\/product"}],"about":[{"href":"https:\/\/didoc.be\/fr\/wp-json\/wp\/v2\/types\/product"}],"replies":[{"embeddable":true,"href":"https:\/\/didoc.be\/fr\/wp-json\/wp\/v2\/comments?post=4099"}],"wp:featuredmedia":[{"embeddable":true,"href":"https:\/\/didoc.be\/fr\/wp-json\/wp\/v2\/media\/1620"}],"wp:attachment":[{"href":"https:\/\/didoc.be\/fr\/wp-json\/wp\/v2\/media?parent=4099"}],"wp:term":[{"taxonomy":"product_brand","embeddable":true,"href":"https:\/\/didoc.be\/fr\/wp-json\/wp\/v2\/product_brand?post=4099"},{"taxonomy":"product_cat","embeddable":true,"href":"https:\/\/didoc.be\/fr\/wp-json\/wp\/v2\/product_cat?post=4099"},{"taxonomy":"product_tag","embeddable":true,"href":"https:\/\/didoc.be\/fr\/wp-json\/wp\/v2\/product_tag?post=4099"}],"curies":[{"name":"wp","href":"https:\/\/api.w.org\/{rel}","templated":true}]}}