{"id":4097,"date":"2023-11-27T13:14:17","date_gmt":"2023-11-27T12:14:17","guid":{"rendered":"https:\/\/didoc.be\/product\/la-transmission-de-la-foi-aujourdhui-j-burggraf\/"},"modified":"2024-05-23T12:19:12","modified_gmt":"2024-05-23T10:19:12","slug":"la-transmission-de-la-foi-aujourdhui-j-burggraf","status":"publish","type":"product","link":"https:\/\/didoc.be\/fr\/product\/la-transmission-de-la-foi-aujourdhui-j-burggraf\/","title":{"rendered":"La transmission de la foi aujourd&rsquo;hui (J. Burggraf)"},"content":{"rendered":"<p>La transmission de la foi aujourd&rsquo;hui (Jutta Burggraf)<\/p>\n<p>Le Laurier 2013<\/p>\n<p>64 pages<\/p>\n<p>ISBN : 9-782864-953449<\/p>\n","protected":false},"excerpt":{"rendered":"<p>Les deux articles de ce livret 293 apportent un \u00e9clairage lumineux sur deux grandes difficult\u00e9s de la soci\u00e9t\u00e9 actuelle: la transmission de la Foi et l&rsquo;art de pardonner.<\/p>\n","protected":false},"featured_media":1614,"comment_status":"open","ping_status":"closed","template":"","meta":{"inline_featured_image":false},"product_brand":[],"product_cat":[50,51],"product_tag":[],"class_list":{"0":"post-4097","1":"product","2":"type-product","3":"status-publish","4":"has-post-thumbnail","6":"product_cat-francais","7":"product_cat-livrets","9":"first","10":"instock","11":"taxable","12":"shipping-taxable","13":"purchasable","14":"product-type-simple"},"acf":[],"_links":{"self":[{"href":"https:\/\/didoc.be\/fr\/wp-json\/wp\/v2\/product\/4097","targetHints":{"allow":["GET"]}}],"collection":[{"href":"https:\/\/didoc.be\/fr\/wp-json\/wp\/v2\/product"}],"about":[{"href":"https:\/\/didoc.be\/fr\/wp-json\/wp\/v2\/types\/product"}],"replies":[{"embeddable":true,"href":"https:\/\/didoc.be\/fr\/wp-json\/wp\/v2\/comments?post=4097"}],"wp:featuredmedia":[{"embeddable":true,"href":"https:\/\/didoc.be\/fr\/wp-json\/wp\/v2\/media\/1614"}],"wp:attachment":[{"href":"https:\/\/didoc.be\/fr\/wp-json\/wp\/v2\/media?parent=4097"}],"wp:term":[{"taxonomy":"product_brand","embeddable":true,"href":"https:\/\/didoc.be\/fr\/wp-json\/wp\/v2\/product_brand?post=4097"},{"taxonomy":"product_cat","embeddable":true,"href":"https:\/\/didoc.be\/fr\/wp-json\/wp\/v2\/product_cat?post=4097"},{"taxonomy":"product_tag","embeddable":true,"href":"https:\/\/didoc.be\/fr\/wp-json\/wp\/v2\/product_tag?post=4097"}],"curies":[{"name":"wp","href":"https:\/\/api.w.org\/{rel}","templated":true}]}}