{"id":4096,"date":"2023-11-27T13:14:17","date_gmt":"2023-11-27T12:14:17","guid":{"rendered":"https:\/\/didoc.be\/product\/prier-avec-marie-m-clavier\/"},"modified":"2024-05-23T12:19:12","modified_gmt":"2024-05-23T10:19:12","slug":"prier-avec-marie-m-clavier","status":"publish","type":"product","link":"https:\/\/didoc.be\/fr\/product\/prier-avec-marie-m-clavier\/","title":{"rendered":"Prier avec Marie (M. Clavier)"},"content":{"rendered":"<p>Prier avec Marie (Mich\u00e8le Clavier)<\/p>\n<p>\u00c9ditions du Signe 1995<\/p>\n<p>48 pages<\/p>\n<p>ISBN : 978-2-87718-266-9<\/p>\n","protected":false},"excerpt":{"rendered":"<p>Des pri\u00e8res classiques ou plus in\u00e9dites \u00e0 la Vierge Marie, de saint Bernard \u00e0 Verlaine, forment un beau chapelet de textes. <\/p>\n","protected":false},"featured_media":1611,"comment_status":"open","ping_status":"closed","template":"","meta":{"inline_featured_image":false},"product_brand":[],"product_cat":[50,51],"product_tag":[],"class_list":{"0":"post-4096","1":"product","2":"type-product","3":"status-publish","4":"has-post-thumbnail","6":"product_cat-francais","7":"product_cat-livrets","9":"first","10":"instock","11":"taxable","12":"shipping-taxable","13":"purchasable","14":"product-type-simple"},"acf":[],"_links":{"self":[{"href":"https:\/\/didoc.be\/fr\/wp-json\/wp\/v2\/product\/4096","targetHints":{"allow":["GET"]}}],"collection":[{"href":"https:\/\/didoc.be\/fr\/wp-json\/wp\/v2\/product"}],"about":[{"href":"https:\/\/didoc.be\/fr\/wp-json\/wp\/v2\/types\/product"}],"replies":[{"embeddable":true,"href":"https:\/\/didoc.be\/fr\/wp-json\/wp\/v2\/comments?post=4096"}],"wp:featuredmedia":[{"embeddable":true,"href":"https:\/\/didoc.be\/fr\/wp-json\/wp\/v2\/media\/1611"}],"wp:attachment":[{"href":"https:\/\/didoc.be\/fr\/wp-json\/wp\/v2\/media?parent=4096"}],"wp:term":[{"taxonomy":"product_brand","embeddable":true,"href":"https:\/\/didoc.be\/fr\/wp-json\/wp\/v2\/product_brand?post=4096"},{"taxonomy":"product_cat","embeddable":true,"href":"https:\/\/didoc.be\/fr\/wp-json\/wp\/v2\/product_cat?post=4096"},{"taxonomy":"product_tag","embeddable":true,"href":"https:\/\/didoc.be\/fr\/wp-json\/wp\/v2\/product_tag?post=4096"}],"curies":[{"name":"wp","href":"https:\/\/api.w.org\/{rel}","templated":true}]}}