{"id":4094,"date":"2023-11-27T13:14:16","date_gmt":"2023-11-27T12:14:16","guid":{"rendered":"https:\/\/didoc.be\/product\/eloge-de-la-paix-st-augustin\/"},"modified":"2024-05-23T12:19:12","modified_gmt":"2024-05-23T10:19:12","slug":"eloge-de-la-paix-st-augustin","status":"publish","type":"product","link":"https:\/\/didoc.be\/fr\/product\/eloge-de-la-paix-st-augustin\/","title":{"rendered":"\u00c9loge de la paix (St. Augustin)"},"content":{"rendered":"<p>\u00c9loge de la paix (Saint Augustin)<\/p>\n<p>Le Laurier, 2012<\/p>\n<p>64 pages<\/p>\n<p>ISBN : 9-782864-953425<\/p>\n","protected":false},"excerpt":{"rendered":"<p>\u00c9loge de la paix, de St Augustin. D\u00e9c 2012. Aimer la paix ! Qu&rsquo;il est bon d&rsquo;aimer la paix ! Quels efforts te co\u00fbte-t-elle ? L\u00e0 m\u00eame o\u00f9 tu te tiens, aime la paix, et ce que tu aimes est avec toi.<\/p>\n","protected":false},"featured_media":1605,"comment_status":"open","ping_status":"closed","template":"","meta":{"inline_featured_image":false},"product_brand":[],"product_cat":[50,51],"product_tag":[],"class_list":{"0":"post-4094","1":"product","2":"type-product","3":"status-publish","4":"has-post-thumbnail","6":"product_cat-francais","7":"product_cat-livrets","9":"first","10":"instock","11":"taxable","12":"shipping-taxable","13":"purchasable","14":"product-type-simple"},"acf":[],"_links":{"self":[{"href":"https:\/\/didoc.be\/fr\/wp-json\/wp\/v2\/product\/4094","targetHints":{"allow":["GET"]}}],"collection":[{"href":"https:\/\/didoc.be\/fr\/wp-json\/wp\/v2\/product"}],"about":[{"href":"https:\/\/didoc.be\/fr\/wp-json\/wp\/v2\/types\/product"}],"replies":[{"embeddable":true,"href":"https:\/\/didoc.be\/fr\/wp-json\/wp\/v2\/comments?post=4094"}],"wp:featuredmedia":[{"embeddable":true,"href":"https:\/\/didoc.be\/fr\/wp-json\/wp\/v2\/media\/1605"}],"wp:attachment":[{"href":"https:\/\/didoc.be\/fr\/wp-json\/wp\/v2\/media?parent=4094"}],"wp:term":[{"taxonomy":"product_brand","embeddable":true,"href":"https:\/\/didoc.be\/fr\/wp-json\/wp\/v2\/product_brand?post=4094"},{"taxonomy":"product_cat","embeddable":true,"href":"https:\/\/didoc.be\/fr\/wp-json\/wp\/v2\/product_cat?post=4094"},{"taxonomy":"product_tag","embeddable":true,"href":"https:\/\/didoc.be\/fr\/wp-json\/wp\/v2\/product_tag?post=4094"}],"curies":[{"name":"wp","href":"https:\/\/api.w.org\/{rel}","templated":true}]}}