{"id":4080,"date":"2023-11-27T13:14:11","date_gmt":"2023-11-27T12:14:11","guid":{"rendered":"https:\/\/didoc.be\/product\/rendez-vous-avec-la-mort-e-montero\/"},"modified":"2024-05-23T12:19:12","modified_gmt":"2024-05-23T10:19:12","slug":"rendez-vous-avec-la-mort-e-montero","status":"publish","type":"product","link":"https:\/\/didoc.be\/fr\/product\/rendez-vous-avec-la-mort-e-montero\/","title":{"rendered":"Rendez-vous avec la mort (E. Montero)"},"content":{"rendered":"<p>\u00c0 l\u2019heure o\u00f9 le d\u00e9bat s\u2019invite en France, au Qu\u00e9bec et ailleurs, il est sans conteste \u00e9clairant de d\u00e9couvrir la r\u00e9alit\u00e9 de l\u2019euthanasie, telle qu\u2019elle est pratiqu\u00e9e et v\u00e9cue dans un pays o\u00f9 elle a \u00e9t\u00e9 d\u00e9p\u00e9nalis\u00e9e. Seuls trois pays au monde se sont engag\u00e9s dans cette voie : les Pays-Bas, la Belgique et, r\u00e9cemment, le Luxembourg. Apr\u00e8s dix ann\u00e9es d\u2019application de la loi sur l\u2019euthanasie en Belgique (2002), le moment est venu de dresser un bilan critique.&nbsp; Au-del\u00e0 des pr\u00e9jug\u00e9s, th\u00e9ories et sondages d\u2019opinion, la parole est aux faits !<\/p>\n","protected":false},"excerpt":{"rendered":"<p>\u00c0 l\u2019heure o\u00f9 le d\u00e9bat s\u2019invite en France, au Qu\u00e9bec et ailleurs, il est sans conteste \u00e9clairant de d\u00e9couvrir la r\u00e9alit\u00e9 de l\u2019euthanasie, telle qu\u2019elle est pratiqu\u00e9e et v\u00e9cue dans un pays o\u00f9 elle a \u00e9t\u00e9 d\u00e9p\u00e9nalis\u00e9e. Seuls trois pays au monde se sont engag\u00e9s dans cette voie : les Pays-Bas, la Belgique et, r\u00e9cemment, [&hellip;]<\/p>\n","protected":false},"featured_media":1572,"comment_status":"open","ping_status":"closed","template":"","meta":{"inline_featured_image":false},"product_brand":[],"product_cat":[50,49],"product_tag":[],"class_list":{"0":"post-4080","1":"product","2":"type-product","3":"status-publish","4":"has-post-thumbnail","6":"product_cat-francais","7":"product_cat-livres","9":"first","10":"instock","11":"taxable","12":"shipping-taxable","13":"purchasable","14":"product-type-simple"},"acf":[],"_links":{"self":[{"href":"https:\/\/didoc.be\/fr\/wp-json\/wp\/v2\/product\/4080","targetHints":{"allow":["GET"]}}],"collection":[{"href":"https:\/\/didoc.be\/fr\/wp-json\/wp\/v2\/product"}],"about":[{"href":"https:\/\/didoc.be\/fr\/wp-json\/wp\/v2\/types\/product"}],"replies":[{"embeddable":true,"href":"https:\/\/didoc.be\/fr\/wp-json\/wp\/v2\/comments?post=4080"}],"wp:featuredmedia":[{"embeddable":true,"href":"https:\/\/didoc.be\/fr\/wp-json\/wp\/v2\/media\/1572"}],"wp:attachment":[{"href":"https:\/\/didoc.be\/fr\/wp-json\/wp\/v2\/media?parent=4080"}],"wp:term":[{"taxonomy":"product_brand","embeddable":true,"href":"https:\/\/didoc.be\/fr\/wp-json\/wp\/v2\/product_brand?post=4080"},{"taxonomy":"product_cat","embeddable":true,"href":"https:\/\/didoc.be\/fr\/wp-json\/wp\/v2\/product_cat?post=4080"},{"taxonomy":"product_tag","embeddable":true,"href":"https:\/\/didoc.be\/fr\/wp-json\/wp\/v2\/product_tag?post=4080"}],"curies":[{"name":"wp","href":"https:\/\/api.w.org\/{rel}","templated":true}]}}