{"id":4073,"date":"2023-11-27T13:14:08","date_gmt":"2023-11-27T12:14:08","guid":{"rendered":"https:\/\/didoc.be\/product\/un-plan-de-vie-chretienne-a-vidal\/"},"modified":"2025-04-06T11:58:49","modified_gmt":"2025-04-06T09:58:49","slug":"un-plan-de-vie-chretienne-a-vidal","status":"publish","type":"product","link":"https:\/\/didoc.be\/fr\/product\/un-plan-de-vie-chretienne-a-vidal\/","title":{"rendered":"Un plan de vie chr\u00e9tienne"},"content":{"rendered":"","protected":false},"excerpt":{"rendered":"<p>Un plan de vie chr\u00e9tienne<\/p>\n<p>80 pages<\/p>\n<p>ISBN : 978-2-86495-286-2<\/p>\n<p>Les actes de pi\u00e9t\u00e9, les rendez-vous du chr\u00e9tien avec Dieu. Description d\u00e9taill\u00e9e, n\u00e9cessit\u00e9 et utilit\u00e9 pour la vie quotidienne. La formation et l&rsquo;apprentissage de la vie chr\u00e9tienne.<\/p>\n","protected":false},"featured_media":1551,"comment_status":"closed","ping_status":"closed","template":"","meta":{"inline_featured_image":false},"product_brand":[],"product_cat":[50,51],"product_tag":[],"class_list":{"0":"post-4073","1":"product","2":"type-product","3":"status-publish","4":"has-post-thumbnail","6":"product_cat-francais","7":"product_cat-livrets","8":"pa_auteur-alphonse-vidal","10":"first","11":"instock","12":"taxable","13":"shipping-taxable","14":"purchasable","15":"product-type-simple"},"acf":[],"_links":{"self":[{"href":"https:\/\/didoc.be\/fr\/wp-json\/wp\/v2\/product\/4073","targetHints":{"allow":["GET"]}}],"collection":[{"href":"https:\/\/didoc.be\/fr\/wp-json\/wp\/v2\/product"}],"about":[{"href":"https:\/\/didoc.be\/fr\/wp-json\/wp\/v2\/types\/product"}],"replies":[{"embeddable":true,"href":"https:\/\/didoc.be\/fr\/wp-json\/wp\/v2\/comments?post=4073"}],"wp:featuredmedia":[{"embeddable":true,"href":"https:\/\/didoc.be\/fr\/wp-json\/wp\/v2\/media\/1551"}],"wp:attachment":[{"href":"https:\/\/didoc.be\/fr\/wp-json\/wp\/v2\/media?parent=4073"}],"wp:term":[{"taxonomy":"product_brand","embeddable":true,"href":"https:\/\/didoc.be\/fr\/wp-json\/wp\/v2\/product_brand?post=4073"},{"taxonomy":"product_cat","embeddable":true,"href":"https:\/\/didoc.be\/fr\/wp-json\/wp\/v2\/product_cat?post=4073"},{"taxonomy":"product_tag","embeddable":true,"href":"https:\/\/didoc.be\/fr\/wp-json\/wp\/v2\/product_tag?post=4073"}],"curies":[{"name":"wp","href":"https:\/\/api.w.org\/{rel}","templated":true}]}}