{"id":4069,"date":"2023-11-27T13:14:06","date_gmt":"2023-11-27T12:14:06","guid":{"rendered":"https:\/\/didoc.be\/product\/toute-a-tous-cahier-de-resolutions-e-leseur\/"},"modified":"2024-05-23T12:19:13","modified_gmt":"2024-05-23T10:19:13","slug":"toute-a-tous-cahier-de-resolutions-e-leseur","status":"publish","type":"product","link":"https:\/\/didoc.be\/fr\/product\/toute-a-tous-cahier-de-resolutions-e-leseur\/","title":{"rendered":"Toute \u00e0 tous. Cahier de r\u00e9solutions (E. Leseur)"},"content":{"rendered":"","protected":false},"excerpt":{"rendered":"<p>Toute \u00e0 tous. Cahier de r\u00e9solutions (Elisabeth Leseur)<\/p>\n<p>Le Laurier, 1995<\/p>\n<p>64 pages<\/p>\n<p>ISBN : 978-2-86495-166-7 <\/p>\n<p>La vie d&rsquo;\u00c9lisabeth Leseur n&rsquo;est pas une vie tout \u00e0 fait ordinaire. Sa lutte int\u00e9rieure transpara\u00eet dans ce cahier de r\u00e9solutions. Ce livret est un exemple pratique de la lutte int\u00e9rieure d&rsquo;une femme qui a v\u00e9cu au milieu du monde.<\/p>\n","protected":false},"featured_media":1539,"comment_status":"open","ping_status":"closed","template":"","meta":{"inline_featured_image":false},"product_brand":[],"product_cat":[50,51],"product_tag":[],"class_list":{"0":"post-4069","1":"product","2":"type-product","3":"status-publish","4":"has-post-thumbnail","6":"product_cat-francais","7":"product_cat-livrets","9":"first","10":"instock","11":"taxable","12":"shipping-taxable","13":"purchasable","14":"product-type-simple"},"acf":[],"_links":{"self":[{"href":"https:\/\/didoc.be\/fr\/wp-json\/wp\/v2\/product\/4069","targetHints":{"allow":["GET"]}}],"collection":[{"href":"https:\/\/didoc.be\/fr\/wp-json\/wp\/v2\/product"}],"about":[{"href":"https:\/\/didoc.be\/fr\/wp-json\/wp\/v2\/types\/product"}],"replies":[{"embeddable":true,"href":"https:\/\/didoc.be\/fr\/wp-json\/wp\/v2\/comments?post=4069"}],"wp:featuredmedia":[{"embeddable":true,"href":"https:\/\/didoc.be\/fr\/wp-json\/wp\/v2\/media\/1539"}],"wp:attachment":[{"href":"https:\/\/didoc.be\/fr\/wp-json\/wp\/v2\/media?parent=4069"}],"wp:term":[{"taxonomy":"product_brand","embeddable":true,"href":"https:\/\/didoc.be\/fr\/wp-json\/wp\/v2\/product_brand?post=4069"},{"taxonomy":"product_cat","embeddable":true,"href":"https:\/\/didoc.be\/fr\/wp-json\/wp\/v2\/product_cat?post=4069"},{"taxonomy":"product_tag","embeddable":true,"href":"https:\/\/didoc.be\/fr\/wp-json\/wp\/v2\/product_tag?post=4069"}],"curies":[{"name":"wp","href":"https:\/\/api.w.org\/{rel}","templated":true}]}}