{"id":4066,"date":"2023-11-27T13:14:05","date_gmt":"2023-11-27T12:14:05","guid":{"rendered":"https:\/\/didoc.be\/product\/sillon-j-escriva\/"},"modified":"2025-04-07T12:50:13","modified_gmt":"2025-04-07T10:50:13","slug":"sillon-j-escriva","status":"publish","type":"product","link":"https:\/\/didoc.be\/fr\/product\/sillon-j-escriva\/","title":{"rendered":"Sillon"},"content":{"rendered":"<p>Comme &lsquo;Chemin&rsquo; ce livre est articul\u00e9 en 1000 points, fruits de l&rsquo;exp\u00e9rience du fondateur de l&rsquo;Opus Dei ; son action et contemplation \u00e9taient harmonieusement unies : ils montrent comment y parvenir. Livre tonique qui ouvre des horizons, pose des questions et aide \u00e0 trouver les r\u00e9ponses voulues toujours dans un esprit optimiste et tr\u00e8s concret.<\/p>\n<p>Ami lecteur permets-moi de prendre ton \u00c2me pour lui faire contempler des vertus d&rsquo;homme: la gr\u00e2ce agit sur la nature. Mais n&rsquo;oublie pas que mes consid\u00e9rations tout humaines qu&rsquo;elles te paraissent telles que je les ai \u00e9crites (et m\u00eame v\u00e9cues) pour toi et pour moi devant Dieu ne peuvent \u00eatre que sacerdotales. Puissent ces pages avoir pour effet (et c&rsquo;est ce que je demande \u00e0 Notre Seigneur) de nous rendre meilleurs et de nous pousser \u00e0 laisser dans cette vie par nos oeuvres un sillon f\u00e9cond!<\/p>\n<p>Pages : 304<\/p>\n<p>ISBN : 978-2-86495-193-3<\/p>\n<div id=\"description\" class=\"tab-pane in active\">\n<div class=\"product-description\">\n<div class=\"rte-content\">\n<p><strong>Jos\u00e9maria Escriva<\/strong>\u00a0(1902\u20131975), fondateur de l\u2019Opus Dei, a \u00e9t\u00e9 canonis\u00e9 le 6 octobre 2002 \u00e0 Rome. Jean-Paul II l\u2019a d\u00e9sign\u00e9, \u00e0 cette occasion, comme \u00ab le saint de l\u2019ordinaire \u00bb.<\/p>\n<\/div>\n<\/div>\n<\/div>\n<div id=\"product-details-tab\" class=\"tab-pane \">\n<div id=\"product-details\" class=\"clearfix js-product-details\" data-product=\"{&quot;id_shop_default&quot;:&quot;1&quot;,&quot;id_manufacturer&quot;:&quot;0&quot;,&quot;id_supplier&quot;:&quot;1&quot;,&quot;reference&quot;:&quot;978-2-86495-193-3&quot;,&quot;is_virtual&quot;:&quot;0&quot;,&quot;delivery_in_stock&quot;:&quot;&quot;,&quot;delivery_out_stock&quot;:&quot;&quot;,&quot;id_category_default&quot;:&quot;7&quot;,&quot;on_sale&quot;:&quot;0&quot;,&quot;online_only&quot;:&quot;0&quot;,&quot;ecotax&quot;:0,&quot;minimal_quantity&quot;:&quot;1&quot;,&quot;low_stock_threshold&quot;:null,&quot;low_stock_alert&quot;:&quot;0&quot;,&quot;price&quot;:&quot;11,00\\u00a0\\u20ac&quot;,&quot;unity&quot;:&quot;&quot;,&quot;unit_price_ratio&quot;:&quot;0.000000&quot;,&quot;additional_shipping_cost&quot;:&quot;0.000000&quot;,&quot;customizable&quot;:&quot;0&quot;,&quot;text_fields&quot;:&quot;0&quot;,&quot;uploadable_files&quot;:&quot;0&quot;,&quot;redirect_type&quot;:&quot;404&quot;,&quot;id_type_redirected&quot;:&quot;0&quot;,&quot;available_for_order&quot;:&quot;1&quot;,&quot;available_date&quot;:&quot;0000-00-00&quot;,&quot;show_condition&quot;:&quot;0&quot;,&quot;condition&quot;:&quot;new&quot;,&quot;show_price&quot;:&quot;1&quot;,&quot;indexed&quot;:&quot;1&quot;,&quot;visibility&quot;:&quot;both&quot;,&quot;cache_default_attribute&quot;:&quot;0&quot;,&quot;advanced_stock_management&quot;:&quot;0&quot;,&quot;date_add&quot;:&quot;2016-07-04 14:33:18&quot;,&quot;date_upd&quot;:&quot;2025-01-21 09:52:50&quot;,&quot;pack_stock_type&quot;:&quot;3&quot;,&quot;meta_description&quot;:&quot;&quot;,&quot;meta_keywords&quot;:&quot;&quot;,&quot;meta_title&quot;:&quot;Sillon&quot;,&quot;link_rewrite&quot;:&quot;sillon&quot;,&quot;name&quot;:&quot;Sillon&quot;,&quot;description&quot;:&quot;&lt;h2&gt;De quoi parle le livre &lt;em&gt;Sillon&lt;\\\/em&gt; ?&lt;\\\/h2&gt;\\n&lt;p&gt;Comme &lt;a href=\\&quot;https:\\\/\\\/editions-lelaurier.com\\\/fr\\\/ouvrages-de-saint-josemaria\\\/310-chemin-9782864952565.html\\&quot;&gt;Chemin&lt;\\\/a&gt;\\u00a0ce livre est articul\\u00e9 en 1000 points, fruits de l'exp\\u00e9rience du fondateur de l'Opus Dei ; son action et contemplation \\u00e9taient harmonieusement unies : ils montrent comment y parvenir. Livre tonique qui ouvre des horizons, pose des questions et aide \\u00e0 trouver les r\\u00e9ponses voulues toujours dans un esprit optimiste et tr\\u00e8s concret.&lt;\\\/p&gt;\\n&lt;p&gt;Ami lecteur permets-moi de prendre ton \\u00c2me pour lui faire contempler des vertus d'homme: la gr\\u00e2ce agit sur la nature. Mais n'oublie pas que mes consid\\u00e9rations tout humaines qu'elles te paraissent telles que je les ai \\u00e9crites (et m\\u00eame v\\u00e9cues) pour toi et pour moi devant Dieu ne peuvent \\u00eatre que sacerdotales. Puissent ces pages avoir pour effet (et c'est ce que je demande \\u00e0 Notre Seigneur) de nous rendre meilleurs et de nous pousser \\u00e0 laisser dans cette vie par nos oeuvres un sillon f\\u00e9cond!&lt;\\\/p&gt;\\n&lt;h2&gt;Qui est l'auteur saint Jos\\u00e9maria Escriva ?&lt;\\\/h2&gt;\\n&lt;p&gt;&lt;strong&gt;Jos\\u00e9maria Escriva&lt;\\\/strong&gt;&lt;span&gt;\\u00a0(1902\\u20131975), fondateur de l\\u2019Opus Dei, a \\u00e9t\\u00e9 canonis\\u00e9 le 6 octobre 2002 \\u00e0 Rome. Jean-Paul II l\\u2019a d\\u00e9sign\\u00e9, \\u00e0 cette occasion, comme \\u00ab le saint de l\\u2019ordinaire \\u00bb. Il est l\\u2019auteur notamment de\\u00a0&lt;a href=\\&quot;https:\\\/\\\/editions-lelaurier.com\\\/fr\\\/spiritualite-chretienne\\\/534-chemin-epub-9782864953494.html\\&quot;&gt;Chemin&lt;\\\/a&gt;&lt;\\\/span&gt;&lt;span&gt;,\\u00a0&lt;a href=\\&quot;https:\\\/\\\/editions-lelaurier.com\\\/fr\\\/livret-priere\\\/313-saint-rosaire.html\\&quot;&gt;Saint Rosaire&lt;\\\/a&gt;&lt;\\\/span&gt;&lt;span&gt;,\\u00a0&lt;a href=\\&quot;https:\\\/\\\/editions-lelaurier.com\\\/fr\\\/collection-livrets-du-laurier\\\/408-aimer-le-monde-passionnement-9782864955238.html\\&quot;&gt;Aimer le monde passionn\\u00e9ment&lt;\\\/a&gt;&lt;\\\/span&gt;&lt;span&gt;,\\u00a0&lt;a href=\\&quot;https:\\\/\\\/editions-lelaurier.com\\\/fr\\\/ouvrages-de-saint-josemaria\\\/367-amis-de-dieu.html\\&quot;&gt;Amis de Dieu&lt;\\\/a&gt;&lt;\\\/span&gt;&lt;span&gt;,\\u00a0&lt;\\\/span&gt;&lt;em&gt;Chemin de Croix&lt;\\\/em&gt;&lt;span&gt;,\\u00a0&lt;a href=\\&quot;https:\\\/\\\/editions-lelaurier.com\\\/fr\\\/ouvrages-de-saint-josemaria\\\/309-quand-le-christ-passe-9782864953036.html\\&quot;&gt;&lt;em&gt;Quand le Christ passe&lt;\\\/em&gt;&lt;\\\/a&gt;,&lt;\\\/span&gt;&lt;span&gt;\\u00a0et\\u00a0&lt;a href=\\&quot;https:\\\/\\\/editions-lelaurier.com\\\/fr\\\/ouvrages-de-saint-josemaria\\\/312-forge.html\\&quot;&gt;Forge&lt;\\\/a&gt;&lt;\\\/span&gt;&lt;span&gt;.&lt;\\\/span&gt;&lt;\\\/p&gt;&quot;,&quot;description_short&quot;:&quot;&lt;p&gt;Compos\\u00e9 de 1000 points autour des vertus chr\\u00e9tiennes, &lt;em&gt;Sillon&lt;\\\/em&gt; manifeste le sens profond\\u00e9ment humain de la vie chr\\u00e9tienne.&lt;\\\/p&gt;\\n&lt;p&gt;Dimensions : 9,9 x 14,5 x 1,5 cm&lt;\\\/p&gt;\\n&lt;p&gt;Poids : 0,176 kg&lt;\\\/p&gt;\\n&lt;p&gt;Pages : 304&lt;\\\/p&gt;\\n&lt;p&gt;ISBN : 978-2-86495-193-3&lt;\\\/p&gt;\\n&lt;p&gt;Date de parution : 1er janvier 1998&lt;\\\/p&gt;\\n&lt;p&gt;\\u00c9dition broch\\u00e9e\\u00a0&lt;\\\/p&gt;&quot;,&quot;available_now&quot;:&quot;&quot;,&quot;available_later&quot;:&quot;&quot;,&quot;id&quot;:314,&quot;id_product&quot;:314,&quot;out_of_stock&quot;:2,&quot;new&quot;:0,&quot;id_product_attribute&quot;:&quot;0&quot;,&quot;quantity_wanted&quot;:1,&quot;extraContent&quot;:[{&quot;title&quot;:&quot;&lt;span class=\\&quot;iqitreviews-title float-left\\&quot;&gt;Commentaires&lt;\\\/span&gt; &lt;span class=\\&quot;iqitreviews-nb\\&quot;&gt;(0)&lt;\\\/span&gt;&quot;,&quot;content&quot;:&quot;\\n&lt;div id=\\&quot;iqit-reviews\\&quot; class=\\&quot;mt-3\\&quot;&gt;\\n\\n &lt;div id=\\&quot;iqit-reviews-top\\&quot;&gt;\\n &lt;div class=\\&quot;row justify-content-between align-items-center\\&quot;&gt;\\n\\n &lt;div class=\\&quot;col mb-3\\&quot;&gt;\\n &lt;div id=\\&quot;iqitreviews-snippet\\&quot;&gt;Aucun avis&lt;\\\/div&gt;\\n &lt;\\\/div&gt;\\n\\n \\n &lt;\\\/div&gt; &lt;!-- \\\/ .row --&gt;\\n&lt;\\\/div&gt;&lt;!-- \\\/ #iqit-reviews-top --&gt;\\n\\n\\n&lt;div class=\\&quot;col-xs-12 alert alert-success hidden-xs-up\\&quot;\\n id=\\&quot;iqitreviews-productreview-form-success-alert\\&quot;&gt;\\n&lt;\\\/div&gt;\\n\\n\\n\\n\\n\\n&lt;\\\/div&gt;\\n\\n&quot;,&quot;attr&quot;:{&quot;id&quot;:&quot;iqit-reviews-tab&quot;,&quot;class&quot;:&quot;&quot;,&quot;data-iqitextra&quot;:&quot;iqit-reviews-tab&quot;},&quot;moduleName&quot;:&quot;iqitreviews&quot;}],&quot;allow_oosp&quot;:0,&quot;category&quot;:&quot;ouvrages-de-saint-josemaria&quot;,&quot;category_name&quot;:&quot;Ouvrages de Saint Jos\\u00e9maria&quot;,&quot;link&quot;:&quot;https:\\\/\\\/editions-lelaurier.com\\\/fr\\\/ouvrages-de-saint-josemaria\\\/314-sillon-9782864951933.html&quot;,&quot;attribute_price&quot;:0,&quot;price_tax_exc&quot;:10.42654,&quot;price_without_reduction&quot;:11,&quot;reduction&quot;:0,&quot;specific_prices&quot;:[],&quot;quantity&quot;:331,&quot;quantity_all_versions&quot;:331,&quot;id_image&quot;:&quot;fr-default&quot;,&quot;features&quot;:[{&quot;name&quot;:&quot;Largeur&quot;,&quot;value&quot;:&quot;9,9 cm&quot;,&quot;id_feature&quot;:&quot;2&quot;,&quot;position&quot;:&quot;0&quot;},{&quot;name&quot;:&quot;Longueur&quot;,&quot;value&quot;:&quot;14,5 cm&quot;,&quot;id_feature&quot;:&quot;7&quot;,&quot;position&quot;:&quot;1&quot;},{&quot;name&quot;:&quot;Poids&quot;,&quot;value&quot;:&quot;0,176 kg&quot;,&quot;id_feature&quot;:&quot;8&quot;,&quot;position&quot;:&quot;2&quot;}],&quot;attachments&quot;:[],&quot;virtual&quot;:0,&quot;pack&quot;:0,&quot;packItems&quot;:[],&quot;nopackprice&quot;:0,&quot;customization_required&quot;:false,&quot;rate&quot;:5.5,&quot;tax_name&quot;:&quot;TVA FR 5.5%&quot;,&quot;ecotax_rate&quot;:0,&quot;unit_price&quot;:&quot;&quot;,&quot;customizations&quot;:{&quot;fields&quot;:[]},&quot;id_customization&quot;:0,&quot;is_customizable&quot;:false,&quot;show_quantities&quot;:false,&quot;quantity_label&quot;:&quot;Produits&quot;,&quot;quantity_discounts&quot;:[],&quot;customer_group_discount&quot;:0,&quot;images&quot;:[{&quot;bySize&quot;:{&quot;small_default&quot;:{&quot;url&quot;:&quot;https:\\\/\\\/editions-lelaurier.com\\\/1132-small_default\\\/sillon.jpg&quot;,&quot;width&quot;:98,&quot;height&quot;:127},&quot;cart_default&quot;:{&quot;url&quot;:&quot;https:\\\/\\\/editions-lelaurier.com\\\/1132-cart_default\\\/sillon.jpg&quot;,&quot;width&quot;:125,&quot;height&quot;:162},&quot;home_default&quot;:{&quot;url&quot;:&quot;https:\\\/\\\/editions-lelaurier.com\\\/1132-home_default\\\/sillon.jpg&quot;,&quot;width&quot;:236,&quot;height&quot;:305},&quot;large_default&quot;:{&quot;url&quot;:&quot;https:\\\/\\\/editions-lelaurier.com\\\/1132-large_default\\\/sillon.jpg&quot;,&quot;width&quot;:381,&quot;height&quot;:492},&quot;medium_default&quot;:{&quot;url&quot;:&quot;https:\\\/\\\/editions-lelaurier.com\\\/1132-medium_default\\\/sillon.jpg&quot;,&quot;width&quot;:452,&quot;height&quot;:584},&quot;thickbox_default&quot;:{&quot;url&quot;:&quot;https:\\\/\\\/editions-lelaurier.com\\\/1132-thickbox_default\\\/sillon.jpg&quot;,&quot;width&quot;:1100,&quot;height&quot;:1422}},&quot;small&quot;:{&quot;url&quot;:&quot;https:\\\/\\\/editions-lelaurier.com\\\/1132-small_default\\\/sillon.jpg&quot;,&quot;width&quot;:98,&quot;height&quot;:127},&quot;medium&quot;:{&quot;url&quot;:&quot;https:\\\/\\\/editions-lelaurier.com\\\/1132-large_default\\\/sillon.jpg&quot;,&quot;width&quot;:381,&quot;height&quot;:492},&quot;large&quot;:{&quot;url&quot;:&quot;https:\\\/\\\/editions-lelaurier.com\\\/1132-thickbox_default\\\/sillon.jpg&quot;,&quot;width&quot;:1100,&quot;height&quot;:1422},&quot;legend&quot;:&quot;Sillon&quot;,&quot;id_image&quot;:&quot;1132&quot;,&quot;cover&quot;:&quot;1&quot;,&quot;position&quot;:&quot;1&quot;,&quot;associatedVariants&quot;:[]}],&quot;cover&quot;:{&quot;bySize&quot;:{&quot;small_default&quot;:{&quot;url&quot;:&quot;https:\\\/\\\/editions-lelaurier.com\\\/1132-small_default\\\/sillon.jpg&quot;,&quot;width&quot;:98,&quot;height&quot;:127},&quot;cart_default&quot;:{&quot;url&quot;:&quot;https:\\\/\\\/editions-lelaurier.com\\\/1132-cart_default\\\/sillon.jpg&quot;,&quot;width&quot;:125,&quot;height&quot;:162},&quot;home_default&quot;:{&quot;url&quot;:&quot;https:\\\/\\\/editions-lelaurier.com\\\/1132-home_default\\\/sillon.jpg&quot;,&quot;width&quot;:236,&quot;height&quot;:305},&quot;large_default&quot;:{&quot;url&quot;:&quot;https:\\\/\\\/editions-lelaurier.com\\\/1132-large_default\\\/sillon.jpg&quot;,&quot;width&quot;:381,&quot;height&quot;:492},&quot;medium_default&quot;:{&quot;url&quot;:&quot;https:\\\/\\\/editions-lelaurier.com\\\/1132-medium_default\\\/sillon.jpg&quot;,&quot;width&quot;:452,&quot;height&quot;:584},&quot;thickbox_default&quot;:{&quot;url&quot;:&quot;https:\\\/\\\/editions-lelaurier.com\\\/1132-thickbox_default\\\/sillon.jpg&quot;,&quot;width&quot;:1100,&quot;height&quot;:1422}},&quot;small&quot;:{&quot;url&quot;:&quot;https:\\\/\\\/editions-lelaurier.com\\\/1132-small_default\\\/sillon.jpg&quot;,&quot;width&quot;:98,&quot;height&quot;:127},&quot;medium&quot;:{&quot;url&quot;:&quot;https:\\\/\\\/editions-lelaurier.com\\\/1132-large_default\\\/sillon.jpg&quot;,&quot;width&quot;:381,&quot;height&quot;:492},&quot;large&quot;:{&quot;url&quot;:&quot;https:\\\/\\\/editions-lelaurier.com\\\/1132-thickbox_default\\\/sillon.jpg&quot;,&quot;width&quot;:1100,&quot;height&quot;:1422},&quot;legend&quot;:&quot;Sillon&quot;,&quot;id_image&quot;:&quot;1132&quot;,&quot;cover&quot;:&quot;1&quot;,&quot;position&quot;:&quot;1&quot;,&quot;associatedVariants&quot;:[]},&quot;has_discount&quot;:false,&quot;discount_type&quot;:null,&quot;discount_percentage&quot;:null,&quot;discount_percentage_absolute&quot;:null,&quot;discount_amount&quot;:null,&quot;discount_amount_to_display&quot;:null,&quot;price_amount&quot;:11,&quot;unit_price_full&quot;:&quot;&quot;,&quot;show_availability&quot;:true,&quot;availability_date&quot;:null,&quot;availability_message&quot;:&quot;Disponible&quot;,&quot;availability&quot;:&quot;available&quot;}\">\n<section class=\"product-features\">\n<dl class=\"data-sheet\">\n<dt class=\"name\"><\/dt>\n<dd class=\"value\"><\/dd>\n<dt class=\"name\"><\/dt>\n<dd class=\"value\"><\/dd>\n<dt class=\"name\"><\/dt>\n<dd class=\"value\"><\/dd>\n<\/dl>\n<\/section>\n<div class=\"product-reference\"><\/div>\n<div class=\"product-out-of-stock\"><\/div>\n<\/div>\n<\/div>\n<div id=\"extra-0\" class=\"tab-pane in \" data-iqitextra=\"iqit-reviews-tab\">\n<div id=\"iqit-reviews\" class=\"mt-3\">\n<div id=\"iqit-reviews-top\">\n<div class=\"row justify-content-between align-items-center\">\n<div class=\"col mb-3\">\n<div id=\"iqitreviews-snippet\"><\/div>\n<\/div>\n<\/div>\n<\/div>\n<\/div>\n<\/div>\n","protected":false},"excerpt":{"rendered":"<p>Sillon manifeste le sens profond\u00e9ment humain de la vie chr\u00e9tienne, propre aux \u00e9crits de l\u2019auteur, qui aimait r\u00e9p\u00e9ter :\u00a8le Seigneur a fait de nous des hommes et non pas des anges, et c\u2019est en \u00eatres humains que nous devons nous conduire.\u00a8<\/p>\n","protected":false},"featured_media":1530,"comment_status":"closed","ping_status":"closed","template":"","meta":{"inline_featured_image":false},"product_brand":[],"product_cat":[52],"product_tag":[],"class_list":{"0":"post-4066","1":"product","2":"type-product","3":"status-publish","4":"has-post-thumbnail","6":"product_cat-josemaria-escriva-2","7":"pa_auteur-josemaria-escriva-3","9":"first","10":"instock","11":"taxable","12":"shipping-taxable","13":"purchasable","14":"product-type-simple"},"acf":[],"_links":{"self":[{"href":"https:\/\/didoc.be\/fr\/wp-json\/wp\/v2\/product\/4066","targetHints":{"allow":["GET"]}}],"collection":[{"href":"https:\/\/didoc.be\/fr\/wp-json\/wp\/v2\/product"}],"about":[{"href":"https:\/\/didoc.be\/fr\/wp-json\/wp\/v2\/types\/product"}],"replies":[{"embeddable":true,"href":"https:\/\/didoc.be\/fr\/wp-json\/wp\/v2\/comments?post=4066"}],"wp:featuredmedia":[{"embeddable":true,"href":"https:\/\/didoc.be\/fr\/wp-json\/wp\/v2\/media\/1530"}],"wp:attachment":[{"href":"https:\/\/didoc.be\/fr\/wp-json\/wp\/v2\/media?parent=4066"}],"wp:term":[{"taxonomy":"product_brand","embeddable":true,"href":"https:\/\/didoc.be\/fr\/wp-json\/wp\/v2\/product_brand?post=4066"},{"taxonomy":"product_cat","embeddable":true,"href":"https:\/\/didoc.be\/fr\/wp-json\/wp\/v2\/product_cat?post=4066"},{"taxonomy":"product_tag","embeddable":true,"href":"https:\/\/didoc.be\/fr\/wp-json\/wp\/v2\/product_tag?post=4066"}],"curies":[{"name":"wp","href":"https:\/\/api.w.org\/{rel}","templated":true}]}}