{"id":4064,"date":"2023-11-27T13:14:05","date_gmt":"2023-11-27T12:14:05","guid":{"rendered":"https:\/\/didoc.be\/product\/saint-rosaire-j-escriva\/"},"modified":"2025-05-26T10:35:57","modified_gmt":"2025-05-26T08:35:57","slug":"saint-rosaire-j-escriva","status":"publish","type":"product","link":"https:\/\/didoc.be\/fr\/product\/saint-rosaire-j-escriva\/","title":{"rendered":"Saint Rosaire"},"content":{"rendered":"","protected":false},"excerpt":{"rendered":"<p>Saint Rosaire (Jos\u00e9maria Escriva)<\/p>\n<p>Le Laurier, 2003<\/p>\n<p>32 pages,<\/p>\n<p>ISBN : 978-2-86495-254-1<\/p>\n<p>Ces m\u00e9ditations du fondateur de l&rsquo;Opus Dei sur les myst\u00e8res du Saint Rosaire, r\u00e9dig\u00e9es en 1931, ont \u00e9t\u00e9 compl\u00e9t\u00e9es par l&rsquo;adjonction de textes, tir\u00e9s de ses \u00e9crits, se r\u00e9f\u00e9rant aux nouveaux myst\u00e8res lumineux.<\/p>\n","protected":false},"featured_media":1524,"comment_status":"closed","ping_status":"closed","template":"","meta":{"inline_featured_image":false},"product_brand":[],"product_cat":[50,52,49],"product_tag":[],"class_list":{"0":"post-4064","1":"product","2":"type-product","3":"status-publish","4":"has-post-thumbnail","6":"product_cat-francais","7":"product_cat-josemaria-escriva-2","8":"product_cat-livres","9":"pa_auteur-josemaria-escriva-3","11":"first","12":"outofstock","13":"taxable","14":"shipping-taxable","15":"purchasable","16":"product-type-simple"},"acf":[],"_links":{"self":[{"href":"https:\/\/didoc.be\/fr\/wp-json\/wp\/v2\/product\/4064","targetHints":{"allow":["GET"]}}],"collection":[{"href":"https:\/\/didoc.be\/fr\/wp-json\/wp\/v2\/product"}],"about":[{"href":"https:\/\/didoc.be\/fr\/wp-json\/wp\/v2\/types\/product"}],"replies":[{"embeddable":true,"href":"https:\/\/didoc.be\/fr\/wp-json\/wp\/v2\/comments?post=4064"}],"wp:featuredmedia":[{"embeddable":true,"href":"https:\/\/didoc.be\/fr\/wp-json\/wp\/v2\/media\/1524"}],"wp:attachment":[{"href":"https:\/\/didoc.be\/fr\/wp-json\/wp\/v2\/media?parent=4064"}],"wp:term":[{"taxonomy":"product_brand","embeddable":true,"href":"https:\/\/didoc.be\/fr\/wp-json\/wp\/v2\/product_brand?post=4064"},{"taxonomy":"product_cat","embeddable":true,"href":"https:\/\/didoc.be\/fr\/wp-json\/wp\/v2\/product_cat?post=4064"},{"taxonomy":"product_tag","embeddable":true,"href":"https:\/\/didoc.be\/fr\/wp-json\/wp\/v2\/product_tag?post=4064"}],"curies":[{"name":"wp","href":"https:\/\/api.w.org\/{rel}","templated":true}]}}