{"id":4060,"date":"2023-11-27T13:14:03","date_gmt":"2023-11-27T12:14:03","guid":{"rendered":"https:\/\/didoc.be\/product\/quand-la-vie-se-prolonge-j-orlandis\/"},"modified":"2024-05-23T12:19:13","modified_gmt":"2024-05-23T10:19:13","slug":"quand-la-vie-se-prolonge-j-orlandis","status":"publish","type":"product","link":"https:\/\/didoc.be\/fr\/product\/quand-la-vie-se-prolonge-j-orlandis\/","title":{"rendered":"Quand la vie se prolonge (J. Orlandis)"},"content":{"rendered":"","protected":false},"excerpt":{"rendered":"<p>Quand la vie se prolonge (Joseph Orlandis)<\/p>\n<p>Le Laurier, 2008<\/p>\n<p>64 pages<\/p>\n<p>ISBN : 978-7-86495-300-0 <\/p>\n<p>Ce livret aidera les personnes \u00e2g\u00e9es \u00e0 vivre sereinement et dans la joie les ann\u00e9es de leur vieillesse, \u00e0 tirer le plus grand profit de leur \u00e2ge, qui peut et doit \u00eatre une antichambre du ciel.<\/p>\n","protected":false},"featured_media":1512,"comment_status":"open","ping_status":"closed","template":"","meta":{"inline_featured_image":false},"product_brand":[],"product_cat":[50,51],"product_tag":[],"class_list":{"0":"post-4060","1":"product","2":"type-product","3":"status-publish","4":"has-post-thumbnail","6":"product_cat-francais","7":"product_cat-livrets","9":"first","10":"instock","11":"taxable","12":"shipping-taxable","13":"purchasable","14":"product-type-simple"},"acf":[],"_links":{"self":[{"href":"https:\/\/didoc.be\/fr\/wp-json\/wp\/v2\/product\/4060","targetHints":{"allow":["GET"]}}],"collection":[{"href":"https:\/\/didoc.be\/fr\/wp-json\/wp\/v2\/product"}],"about":[{"href":"https:\/\/didoc.be\/fr\/wp-json\/wp\/v2\/types\/product"}],"replies":[{"embeddable":true,"href":"https:\/\/didoc.be\/fr\/wp-json\/wp\/v2\/comments?post=4060"}],"wp:featuredmedia":[{"embeddable":true,"href":"https:\/\/didoc.be\/fr\/wp-json\/wp\/v2\/media\/1512"}],"wp:attachment":[{"href":"https:\/\/didoc.be\/fr\/wp-json\/wp\/v2\/media?parent=4060"}],"wp:term":[{"taxonomy":"product_brand","embeddable":true,"href":"https:\/\/didoc.be\/fr\/wp-json\/wp\/v2\/product_brand?post=4060"},{"taxonomy":"product_cat","embeddable":true,"href":"https:\/\/didoc.be\/fr\/wp-json\/wp\/v2\/product_cat?post=4060"},{"taxonomy":"product_tag","embeddable":true,"href":"https:\/\/didoc.be\/fr\/wp-json\/wp\/v2\/product_tag?post=4060"}],"curies":[{"name":"wp","href":"https:\/\/api.w.org\/{rel}","templated":true}]}}