{"id":4051,"date":"2023-11-27T13:14:00","date_gmt":"2023-11-27T12:14:00","guid":{"rendered":"https:\/\/didoc.be\/product\/parler-avec-dieu-tome-vi-f-carvajal\/"},"modified":"2024-05-23T12:19:14","modified_gmt":"2024-05-23T10:19:14","slug":"parler-avec-dieu-tome-vi-f-carvajal","status":"publish","type":"product","link":"https:\/\/didoc.be\/fr\/product\/parler-avec-dieu-tome-vi-f-carvajal\/","title":{"rendered":"Parler avec Dieu, tome VI (F. Carvajal)"},"content":{"rendered":"","protected":false},"excerpt":{"rendered":"<p>Parler avec Dieu, tome VI (Fran\u00e7ois Carvajal)<\/p>\n<p>Le Laurier, 1995<\/p>\n<p>382 pages <\/p>\n<p>ISBN: 978-2-86495-156-8<\/p>\n<p>Une m\u00e9ditation pour chaque jour de l&rsquo;ann\u00e9e, pour faire oraison et aider \u00e0 la pri\u00e8re. Des sujets d\u00e9velopp\u00e9s \u00e0 partir des lectures liturgiques de la Messe du jour. 54 m\u00e9ditations pour le temps ordinaire (semaines 13 \u00e0 18).<\/p>\n","protected":false},"featured_media":1485,"comment_status":"open","ping_status":"closed","template":"","meta":{"inline_featured_image":false},"product_brand":[],"product_cat":[50,49,54],"product_tag":[],"class_list":{"0":"post-4051","1":"product","2":"type-product","3":"status-publish","4":"has-post-thumbnail","6":"product_cat-francais","7":"product_cat-livres","8":"product_cat-parler-avec-dieu","10":"first","11":"instock","12":"taxable","13":"shipping-taxable","14":"purchasable","15":"product-type-simple"},"acf":[],"_links":{"self":[{"href":"https:\/\/didoc.be\/fr\/wp-json\/wp\/v2\/product\/4051","targetHints":{"allow":["GET"]}}],"collection":[{"href":"https:\/\/didoc.be\/fr\/wp-json\/wp\/v2\/product"}],"about":[{"href":"https:\/\/didoc.be\/fr\/wp-json\/wp\/v2\/types\/product"}],"replies":[{"embeddable":true,"href":"https:\/\/didoc.be\/fr\/wp-json\/wp\/v2\/comments?post=4051"}],"wp:featuredmedia":[{"embeddable":true,"href":"https:\/\/didoc.be\/fr\/wp-json\/wp\/v2\/media\/1485"}],"wp:attachment":[{"href":"https:\/\/didoc.be\/fr\/wp-json\/wp\/v2\/media?parent=4051"}],"wp:term":[{"taxonomy":"product_brand","embeddable":true,"href":"https:\/\/didoc.be\/fr\/wp-json\/wp\/v2\/product_brand?post=4051"},{"taxonomy":"product_cat","embeddable":true,"href":"https:\/\/didoc.be\/fr\/wp-json\/wp\/v2\/product_cat?post=4051"},{"taxonomy":"product_tag","embeddable":true,"href":"https:\/\/didoc.be\/fr\/wp-json\/wp\/v2\/product_tag?post=4051"}],"curies":[{"name":"wp","href":"https:\/\/api.w.org\/{rel}","templated":true}]}}