{"id":4029,"date":"2023-11-27T13:13:51","date_gmt":"2023-11-27T12:13:51","guid":{"rendered":"https:\/\/didoc.be\/product\/les-dix-commandements-et-les-vertus-a-fernandez\/"},"modified":"2024-05-23T12:19:15","modified_gmt":"2024-05-23T10:19:15","slug":"les-dix-commandements-et-les-vertus-a-fernandez","status":"publish","type":"product","link":"https:\/\/didoc.be\/fr\/product\/les-dix-commandements-et-les-vertus-a-fernandez\/","title":{"rendered":"Les dix commandements et les vertus (A. Fernandez)"},"content":{"rendered":"","protected":false},"excerpt":{"rendered":"<p>Les dix commandements et les vertus (Aurelio Fernandez)<\/p>\n<p>Le Laurier, mai 2010<\/p>\n<p>298 pages<\/p>\n<p>ISBN : 978-2-86495-316-6<\/p>\n<p>Cet ouvrage compl\u00e8te l\u2019\u00e9tude de la Th\u00e9ologie Morale Catholique. Le premier volume, Morale Fondamentale, publi\u00e9 dans cette collection, \u00e9tudie les fondements de l\u2019agir \u00e9thique et dans celui-ci on fait l\u2019expos\u00e9 des diff\u00e9rents milieux concrets o\u00f9 se d\u00e9roule la vie morale des catholiques. Il s\u2019agit de la partie de la Morale appel\u00e9e Th\u00e9ologie Morale Sp\u00e9ciale.<br \/>\nTout comme dans le premier recueil, l\u2019expos\u00e9 doctrinal t\u00e2che ici aussi de mettre la doctrine morale \u00e0 la port\u00e9e d\u2019un lecteur ayant une culture moyenne. On \u00e9vite donc les aspects techniques propres \u00e0 la science th\u00e9ologique, tout en faisant un expos\u00e9 rigoureux et qui refl\u00e8te fid\u00e8lement la doctrine chr\u00e9tienne.<\/p>\n<p>Aurelio Fernandez est pr\u00eatre du dioc\u00e8se d\u2019Oviedo (Espagne). Docteur en philosophie (Universit\u00e9 de Salamanque) et Docteur en Th\u00e9ologie (Universit\u00e9 de Fribourg, Allemagne). Professeur \u00e0 la facult\u00e9 de Th\u00e9ologie de Burgos et professeur invit\u00e9 \u00e0 l\u2019Universit\u00e9 de Mayence (Allemagne).<\/p>\n","protected":false},"featured_media":1419,"comment_status":"open","ping_status":"closed","template":"","meta":{"inline_featured_image":false},"product_brand":[],"product_cat":[50,49],"product_tag":[],"class_list":{"0":"post-4029","1":"product","2":"type-product","3":"status-publish","4":"has-post-thumbnail","6":"product_cat-francais","7":"product_cat-livres","9":"first","10":"instock","11":"taxable","12":"shipping-taxable","13":"purchasable","14":"product-type-simple"},"acf":[],"_links":{"self":[{"href":"https:\/\/didoc.be\/fr\/wp-json\/wp\/v2\/product\/4029","targetHints":{"allow":["GET"]}}],"collection":[{"href":"https:\/\/didoc.be\/fr\/wp-json\/wp\/v2\/product"}],"about":[{"href":"https:\/\/didoc.be\/fr\/wp-json\/wp\/v2\/types\/product"}],"replies":[{"embeddable":true,"href":"https:\/\/didoc.be\/fr\/wp-json\/wp\/v2\/comments?post=4029"}],"wp:featuredmedia":[{"embeddable":true,"href":"https:\/\/didoc.be\/fr\/wp-json\/wp\/v2\/media\/1419"}],"wp:attachment":[{"href":"https:\/\/didoc.be\/fr\/wp-json\/wp\/v2\/media?parent=4029"}],"wp:term":[{"taxonomy":"product_brand","embeddable":true,"href":"https:\/\/didoc.be\/fr\/wp-json\/wp\/v2\/product_brand?post=4029"},{"taxonomy":"product_cat","embeddable":true,"href":"https:\/\/didoc.be\/fr\/wp-json\/wp\/v2\/product_cat?post=4029"},{"taxonomy":"product_tag","embeddable":true,"href":"https:\/\/didoc.be\/fr\/wp-json\/wp\/v2\/product_tag?post=4029"}],"curies":[{"name":"wp","href":"https:\/\/api.w.org\/{rel}","templated":true}]}}