{"id":4020,"date":"2023-11-27T13:13:46","date_gmt":"2023-11-27T12:13:46","guid":{"rendered":"https:\/\/didoc.be\/product\/le-grand-pouvoir-de-la-priere-st-a-de-liguori\/"},"modified":"2024-05-23T12:19:15","modified_gmt":"2024-05-23T10:19:15","slug":"le-grand-pouvoir-de-la-priere-st-a-de-liguori","status":"publish","type":"product","link":"https:\/\/didoc.be\/fr\/product\/le-grand-pouvoir-de-la-priere-st-a-de-liguori\/","title":{"rendered":"Le grand pouvoir de la pri\u00e8re (St. A. de Liguori)"},"content":{"rendered":"","protected":false},"excerpt":{"rendered":"<p>Le grand pouvoir de la pri\u00e8re (Saint Alphonse de Liguori)<\/p>\n<p>Le Laurier, 2007 (4\u00e8me \u00e9dition)<\/p>\n<p>96 pages<\/p>\n<p>ISBN : 978-2-86495-293-0<\/p>\n<p>Pour que chacun comprenne pourquoi la pri\u00e8re est le moyen indispensable et s\u00fbr d&rsquo;obtenir le salut \u00e9ternel et les gr\u00e2ces n\u00e9cessaires.<\/p>\n","protected":false},"featured_media":1392,"comment_status":"open","ping_status":"closed","template":"","meta":{"inline_featured_image":false},"product_brand":[],"product_cat":[50,51],"product_tag":[],"class_list":{"0":"post-4020","1":"product","2":"type-product","3":"status-publish","4":"has-post-thumbnail","6":"product_cat-francais","7":"product_cat-livrets","9":"first","10":"instock","11":"taxable","12":"shipping-taxable","13":"purchasable","14":"product-type-simple"},"acf":[],"_links":{"self":[{"href":"https:\/\/didoc.be\/fr\/wp-json\/wp\/v2\/product\/4020","targetHints":{"allow":["GET"]}}],"collection":[{"href":"https:\/\/didoc.be\/fr\/wp-json\/wp\/v2\/product"}],"about":[{"href":"https:\/\/didoc.be\/fr\/wp-json\/wp\/v2\/types\/product"}],"replies":[{"embeddable":true,"href":"https:\/\/didoc.be\/fr\/wp-json\/wp\/v2\/comments?post=4020"}],"wp:featuredmedia":[{"embeddable":true,"href":"https:\/\/didoc.be\/fr\/wp-json\/wp\/v2\/media\/1392"}],"wp:attachment":[{"href":"https:\/\/didoc.be\/fr\/wp-json\/wp\/v2\/media?parent=4020"}],"wp:term":[{"taxonomy":"product_brand","embeddable":true,"href":"https:\/\/didoc.be\/fr\/wp-json\/wp\/v2\/product_brand?post=4020"},{"taxonomy":"product_cat","embeddable":true,"href":"https:\/\/didoc.be\/fr\/wp-json\/wp\/v2\/product_cat?post=4020"},{"taxonomy":"product_tag","embeddable":true,"href":"https:\/\/didoc.be\/fr\/wp-json\/wp\/v2\/product_tag?post=4020"}],"curies":[{"name":"wp","href":"https:\/\/api.w.org\/{rel}","templated":true}]}}