{"id":4017,"date":"2023-11-27T13:13:45","date_gmt":"2023-11-27T12:13:45","guid":{"rendered":"https:\/\/didoc.be\/product\/le-fondateur-de-lopus-dei-tome-i-a-v-de-prada\/"},"modified":"2024-05-23T12:19:15","modified_gmt":"2024-05-23T10:19:15","slug":"le-fondateur-de-lopus-dei-tome-i-a-v-de-prada","status":"publish","type":"product","link":"https:\/\/didoc.be\/fr\/product\/le-fondateur-de-lopus-dei-tome-i-a-v-de-prada\/","title":{"rendered":"Le Fondateur de l&rsquo;Opus Dei, tome I (A. V. de Prada)"},"content":{"rendered":"","protected":false},"excerpt":{"rendered":"<p>Le Fondateur de l&rsquo;Opus Dei, tome I (Andr\u00e9s V\u00e1zquez de Prada)<\/p>\n<p>Wilson &#038; Lafleur, 2001<\/p>\n<p>648 pages<\/p>\n<p>ISBN :  978-2-86495-231-2<\/p>\n<p>Jos\u00e9maria Escriva, n\u00e9 \u00e0 Barbastro (Espagne) en 1902, mort \u00e0 Rome en 1975, a \u00e9t\u00e9 canonis\u00e9 par Jean-Paul II en 2002. En fondant l\u2019Opus Dei, en 1928, il fit entendre \u00e0 d\u2019innombrables personnes l\u2019appel \u00e0 sanctifier leur vie de travail, de famille, de relation<\/p>\n","protected":false},"featured_media":1383,"comment_status":"open","ping_status":"closed","template":"","meta":{"inline_featured_image":false},"product_brand":[],"product_cat":[50,49],"product_tag":[],"class_list":{"0":"post-4017","1":"product","2":"type-product","3":"status-publish","4":"has-post-thumbnail","6":"product_cat-francais","7":"product_cat-livres","9":"first","10":"instock","11":"taxable","12":"shipping-taxable","13":"purchasable","14":"product-type-simple"},"acf":[],"_links":{"self":[{"href":"https:\/\/didoc.be\/fr\/wp-json\/wp\/v2\/product\/4017","targetHints":{"allow":["GET"]}}],"collection":[{"href":"https:\/\/didoc.be\/fr\/wp-json\/wp\/v2\/product"}],"about":[{"href":"https:\/\/didoc.be\/fr\/wp-json\/wp\/v2\/types\/product"}],"replies":[{"embeddable":true,"href":"https:\/\/didoc.be\/fr\/wp-json\/wp\/v2\/comments?post=4017"}],"wp:featuredmedia":[{"embeddable":true,"href":"https:\/\/didoc.be\/fr\/wp-json\/wp\/v2\/media\/1383"}],"wp:attachment":[{"href":"https:\/\/didoc.be\/fr\/wp-json\/wp\/v2\/media?parent=4017"}],"wp:term":[{"taxonomy":"product_brand","embeddable":true,"href":"https:\/\/didoc.be\/fr\/wp-json\/wp\/v2\/product_brand?post=4017"},{"taxonomy":"product_cat","embeddable":true,"href":"https:\/\/didoc.be\/fr\/wp-json\/wp\/v2\/product_cat?post=4017"},{"taxonomy":"product_tag","embeddable":true,"href":"https:\/\/didoc.be\/fr\/wp-json\/wp\/v2\/product_tag?post=4017"}],"curies":[{"name":"wp","href":"https:\/\/api.w.org\/{rel}","templated":true}]}}